{"id":29405,"date":"2026-02-23T13:39:37","date_gmt":"2026-02-23T12:39:37","guid":{"rendered":"https:\/\/roomiodz.com\/?post_type=product&#038;p=29405"},"modified":"2026-02-23T13:47:22","modified_gmt":"2026-02-23T12:47:22","slug":"armoire-2-portes-scandinave-blanc-2","status":"publish","type":"product","link":"https:\/\/roomiodz.com\/index.php\/produit\/armoire-2-portes-scandinave-blanc-2\/","title":{"rendered":"Armoire 2 Portes Scandinave Blanc"},"content":{"rendered":"<blockquote>\n<ul data-start=\"166\" data-end=\"569\">\n<li data-start=\"248\" data-end=\"282\">\n<p data-start=\"250\" data-end=\"282\"><strong data-start=\"250\" data-end=\"259\">Style<\/strong> : Scandinave moderne<\/p>\n<\/li>\n<li data-start=\"283\" data-end=\"314\">\n<p data-start=\"285\" data-end=\"314\"><strong data-start=\"285\" data-end=\"297\">Couleurs<\/strong> : Blanc<\/p>\n<\/li>\n<li data-start=\"315\" data-end=\"362\">\n<p data-start=\"317\" data-end=\"362\"><strong data-start=\"317\" data-end=\"326\">Pieds<\/strong> : Bois de h\u00eatre, style scandinave<\/p>\n<\/li>\n<li data-start=\"363\" data-end=\"395\">\n<p data-start=\"365\" data-end=\"395\"><strong data-start=\"365\" data-end=\"377\">Poign\u00e9es<\/strong> : Bois de h\u00eatre<\/p>\n<\/li>\n<li><strong data-start=\"168\" data-end=\"182\">Dimensions<\/strong> : Hauteur <strong data-start=\"193\" data-end=\"203\">190 cm<\/strong>, Profondeur <strong>40cm<\/strong>, Largeur <strong data-start=\"235\" data-end=\"245\">80 cm<\/strong><\/li>\n<li data-start=\"396\" data-end=\"569\">\n<p data-start=\"398\" data-end=\"427\"><strong data-start=\"398\" data-end=\"423\">Am\u00e9nagement int\u00e9rieur<\/strong> :<\/p>\n<ul data-start=\"430\" data-end=\"569\">\n<li data-start=\"430\" data-end=\"489\">\n<p data-start=\"432\" data-end=\"489\"><strong data-start=\"432\" data-end=\"456\">C\u00f4t\u00e9 droit <\/strong>: 1 porte avec <strong data-start=\"473\" data-end=\"487\">4 \u00e9tag\u00e8res<\/strong><\/p>\n<\/li>\n<li data-start=\"430\" data-end=\"489\">\n<p data-start=\"432\" data-end=\"489\"><strong data-start=\"432\" data-end=\"456\">C\u00f4t\u00e9 gauche <\/strong>: 1 porte avec <strong data-start=\"473\" data-end=\"487\">4 \u00e9tag\u00e8res<\/strong><\/p>\n<\/li>\n<li data-start=\"430\" data-end=\"489\"><strong>En bas<\/strong> : <strong>deux<\/strong> tiroirs spacieux<\/li>\n<li data-start=\"492\" data-end=\"569\"><\/li>\n<\/ul>\n<\/li>\n<\/ul>\n<\/blockquote>\n","protected":false},"excerpt":{"rendered":"<p data-start=\"116\" data-end=\"165\">Armoire 2 Portes Scandinave Beige &amp; Blanc<\/p>\n<p>C\u2019est une <strong data-start=\"428\" data-end=\"459\">armoire moderne et pratique<\/strong>, id\u00e9ale pour chambre adulte ou jeune, avec un m\u00e9lange <strong data-start=\"514\" data-end=\"550\">\u00e9l\u00e9gant de bois clair et de blanc<\/strong>\u00a0qui apporte une touche sp\u00e9cial et chaleureuse.<\/p>\n","protected":false},"featured_media":29406,"template":"","meta":[],"product_brand":[],"product_cat":[72],"product_tag":[],"class_list":{"0":"post-29405","1":"product","2":"type-product","3":"status-publish","4":"has-post-thumbnail","6":"product_cat-armoire","8":"first","9":"instock","10":"shipping-taxable","11":"purchasable","12":"product-type-simple"},"yoast_head":"<!-- This site is optimized with the Yoast SEO plugin v27.2 - https:\/\/yoast.com\/product\/yoast-seo-wordpress\/ -->\n<title>Armoire 2 Portes Scandinave Blanc &#8211; roomio<\/title>\n<meta name=\"robots\" content=\"index, follow, max-snippet:-1, max-image-preview:large, max-video-preview:-1\" \/>\n<link rel=\"canonical\" href=\"https:\/\/roomiodz.com\/index.php\/produit\/armoire-2-portes-scandinave-blanc-2\/\" \/>\n<meta property=\"og:locale\" content=\"fr_FR\" \/>\n<meta property=\"og:type\" content=\"article\" \/>\n<meta property=\"og:title\" content=\"Armoire 2 Portes Scandinave Blanc &#8211; roomio\" \/>\n<meta property=\"og:description\" content=\"Armoire 2 Portes Scandinave Beige &amp; Blanc C\u2019est une armoire moderne et pratique, id\u00e9ale pour chambre adulte ou jeune, avec un m\u00e9lange \u00e9l\u00e9gant de bois clair et de blanc\u00a0qui apporte une touche sp\u00e9cial et chaleureuse.\" \/>\n<meta property=\"og:url\" content=\"https:\/\/roomiodz.com\/index.php\/produit\/armoire-2-portes-scandinave-blanc-2\/\" \/>\n<meta property=\"og:site_name\" content=\"roomio\" \/>\n<meta property=\"article:publisher\" content=\"https:\/\/web.facebook.com\/profile.php?id=61579361657009\" \/>\n<meta property=\"article:modified_time\" content=\"2026-02-23T12:47:22+00:00\" \/>\n<meta property=\"og:image\" content=\"https:\/\/roomiodz.com\/wp-content\/uploads\/2026\/02\/IMG_8692.png\" \/>\n\t<meta property=\"og:image:width\" content=\"864\" \/>\n\t<meta property=\"og:image:height\" content=\"1184\" \/>\n\t<meta property=\"og:image:type\" content=\"image\/png\" \/>\n<meta name=\"twitter:card\" content=\"summary_large_image\" \/>\n<meta name=\"twitter:label1\" content=\"Dur\u00e9e de lecture estim\u00e9e\" \/>\n\t<meta name=\"twitter:data1\" content=\"1 minute\" \/>\n<script type=\"application\/ld+json\" class=\"yoast-schema-graph\">{\"@context\":\"https:\/\/schema.org\",\"@graph\":[{\"@type\":\"WebPage\",\"@id\":\"https:\/\/roomiodz.com\/index.php\/produit\/armoire-2-portes-scandinave-blanc-2\/\",\"url\":\"https:\/\/roomiodz.com\/index.php\/produit\/armoire-2-portes-scandinave-blanc-2\/\",\"name\":\"Armoire 2 Portes Scandinave Blanc &#8211; roomio\",\"isPartOf\":{\"@id\":\"https:\/\/roomiodz.com\/#website\"},\"primaryImageOfPage\":{\"@id\":\"https:\/\/roomiodz.com\/index.php\/produit\/armoire-2-portes-scandinave-blanc-2\/#primaryimage\"},\"image\":{\"@id\":\"https:\/\/roomiodz.com\/index.php\/produit\/armoire-2-portes-scandinave-blanc-2\/#primaryimage\"},\"thumbnailUrl\":\"https:\/\/roomiodz.com\/wp-content\/uploads\/2026\/02\/IMG_8692.png\",\"datePublished\":\"2026-02-23T12:39:37+00:00\",\"dateModified\":\"2026-02-23T12:47:22+00:00\",\"breadcrumb\":{\"@id\":\"https:\/\/roomiodz.com\/index.php\/produit\/armoire-2-portes-scandinave-blanc-2\/#breadcrumb\"},\"inLanguage\":\"fr-FR\",\"potentialAction\":[{\"@type\":\"ReadAction\",\"target\":[\"https:\/\/roomiodz.com\/index.php\/produit\/armoire-2-portes-scandinave-blanc-2\/\"]}]},{\"@type\":\"ImageObject\",\"inLanguage\":\"fr-FR\",\"@id\":\"https:\/\/roomiodz.com\/index.php\/produit\/armoire-2-portes-scandinave-blanc-2\/#primaryimage\",\"url\":\"https:\/\/roomiodz.com\/wp-content\/uploads\/2026\/02\/IMG_8692.png\",\"contentUrl\":\"https:\/\/roomiodz.com\/wp-content\/uploads\/2026\/02\/IMG_8692.png\",\"width\":864,\"height\":1184},{\"@type\":\"BreadcrumbList\",\"@id\":\"https:\/\/roomiodz.com\/index.php\/produit\/armoire-2-portes-scandinave-blanc-2\/#breadcrumb\",\"itemListElement\":[{\"@type\":\"ListItem\",\"position\":1,\"name\":\"Accueil\",\"item\":\"https:\/\/roomiodz.com\/\"},{\"@type\":\"ListItem\",\"position\":2,\"name\":\"Shop\",\"item\":\"https:\/\/roomiodz.com\/index.php\/shop\/\"},{\"@type\":\"ListItem\",\"position\":3,\"name\":\"Armoire 2 Portes Scandinave Blanc\"}]},{\"@type\":\"WebSite\",\"@id\":\"https:\/\/roomiodz.com\/#website\",\"url\":\"https:\/\/roomiodz.com\/\",\"name\":\"Roomio\",\"description\":\"Boutique de produits meuble\",\"publisher\":{\"@id\":\"https:\/\/roomiodz.com\/#organization\"},\"potentialAction\":[{\"@type\":\"SearchAction\",\"target\":{\"@type\":\"EntryPoint\",\"urlTemplate\":\"https:\/\/roomiodz.com\/?s={search_term_string}\"},\"query-input\":{\"@type\":\"PropertyValueSpecification\",\"valueRequired\":true,\"valueName\":\"search_term_string\"}}],\"inLanguage\":\"fr-FR\"},{\"@type\":\"Organization\",\"@id\":\"https:\/\/roomiodz.com\/#organization\",\"name\":\"Roomio\",\"url\":\"https:\/\/roomiodz.com\/\",\"logo\":{\"@type\":\"ImageObject\",\"inLanguage\":\"fr-FR\",\"@id\":\"https:\/\/roomiodz.com\/#\/schema\/logo\/image\/\",\"url\":\"https:\/\/roomiodz.com\/wp-content\/uploads\/2025\/08\/cropped-81bc493f-1539-40d3-ab47-a7b9d2257ff0-2.png\",\"contentUrl\":\"https:\/\/roomiodz.com\/wp-content\/uploads\/2025\/08\/cropped-81bc493f-1539-40d3-ab47-a7b9d2257ff0-2.png\",\"width\":512,\"height\":512,\"caption\":\"Roomio\"},\"image\":{\"@id\":\"https:\/\/roomiodz.com\/#\/schema\/logo\/image\/\"},\"sameAs\":[\"https:\/\/web.facebook.com\/profile.php?id=61579361657009\"]}]}<\/script>\n<!-- \/ Yoast SEO plugin. -->","yoast_head_json":{"title":"Armoire 2 Portes Scandinave Blanc &#8211; roomio","robots":{"index":"index","follow":"follow","max-snippet":"max-snippet:-1","max-image-preview":"max-image-preview:large","max-video-preview":"max-video-preview:-1"},"canonical":"https:\/\/roomiodz.com\/index.php\/produit\/armoire-2-portes-scandinave-blanc-2\/","og_locale":"fr_FR","og_type":"article","og_title":"Armoire 2 Portes Scandinave Blanc &#8211; roomio","og_description":"Armoire 2 Portes Scandinave Beige &amp; Blanc C\u2019est une armoire moderne et pratique, id\u00e9ale pour chambre adulte ou jeune, avec un m\u00e9lange \u00e9l\u00e9gant de bois clair et de blanc\u00a0qui apporte une touche sp\u00e9cial et chaleureuse.","og_url":"https:\/\/roomiodz.com\/index.php\/produit\/armoire-2-portes-scandinave-blanc-2\/","og_site_name":"roomio","article_publisher":"https:\/\/web.facebook.com\/profile.php?id=61579361657009","article_modified_time":"2026-02-23T12:47:22+00:00","og_image":[{"width":864,"height":1184,"url":"https:\/\/roomiodz.com\/wp-content\/uploads\/2026\/02\/IMG_8692.png","type":"image\/png"}],"twitter_card":"summary_large_image","twitter_misc":{"Dur\u00e9e de lecture estim\u00e9e":"1 minute"},"schema":{"@context":"https:\/\/schema.org","@graph":[{"@type":"WebPage","@id":"https:\/\/roomiodz.com\/index.php\/produit\/armoire-2-portes-scandinave-blanc-2\/","url":"https:\/\/roomiodz.com\/index.php\/produit\/armoire-2-portes-scandinave-blanc-2\/","name":"Armoire 2 Portes Scandinave Blanc &#8211; roomio","isPartOf":{"@id":"https:\/\/roomiodz.com\/#website"},"primaryImageOfPage":{"@id":"https:\/\/roomiodz.com\/index.php\/produit\/armoire-2-portes-scandinave-blanc-2\/#primaryimage"},"image":{"@id":"https:\/\/roomiodz.com\/index.php\/produit\/armoire-2-portes-scandinave-blanc-2\/#primaryimage"},"thumbnailUrl":"https:\/\/roomiodz.com\/wp-content\/uploads\/2026\/02\/IMG_8692.png","datePublished":"2026-02-23T12:39:37+00:00","dateModified":"2026-02-23T12:47:22+00:00","breadcrumb":{"@id":"https:\/\/roomiodz.com\/index.php\/produit\/armoire-2-portes-scandinave-blanc-2\/#breadcrumb"},"inLanguage":"fr-FR","potentialAction":[{"@type":"ReadAction","target":["https:\/\/roomiodz.com\/index.php\/produit\/armoire-2-portes-scandinave-blanc-2\/"]}]},{"@type":"ImageObject","inLanguage":"fr-FR","@id":"https:\/\/roomiodz.com\/index.php\/produit\/armoire-2-portes-scandinave-blanc-2\/#primaryimage","url":"https:\/\/roomiodz.com\/wp-content\/uploads\/2026\/02\/IMG_8692.png","contentUrl":"https:\/\/roomiodz.com\/wp-content\/uploads\/2026\/02\/IMG_8692.png","width":864,"height":1184},{"@type":"BreadcrumbList","@id":"https:\/\/roomiodz.com\/index.php\/produit\/armoire-2-portes-scandinave-blanc-2\/#breadcrumb","itemListElement":[{"@type":"ListItem","position":1,"name":"Accueil","item":"https:\/\/roomiodz.com\/"},{"@type":"ListItem","position":2,"name":"Shop","item":"https:\/\/roomiodz.com\/index.php\/shop\/"},{"@type":"ListItem","position":3,"name":"Armoire 2 Portes Scandinave Blanc"}]},{"@type":"WebSite","@id":"https:\/\/roomiodz.com\/#website","url":"https:\/\/roomiodz.com\/","name":"Roomio","description":"Boutique de produits meuble","publisher":{"@id":"https:\/\/roomiodz.com\/#organization"},"potentialAction":[{"@type":"SearchAction","target":{"@type":"EntryPoint","urlTemplate":"https:\/\/roomiodz.com\/?s={search_term_string}"},"query-input":{"@type":"PropertyValueSpecification","valueRequired":true,"valueName":"search_term_string"}}],"inLanguage":"fr-FR"},{"@type":"Organization","@id":"https:\/\/roomiodz.com\/#organization","name":"Roomio","url":"https:\/\/roomiodz.com\/","logo":{"@type":"ImageObject","inLanguage":"fr-FR","@id":"https:\/\/roomiodz.com\/#\/schema\/logo\/image\/","url":"https:\/\/roomiodz.com\/wp-content\/uploads\/2025\/08\/cropped-81bc493f-1539-40d3-ab47-a7b9d2257ff0-2.png","contentUrl":"https:\/\/roomiodz.com\/wp-content\/uploads\/2025\/08\/cropped-81bc493f-1539-40d3-ab47-a7b9d2257ff0-2.png","width":512,"height":512,"caption":"Roomio"},"image":{"@id":"https:\/\/roomiodz.com\/#\/schema\/logo\/image\/"},"sameAs":["https:\/\/web.facebook.com\/profile.php?id=61579361657009"]}]}},"_links":{"self":[{"href":"https:\/\/roomiodz.com\/index.php\/wp-json\/wp\/v2\/product\/29405","targetHints":{"allow":["GET"]}}],"collection":[{"href":"https:\/\/roomiodz.com\/index.php\/wp-json\/wp\/v2\/product"}],"about":[{"href":"https:\/\/roomiodz.com\/index.php\/wp-json\/wp\/v2\/types\/product"}],"version-history":[{"count":1,"href":"https:\/\/roomiodz.com\/index.php\/wp-json\/wp\/v2\/product\/29405\/revisions"}],"predecessor-version":[{"id":29407,"href":"https:\/\/roomiodz.com\/index.php\/wp-json\/wp\/v2\/product\/29405\/revisions\/29407"}],"wp:featuredmedia":[{"embeddable":true,"href":"https:\/\/roomiodz.com\/index.php\/wp-json\/wp\/v2\/media\/29406"}],"wp:attachment":[{"href":"https:\/\/roomiodz.com\/index.php\/wp-json\/wp\/v2\/media?parent=29405"}],"wp:term":[{"taxonomy":"product_brand","embeddable":true,"href":"https:\/\/roomiodz.com\/index.php\/wp-json\/wp\/v2\/product_brand?post=29405"},{"taxonomy":"product_cat","embeddable":true,"href":"https:\/\/roomiodz.com\/index.php\/wp-json\/wp\/v2\/product_cat?post=29405"},{"taxonomy":"product_tag","embeddable":true,"href":"https:\/\/roomiodz.com\/index.php\/wp-json\/wp\/v2\/product_tag?post=29405"}],"curies":[{"name":"wp","href":"https:\/\/api.w.org\/{rel}","templated":true}]}}