{"id":29374,"date":"2026-02-22T21:30:15","date_gmt":"2026-02-22T20:30:15","guid":{"rendered":"https:\/\/roomiodz.com\/?post_type=product&#038;p=29374"},"modified":"2026-02-22T21:32:35","modified_gmt":"2026-02-22T20:32:35","slug":"buffet-moderne-120cm-beige","status":"publish","type":"product","link":"https:\/\/roomiodz.com\/index.php\/produit\/buffet-moderne-120cm-beige\/","title":{"rendered":"Buffet Moderne 120CM Beige"},"content":{"rendered":"<ul>\n<li data-start=\"374\" data-end=\"485\">\n<h3 data-start=\"373\" data-end=\"397\">Caract\u00e9ristiques :<\/h3>\n<ul data-start=\"398\" data-end=\"906\">\n<li data-start=\"470\" data-end=\"560\">\n<p data-start=\"472\" data-end=\"560\"><strong data-start=\"472\" data-end=\"489\">Compartiments<\/strong> : 2 portes lat\u00e9rales, 3 tiroirs centraux, 2 portes ouvrantes en haut<\/p>\n<\/li>\n<li data-start=\"561\" data-end=\"679\">\n<p data-start=\"563\" data-end=\"679\"><strong data-start=\"563\" data-end=\"582\">Espace pratique<\/strong> : un compartiment ouvert entre la partie haute et basse pour rangement d\u00e9coratif ou utilitaire<\/p>\n<\/li>\n<li data-start=\"680\" data-end=\"765\">\n<p data-start=\"682\" data-end=\"765\"><strong data-start=\"682\" data-end=\"706\">Finitions naturelles<\/strong> : poign\u00e9es en <strong data-start=\"721\" data-end=\"738\">bois de h\u00eatre<\/strong> pour une touche \u00e9l\u00e9gante<\/p>\n<\/li>\n<li data-start=\"766\" data-end=\"906\">\n<p data-start=\"768\" data-end=\"906\"><strong data-start=\"768\" data-end=\"791\">Confort d\u2019entretien<\/strong> : pieds en plastique sur\u00e9lev\u00e9s, permettant un nettoyage facile \u00e0 l\u2019eau et une bonne protection contre l\u2019humidit\u00e9<\/p>\n<\/li>\n<li><strong data-start=\"400\" data-end=\"414\">Dimensions<\/strong> : Largeur 120 cm \u00d7 Hauteur 190 cm \u00d7 Profondeur 36 cm<\/li>\n<\/ul>\n<\/li>\n<\/ul>\n","protected":false},"excerpt":{"rendered":"<h3 data-start=\"82\" data-end=\"116\">Buffet Moderne Beige &amp; Blanc<\/h3>\n<p data-start=\"117\" data-end=\"372\">Apportez une touche d\u2019\u00e9l\u00e9gance et de praticit\u00e9 \u00e0 votre int\u00e9rieur avec ce <strong data-start=\"190\" data-end=\"208\">buffet moderne<\/strong> aux lignes \u00e9pur\u00e9es.<br data-start=\"228\" data-end=\"231\" \/>Con\u00e7u en<strong data-start=\"240\" data-end=\"285\">\u00a0beige <\/strong>il s\u2019int\u00e8gre parfaitement dans un salon, une salle \u00e0 manger ou une cuisine moderne.<\/p>\n","protected":false},"featured_media":29375,"template":"","meta":[],"product_brand":[],"product_cat":[20],"product_tag":[],"class_list":{"0":"post-29374","1":"product","2":"type-product","3":"status-publish","4":"has-post-thumbnail","6":"product_cat-buffet","8":"first","9":"instock","10":"shipping-taxable","11":"purchasable","12":"product-type-simple"},"yoast_head":"<!-- This site is optimized with the Yoast SEO plugin v27.2 - https:\/\/yoast.com\/product\/yoast-seo-wordpress\/ -->\n<title>Buffet Moderne 120CM Beige &#8211; roomio<\/title>\n<meta name=\"robots\" content=\"index, follow, max-snippet:-1, max-image-preview:large, max-video-preview:-1\" \/>\n<link rel=\"canonical\" href=\"https:\/\/roomiodz.com\/index.php\/produit\/buffet-moderne-120cm-beige\/\" \/>\n<meta property=\"og:locale\" content=\"fr_FR\" \/>\n<meta property=\"og:type\" content=\"article\" \/>\n<meta property=\"og:title\" content=\"Buffet Moderne 120CM Beige &#8211; roomio\" \/>\n<meta property=\"og:description\" content=\"Buffet Moderne Beige &amp; Blanc Apportez une touche d\u2019\u00e9l\u00e9gance et de praticit\u00e9 \u00e0 votre int\u00e9rieur avec ce buffet moderne aux lignes \u00e9pur\u00e9es.Con\u00e7u en\u00a0beige il s\u2019int\u00e8gre parfaitement dans un salon, une salle \u00e0 manger ou une cuisine moderne.\" \/>\n<meta property=\"og:url\" content=\"https:\/\/roomiodz.com\/index.php\/produit\/buffet-moderne-120cm-beige\/\" \/>\n<meta property=\"og:site_name\" content=\"roomio\" \/>\n<meta property=\"article:publisher\" content=\"https:\/\/web.facebook.com\/profile.php?id=61579361657009\" \/>\n<meta property=\"article:modified_time\" content=\"2026-02-22T20:32:35+00:00\" \/>\n<meta property=\"og:image\" content=\"https:\/\/roomiodz.com\/wp-content\/uploads\/2026\/02\/IMG_8674.png\" \/>\n\t<meta property=\"og:image:width\" content=\"864\" \/>\n\t<meta property=\"og:image:height\" content=\"1184\" \/>\n\t<meta property=\"og:image:type\" content=\"image\/png\" \/>\n<meta name=\"twitter:card\" content=\"summary_large_image\" \/>\n<meta name=\"twitter:label1\" content=\"Dur\u00e9e de lecture estim\u00e9e\" \/>\n\t<meta name=\"twitter:data1\" content=\"1 minute\" \/>\n<script type=\"application\/ld+json\" class=\"yoast-schema-graph\">{\"@context\":\"https:\/\/schema.org\",\"@graph\":[{\"@type\":\"WebPage\",\"@id\":\"https:\/\/roomiodz.com\/index.php\/produit\/buffet-moderne-120cm-beige\/\",\"url\":\"https:\/\/roomiodz.com\/index.php\/produit\/buffet-moderne-120cm-beige\/\",\"name\":\"Buffet Moderne 120CM Beige &#8211; roomio\",\"isPartOf\":{\"@id\":\"https:\/\/roomiodz.com\/#website\"},\"primaryImageOfPage\":{\"@id\":\"https:\/\/roomiodz.com\/index.php\/produit\/buffet-moderne-120cm-beige\/#primaryimage\"},\"image\":{\"@id\":\"https:\/\/roomiodz.com\/index.php\/produit\/buffet-moderne-120cm-beige\/#primaryimage\"},\"thumbnailUrl\":\"https:\/\/roomiodz.com\/wp-content\/uploads\/2026\/02\/IMG_8674.png\",\"datePublished\":\"2026-02-22T20:30:15+00:00\",\"dateModified\":\"2026-02-22T20:32:35+00:00\",\"breadcrumb\":{\"@id\":\"https:\/\/roomiodz.com\/index.php\/produit\/buffet-moderne-120cm-beige\/#breadcrumb\"},\"inLanguage\":\"fr-FR\",\"potentialAction\":[{\"@type\":\"ReadAction\",\"target\":[\"https:\/\/roomiodz.com\/index.php\/produit\/buffet-moderne-120cm-beige\/\"]}]},{\"@type\":\"ImageObject\",\"inLanguage\":\"fr-FR\",\"@id\":\"https:\/\/roomiodz.com\/index.php\/produit\/buffet-moderne-120cm-beige\/#primaryimage\",\"url\":\"https:\/\/roomiodz.com\/wp-content\/uploads\/2026\/02\/IMG_8674.png\",\"contentUrl\":\"https:\/\/roomiodz.com\/wp-content\/uploads\/2026\/02\/IMG_8674.png\",\"width\":864,\"height\":1184},{\"@type\":\"BreadcrumbList\",\"@id\":\"https:\/\/roomiodz.com\/index.php\/produit\/buffet-moderne-120cm-beige\/#breadcrumb\",\"itemListElement\":[{\"@type\":\"ListItem\",\"position\":1,\"name\":\"Accueil\",\"item\":\"https:\/\/roomiodz.com\/\"},{\"@type\":\"ListItem\",\"position\":2,\"name\":\"Shop\",\"item\":\"https:\/\/roomiodz.com\/index.php\/shop\/\"},{\"@type\":\"ListItem\",\"position\":3,\"name\":\"Buffet Moderne 120CM Beige\"}]},{\"@type\":\"WebSite\",\"@id\":\"https:\/\/roomiodz.com\/#website\",\"url\":\"https:\/\/roomiodz.com\/\",\"name\":\"Roomio\",\"description\":\"Boutique de produits meuble\",\"publisher\":{\"@id\":\"https:\/\/roomiodz.com\/#organization\"},\"potentialAction\":[{\"@type\":\"SearchAction\",\"target\":{\"@type\":\"EntryPoint\",\"urlTemplate\":\"https:\/\/roomiodz.com\/?s={search_term_string}\"},\"query-input\":{\"@type\":\"PropertyValueSpecification\",\"valueRequired\":true,\"valueName\":\"search_term_string\"}}],\"inLanguage\":\"fr-FR\"},{\"@type\":\"Organization\",\"@id\":\"https:\/\/roomiodz.com\/#organization\",\"name\":\"Roomio\",\"url\":\"https:\/\/roomiodz.com\/\",\"logo\":{\"@type\":\"ImageObject\",\"inLanguage\":\"fr-FR\",\"@id\":\"https:\/\/roomiodz.com\/#\/schema\/logo\/image\/\",\"url\":\"https:\/\/roomiodz.com\/wp-content\/uploads\/2025\/08\/cropped-81bc493f-1539-40d3-ab47-a7b9d2257ff0-2.png\",\"contentUrl\":\"https:\/\/roomiodz.com\/wp-content\/uploads\/2025\/08\/cropped-81bc493f-1539-40d3-ab47-a7b9d2257ff0-2.png\",\"width\":512,\"height\":512,\"caption\":\"Roomio\"},\"image\":{\"@id\":\"https:\/\/roomiodz.com\/#\/schema\/logo\/image\/\"},\"sameAs\":[\"https:\/\/web.facebook.com\/profile.php?id=61579361657009\"]}]}<\/script>\n<!-- \/ Yoast SEO plugin. -->","yoast_head_json":{"title":"Buffet Moderne 120CM Beige &#8211; roomio","robots":{"index":"index","follow":"follow","max-snippet":"max-snippet:-1","max-image-preview":"max-image-preview:large","max-video-preview":"max-video-preview:-1"},"canonical":"https:\/\/roomiodz.com\/index.php\/produit\/buffet-moderne-120cm-beige\/","og_locale":"fr_FR","og_type":"article","og_title":"Buffet Moderne 120CM Beige &#8211; roomio","og_description":"Buffet Moderne Beige &amp; Blanc Apportez une touche d\u2019\u00e9l\u00e9gance et de praticit\u00e9 \u00e0 votre int\u00e9rieur avec ce buffet moderne aux lignes \u00e9pur\u00e9es.Con\u00e7u en\u00a0beige il s\u2019int\u00e8gre parfaitement dans un salon, une salle \u00e0 manger ou une cuisine moderne.","og_url":"https:\/\/roomiodz.com\/index.php\/produit\/buffet-moderne-120cm-beige\/","og_site_name":"roomio","article_publisher":"https:\/\/web.facebook.com\/profile.php?id=61579361657009","article_modified_time":"2026-02-22T20:32:35+00:00","og_image":[{"width":864,"height":1184,"url":"https:\/\/roomiodz.com\/wp-content\/uploads\/2026\/02\/IMG_8674.png","type":"image\/png"}],"twitter_card":"summary_large_image","twitter_misc":{"Dur\u00e9e de lecture estim\u00e9e":"1 minute"},"schema":{"@context":"https:\/\/schema.org","@graph":[{"@type":"WebPage","@id":"https:\/\/roomiodz.com\/index.php\/produit\/buffet-moderne-120cm-beige\/","url":"https:\/\/roomiodz.com\/index.php\/produit\/buffet-moderne-120cm-beige\/","name":"Buffet Moderne 120CM Beige &#8211; roomio","isPartOf":{"@id":"https:\/\/roomiodz.com\/#website"},"primaryImageOfPage":{"@id":"https:\/\/roomiodz.com\/index.php\/produit\/buffet-moderne-120cm-beige\/#primaryimage"},"image":{"@id":"https:\/\/roomiodz.com\/index.php\/produit\/buffet-moderne-120cm-beige\/#primaryimage"},"thumbnailUrl":"https:\/\/roomiodz.com\/wp-content\/uploads\/2026\/02\/IMG_8674.png","datePublished":"2026-02-22T20:30:15+00:00","dateModified":"2026-02-22T20:32:35+00:00","breadcrumb":{"@id":"https:\/\/roomiodz.com\/index.php\/produit\/buffet-moderne-120cm-beige\/#breadcrumb"},"inLanguage":"fr-FR","potentialAction":[{"@type":"ReadAction","target":["https:\/\/roomiodz.com\/index.php\/produit\/buffet-moderne-120cm-beige\/"]}]},{"@type":"ImageObject","inLanguage":"fr-FR","@id":"https:\/\/roomiodz.com\/index.php\/produit\/buffet-moderne-120cm-beige\/#primaryimage","url":"https:\/\/roomiodz.com\/wp-content\/uploads\/2026\/02\/IMG_8674.png","contentUrl":"https:\/\/roomiodz.com\/wp-content\/uploads\/2026\/02\/IMG_8674.png","width":864,"height":1184},{"@type":"BreadcrumbList","@id":"https:\/\/roomiodz.com\/index.php\/produit\/buffet-moderne-120cm-beige\/#breadcrumb","itemListElement":[{"@type":"ListItem","position":1,"name":"Accueil","item":"https:\/\/roomiodz.com\/"},{"@type":"ListItem","position":2,"name":"Shop","item":"https:\/\/roomiodz.com\/index.php\/shop\/"},{"@type":"ListItem","position":3,"name":"Buffet Moderne 120CM Beige"}]},{"@type":"WebSite","@id":"https:\/\/roomiodz.com\/#website","url":"https:\/\/roomiodz.com\/","name":"Roomio","description":"Boutique de produits meuble","publisher":{"@id":"https:\/\/roomiodz.com\/#organization"},"potentialAction":[{"@type":"SearchAction","target":{"@type":"EntryPoint","urlTemplate":"https:\/\/roomiodz.com\/?s={search_term_string}"},"query-input":{"@type":"PropertyValueSpecification","valueRequired":true,"valueName":"search_term_string"}}],"inLanguage":"fr-FR"},{"@type":"Organization","@id":"https:\/\/roomiodz.com\/#organization","name":"Roomio","url":"https:\/\/roomiodz.com\/","logo":{"@type":"ImageObject","inLanguage":"fr-FR","@id":"https:\/\/roomiodz.com\/#\/schema\/logo\/image\/","url":"https:\/\/roomiodz.com\/wp-content\/uploads\/2025\/08\/cropped-81bc493f-1539-40d3-ab47-a7b9d2257ff0-2.png","contentUrl":"https:\/\/roomiodz.com\/wp-content\/uploads\/2025\/08\/cropped-81bc493f-1539-40d3-ab47-a7b9d2257ff0-2.png","width":512,"height":512,"caption":"Roomio"},"image":{"@id":"https:\/\/roomiodz.com\/#\/schema\/logo\/image\/"},"sameAs":["https:\/\/web.facebook.com\/profile.php?id=61579361657009"]}]}},"_links":{"self":[{"href":"https:\/\/roomiodz.com\/index.php\/wp-json\/wp\/v2\/product\/29374","targetHints":{"allow":["GET"]}}],"collection":[{"href":"https:\/\/roomiodz.com\/index.php\/wp-json\/wp\/v2\/product"}],"about":[{"href":"https:\/\/roomiodz.com\/index.php\/wp-json\/wp\/v2\/types\/product"}],"version-history":[{"count":2,"href":"https:\/\/roomiodz.com\/index.php\/wp-json\/wp\/v2\/product\/29374\/revisions"}],"predecessor-version":[{"id":29377,"href":"https:\/\/roomiodz.com\/index.php\/wp-json\/wp\/v2\/product\/29374\/revisions\/29377"}],"wp:featuredmedia":[{"embeddable":true,"href":"https:\/\/roomiodz.com\/index.php\/wp-json\/wp\/v2\/media\/29375"}],"wp:attachment":[{"href":"https:\/\/roomiodz.com\/index.php\/wp-json\/wp\/v2\/media?parent=29374"}],"wp:term":[{"taxonomy":"product_brand","embeddable":true,"href":"https:\/\/roomiodz.com\/index.php\/wp-json\/wp\/v2\/product_brand?post=29374"},{"taxonomy":"product_cat","embeddable":true,"href":"https:\/\/roomiodz.com\/index.php\/wp-json\/wp\/v2\/product_cat?post=29374"},{"taxonomy":"product_tag","embeddable":true,"href":"https:\/\/roomiodz.com\/index.php\/wp-json\/wp\/v2\/product_tag?post=29374"}],"curies":[{"name":"wp","href":"https:\/\/api.w.org\/{rel}","templated":true}]}}