{"id":29133,"date":"2026-01-11T23:06:58","date_gmt":"2026-01-11T22:06:58","guid":{"rendered":"https:\/\/roomiodz.com\/?post_type=product&#038;p=29133"},"modified":"2026-03-29T16:35:50","modified_gmt":"2026-03-29T15:35:50","slug":"table-dappoint-design-en-hetre-massif-style-scandinave-moderne","status":"publish","type":"product","link":"https:\/\/roomiodz.com\/index.php\/produit\/table-dappoint-design-en-hetre-massif-style-scandinave-moderne\/","title":{"rendered":"Table d&rsquo;Appoint Design en H\u00eatre Massif \u2013 Style Scandinave &#038; Moderne"},"content":{"rendered":"<p>Parfaite comme table de chevet ou meuble d&rsquo;appoint, cette pi\u00e8ce en bois v\u00e9ritable apporte une touche minimaliste et chaleureuse \u00e0 votre salon ou chambre \u00e0 coucher.<\/p>\n<p>\u2022 Qualit\u00e9 Premium : Fabrication artisanale en h\u00eatre massif durable.<\/p>\n<p>\u2022 Design Gain de Place : 3 niveaux d&rsquo;exposition pour vos objets d\u00e9co et livres.<\/p>\n<p>\u2022 Style Intemporel : Finition bois naturel et plateaux noirs mats contrast\u00e9s.<\/p>\n","protected":false},"excerpt":{"rendered":"<p>Parfaite comme table de chevet ou meuble d&rsquo;appoint, cette pi\u00e8ce en bois v\u00e9ritable apporte une touche minimaliste et chaleureuse \u00e0<\/p>\n","protected":false},"featured_media":29135,"template":"","meta":[],"product_brand":[],"product_cat":[79],"product_tag":[],"class_list":{"0":"post-29133","1":"product","2":"type-product","3":"status-publish","4":"has-post-thumbnail","6":"product_cat-table","8":"first","9":"instock","10":"shipping-taxable","11":"purchasable","12":"product-type-simple"},"yoast_head":"<!-- This site is optimized with the Yoast SEO plugin v27.2 - https:\/\/yoast.com\/product\/yoast-seo-wordpress\/ -->\n<title>Table d&#039;Appoint Design en H\u00eatre Massif \u2013 Style Scandinave &amp; Moderne &#8211; roomio<\/title>\n<meta name=\"robots\" content=\"index, follow, max-snippet:-1, max-image-preview:large, max-video-preview:-1\" \/>\n<link rel=\"canonical\" href=\"https:\/\/roomiodz.com\/index.php\/produit\/table-dappoint-design-en-hetre-massif-style-scandinave-moderne\/\" \/>\n<meta property=\"og:locale\" content=\"fr_FR\" \/>\n<meta property=\"og:type\" content=\"article\" \/>\n<meta property=\"og:title\" content=\"Table d&#039;Appoint Design en H\u00eatre Massif \u2013 Style Scandinave &amp; Moderne &#8211; roomio\" \/>\n<meta property=\"og:description\" content=\"Parfaite comme table de chevet ou meuble d&rsquo;appoint, cette pi\u00e8ce en bois v\u00e9ritable apporte une touche minimaliste et chaleureuse \u00e0\" \/>\n<meta property=\"og:url\" content=\"https:\/\/roomiodz.com\/index.php\/produit\/table-dappoint-design-en-hetre-massif-style-scandinave-moderne\/\" \/>\n<meta property=\"og:site_name\" content=\"roomio\" \/>\n<meta property=\"article:publisher\" content=\"https:\/\/web.facebook.com\/profile.php?id=61579361657009\" \/>\n<meta property=\"article:modified_time\" content=\"2026-03-29T15:35:50+00:00\" \/>\n<meta property=\"og:image\" content=\"https:\/\/roomiodz.com\/wp-content\/uploads\/2026\/01\/IMG_8053.png\" \/>\n\t<meta property=\"og:image:width\" content=\"864\" \/>\n\t<meta property=\"og:image:height\" content=\"1184\" \/>\n\t<meta property=\"og:image:type\" content=\"image\/png\" \/>\n<meta name=\"twitter:card\" content=\"summary_large_image\" \/>\n<meta name=\"twitter:label1\" content=\"Dur\u00e9e de lecture estim\u00e9e\" \/>\n\t<meta name=\"twitter:data1\" content=\"1 minute\" \/>\n<script type=\"application\/ld+json\" class=\"yoast-schema-graph\">{\"@context\":\"https:\/\/schema.org\",\"@graph\":[{\"@type\":\"WebPage\",\"@id\":\"https:\/\/roomiodz.com\/index.php\/produit\/table-dappoint-design-en-hetre-massif-style-scandinave-moderne\/\",\"url\":\"https:\/\/roomiodz.com\/index.php\/produit\/table-dappoint-design-en-hetre-massif-style-scandinave-moderne\/\",\"name\":\"Table d'Appoint Design en H\u00eatre Massif \u2013 Style Scandinave & Moderne &#8211; roomio\",\"isPartOf\":{\"@id\":\"https:\/\/roomiodz.com\/#website\"},\"primaryImageOfPage\":{\"@id\":\"https:\/\/roomiodz.com\/index.php\/produit\/table-dappoint-design-en-hetre-massif-style-scandinave-moderne\/#primaryimage\"},\"image\":{\"@id\":\"https:\/\/roomiodz.com\/index.php\/produit\/table-dappoint-design-en-hetre-massif-style-scandinave-moderne\/#primaryimage\"},\"thumbnailUrl\":\"https:\/\/roomiodz.com\/wp-content\/uploads\/2026\/01\/IMG_8053.png\",\"datePublished\":\"2026-01-11T22:06:58+00:00\",\"dateModified\":\"2026-03-29T15:35:50+00:00\",\"breadcrumb\":{\"@id\":\"https:\/\/roomiodz.com\/index.php\/produit\/table-dappoint-design-en-hetre-massif-style-scandinave-moderne\/#breadcrumb\"},\"inLanguage\":\"fr-FR\",\"potentialAction\":[{\"@type\":\"ReadAction\",\"target\":[\"https:\/\/roomiodz.com\/index.php\/produit\/table-dappoint-design-en-hetre-massif-style-scandinave-moderne\/\"]}]},{\"@type\":\"ImageObject\",\"inLanguage\":\"fr-FR\",\"@id\":\"https:\/\/roomiodz.com\/index.php\/produit\/table-dappoint-design-en-hetre-massif-style-scandinave-moderne\/#primaryimage\",\"url\":\"https:\/\/roomiodz.com\/wp-content\/uploads\/2026\/01\/IMG_8053.png\",\"contentUrl\":\"https:\/\/roomiodz.com\/wp-content\/uploads\/2026\/01\/IMG_8053.png\",\"width\":864,\"height\":1184},{\"@type\":\"BreadcrumbList\",\"@id\":\"https:\/\/roomiodz.com\/index.php\/produit\/table-dappoint-design-en-hetre-massif-style-scandinave-moderne\/#breadcrumb\",\"itemListElement\":[{\"@type\":\"ListItem\",\"position\":1,\"name\":\"Accueil\",\"item\":\"https:\/\/roomiodz.com\/\"},{\"@type\":\"ListItem\",\"position\":2,\"name\":\"Shop\",\"item\":\"https:\/\/roomiodz.com\/index.php\/shop\/\"},{\"@type\":\"ListItem\",\"position\":3,\"name\":\"Table d&rsquo;Appoint Design en H\u00eatre Massif \u2013 Style Scandinave &#038; Moderne\"}]},{\"@type\":\"WebSite\",\"@id\":\"https:\/\/roomiodz.com\/#website\",\"url\":\"https:\/\/roomiodz.com\/\",\"name\":\"Roomio\",\"description\":\"Boutique de produits meuble\",\"publisher\":{\"@id\":\"https:\/\/roomiodz.com\/#organization\"},\"potentialAction\":[{\"@type\":\"SearchAction\",\"target\":{\"@type\":\"EntryPoint\",\"urlTemplate\":\"https:\/\/roomiodz.com\/?s={search_term_string}\"},\"query-input\":{\"@type\":\"PropertyValueSpecification\",\"valueRequired\":true,\"valueName\":\"search_term_string\"}}],\"inLanguage\":\"fr-FR\"},{\"@type\":\"Organization\",\"@id\":\"https:\/\/roomiodz.com\/#organization\",\"name\":\"Roomio\",\"url\":\"https:\/\/roomiodz.com\/\",\"logo\":{\"@type\":\"ImageObject\",\"inLanguage\":\"fr-FR\",\"@id\":\"https:\/\/roomiodz.com\/#\/schema\/logo\/image\/\",\"url\":\"https:\/\/roomiodz.com\/wp-content\/uploads\/2025\/08\/cropped-81bc493f-1539-40d3-ab47-a7b9d2257ff0-2.png\",\"contentUrl\":\"https:\/\/roomiodz.com\/wp-content\/uploads\/2025\/08\/cropped-81bc493f-1539-40d3-ab47-a7b9d2257ff0-2.png\",\"width\":512,\"height\":512,\"caption\":\"Roomio\"},\"image\":{\"@id\":\"https:\/\/roomiodz.com\/#\/schema\/logo\/image\/\"},\"sameAs\":[\"https:\/\/web.facebook.com\/profile.php?id=61579361657009\"]}]}<\/script>\n<!-- \/ Yoast SEO plugin. -->","yoast_head_json":{"title":"Table d'Appoint Design en H\u00eatre Massif \u2013 Style Scandinave & Moderne &#8211; roomio","robots":{"index":"index","follow":"follow","max-snippet":"max-snippet:-1","max-image-preview":"max-image-preview:large","max-video-preview":"max-video-preview:-1"},"canonical":"https:\/\/roomiodz.com\/index.php\/produit\/table-dappoint-design-en-hetre-massif-style-scandinave-moderne\/","og_locale":"fr_FR","og_type":"article","og_title":"Table d'Appoint Design en H\u00eatre Massif \u2013 Style Scandinave & Moderne &#8211; roomio","og_description":"Parfaite comme table de chevet ou meuble d&rsquo;appoint, cette pi\u00e8ce en bois v\u00e9ritable apporte une touche minimaliste et chaleureuse \u00e0","og_url":"https:\/\/roomiodz.com\/index.php\/produit\/table-dappoint-design-en-hetre-massif-style-scandinave-moderne\/","og_site_name":"roomio","article_publisher":"https:\/\/web.facebook.com\/profile.php?id=61579361657009","article_modified_time":"2026-03-29T15:35:50+00:00","og_image":[{"width":864,"height":1184,"url":"https:\/\/roomiodz.com\/wp-content\/uploads\/2026\/01\/IMG_8053.png","type":"image\/png"}],"twitter_card":"summary_large_image","twitter_misc":{"Dur\u00e9e de lecture estim\u00e9e":"1 minute"},"schema":{"@context":"https:\/\/schema.org","@graph":[{"@type":"WebPage","@id":"https:\/\/roomiodz.com\/index.php\/produit\/table-dappoint-design-en-hetre-massif-style-scandinave-moderne\/","url":"https:\/\/roomiodz.com\/index.php\/produit\/table-dappoint-design-en-hetre-massif-style-scandinave-moderne\/","name":"Table d'Appoint Design en H\u00eatre Massif \u2013 Style Scandinave & Moderne &#8211; roomio","isPartOf":{"@id":"https:\/\/roomiodz.com\/#website"},"primaryImageOfPage":{"@id":"https:\/\/roomiodz.com\/index.php\/produit\/table-dappoint-design-en-hetre-massif-style-scandinave-moderne\/#primaryimage"},"image":{"@id":"https:\/\/roomiodz.com\/index.php\/produit\/table-dappoint-design-en-hetre-massif-style-scandinave-moderne\/#primaryimage"},"thumbnailUrl":"https:\/\/roomiodz.com\/wp-content\/uploads\/2026\/01\/IMG_8053.png","datePublished":"2026-01-11T22:06:58+00:00","dateModified":"2026-03-29T15:35:50+00:00","breadcrumb":{"@id":"https:\/\/roomiodz.com\/index.php\/produit\/table-dappoint-design-en-hetre-massif-style-scandinave-moderne\/#breadcrumb"},"inLanguage":"fr-FR","potentialAction":[{"@type":"ReadAction","target":["https:\/\/roomiodz.com\/index.php\/produit\/table-dappoint-design-en-hetre-massif-style-scandinave-moderne\/"]}]},{"@type":"ImageObject","inLanguage":"fr-FR","@id":"https:\/\/roomiodz.com\/index.php\/produit\/table-dappoint-design-en-hetre-massif-style-scandinave-moderne\/#primaryimage","url":"https:\/\/roomiodz.com\/wp-content\/uploads\/2026\/01\/IMG_8053.png","contentUrl":"https:\/\/roomiodz.com\/wp-content\/uploads\/2026\/01\/IMG_8053.png","width":864,"height":1184},{"@type":"BreadcrumbList","@id":"https:\/\/roomiodz.com\/index.php\/produit\/table-dappoint-design-en-hetre-massif-style-scandinave-moderne\/#breadcrumb","itemListElement":[{"@type":"ListItem","position":1,"name":"Accueil","item":"https:\/\/roomiodz.com\/"},{"@type":"ListItem","position":2,"name":"Shop","item":"https:\/\/roomiodz.com\/index.php\/shop\/"},{"@type":"ListItem","position":3,"name":"Table d&rsquo;Appoint Design en H\u00eatre Massif \u2013 Style Scandinave &#038; Moderne"}]},{"@type":"WebSite","@id":"https:\/\/roomiodz.com\/#website","url":"https:\/\/roomiodz.com\/","name":"Roomio","description":"Boutique de produits meuble","publisher":{"@id":"https:\/\/roomiodz.com\/#organization"},"potentialAction":[{"@type":"SearchAction","target":{"@type":"EntryPoint","urlTemplate":"https:\/\/roomiodz.com\/?s={search_term_string}"},"query-input":{"@type":"PropertyValueSpecification","valueRequired":true,"valueName":"search_term_string"}}],"inLanguage":"fr-FR"},{"@type":"Organization","@id":"https:\/\/roomiodz.com\/#organization","name":"Roomio","url":"https:\/\/roomiodz.com\/","logo":{"@type":"ImageObject","inLanguage":"fr-FR","@id":"https:\/\/roomiodz.com\/#\/schema\/logo\/image\/","url":"https:\/\/roomiodz.com\/wp-content\/uploads\/2025\/08\/cropped-81bc493f-1539-40d3-ab47-a7b9d2257ff0-2.png","contentUrl":"https:\/\/roomiodz.com\/wp-content\/uploads\/2025\/08\/cropped-81bc493f-1539-40d3-ab47-a7b9d2257ff0-2.png","width":512,"height":512,"caption":"Roomio"},"image":{"@id":"https:\/\/roomiodz.com\/#\/schema\/logo\/image\/"},"sameAs":["https:\/\/web.facebook.com\/profile.php?id=61579361657009"]}]}},"_links":{"self":[{"href":"https:\/\/roomiodz.com\/index.php\/wp-json\/wp\/v2\/product\/29133","targetHints":{"allow":["GET"]}}],"collection":[{"href":"https:\/\/roomiodz.com\/index.php\/wp-json\/wp\/v2\/product"}],"about":[{"href":"https:\/\/roomiodz.com\/index.php\/wp-json\/wp\/v2\/types\/product"}],"version-history":[{"count":1,"href":"https:\/\/roomiodz.com\/index.php\/wp-json\/wp\/v2\/product\/29133\/revisions"}],"predecessor-version":[{"id":29136,"href":"https:\/\/roomiodz.com\/index.php\/wp-json\/wp\/v2\/product\/29133\/revisions\/29136"}],"wp:featuredmedia":[{"embeddable":true,"href":"https:\/\/roomiodz.com\/index.php\/wp-json\/wp\/v2\/media\/29135"}],"wp:attachment":[{"href":"https:\/\/roomiodz.com\/index.php\/wp-json\/wp\/v2\/media?parent=29133"}],"wp:term":[{"taxonomy":"product_brand","embeddable":true,"href":"https:\/\/roomiodz.com\/index.php\/wp-json\/wp\/v2\/product_brand?post=29133"},{"taxonomy":"product_cat","embeddable":true,"href":"https:\/\/roomiodz.com\/index.php\/wp-json\/wp\/v2\/product_cat?post=29133"},{"taxonomy":"product_tag","embeddable":true,"href":"https:\/\/roomiodz.com\/index.php\/wp-json\/wp\/v2\/product_tag?post=29133"}],"curies":[{"name":"wp","href":"https:\/\/api.w.org\/{rel}","templated":true}]}}