{"id":28979,"date":"2025-12-14T17:52:48","date_gmt":"2025-12-14T16:52:48","guid":{"rendered":"https:\/\/roomiodz.com\/?post_type=product&#038;p=28979"},"modified":"2026-03-03T13:39:08","modified_gmt":"2026-03-03T12:39:08","slug":"meuble-dentree-modulaire-3en1-design-scandinave-armoire-portemanteau-banc-rangement","status":"publish","type":"product","link":"https:\/\/roomiodz.com\/index.php\/produit\/meuble-dentree-modulaire-3en1-design-scandinave-armoire-portemanteau-banc-rangement\/","title":{"rendered":"Meuble d&rsquo;Entr\u00e9e Modulaire 3en1 Design Scandinave | Armoire, Portemanteau &#038; Banc Rangement"},"content":{"rendered":"<p data-path-to-node=\"11,3,0\"><b>Dimensions Compactes (Id\u00e9al Petits Espaces) :<\/b><\/p>\n<ul data-path-to-node=\"11,3,1\">\n<li>\n<p data-path-to-node=\"11,3,1,0,0\">Hauteur : <b>185 cm<\/b><\/p>\n<\/li>\n<li>\n<p data-path-to-node=\"11,3,1,1,0\">Profondeur : <b>35 cm<\/b><\/p>\n<\/li>\n<li>\n<p data-path-to-node=\"11,3,1,2,0\">Largeur : 114<b>\u00a0cm<\/b><\/p>\n<\/li>\n<\/ul>\n","protected":false},"excerpt":{"rendered":"<p data-path-to-node=\"8\">Ce <b>meuble d&rsquo;entr\u00e9e modulaire<\/b> est l&rsquo;alliance parfaite entre <b>fonctionnalit\u00e9 et esth\u00e9tique moderne<\/b>. Inspir\u00e9 du <b>design scandinave<\/b>, il apporte une touche de chaleur et de minimalisme \u00e0 votre <b>hall d&rsquo;entr\u00e9e<\/b> ou couloir.<\/p>\n<ul data-path-to-node=\"9\">\n<li>\n<p data-path-to-node=\"9,0,0\"><b>Rangement Optimis\u00e9 pour l&rsquo;Entr\u00e9e :<\/b> Finis les v\u00eatements qui tra\u00eenent !<\/p>\n<ul data-path-to-node=\"9,0,1\">\n<li>\n<p data-path-to-node=\"9,0,1,0,0\"><b>Grande Armoire (Partie Gauche) :<\/b> Deux portes spacieuses offrent un espace de <b>rangement ferm\u00e9<\/b> id\u00e9al pour les manteaux longs, les sacs encombrants ou les \u00e9quipements sportifs. (Parfait pour le mot-cl\u00e9 : <b>armoire d&rsquo;entr\u00e9e<\/b>).<\/p>\n<\/li>\n<li>\n<p data-path-to-node=\"9,0,1,1,0\"><b>Portemanteau (Partie Droite) :<\/b> Dot\u00e9 de pat\u00e8res \u00e9l\u00e9gantes (finition dor\u00e9e), il permet d&rsquo;accrocher rapidement vestes, \u00e9charpes et chapeaux. La structure ajour\u00e9e en bois apporte une touche d\u00e9corative et a\u00e9r\u00e9e.<\/p>\n<\/li>\n<li>\n<p data-path-to-node=\"9,0,1,2,0\"><b>Banc d&rsquo;Assise Confortable :<\/b> Un coussin offre une assise pratique pour <b>se chausser\/d\u00e9chausser<\/b> en tout confort.<\/p>\n<\/li>\n<li>\n<p data-path-to-node=\"9,0,1,3,0\"><b>Tiroir\/Coffre Inf\u00e9rieur :<\/b> Un compartiment discret sous le banc est parfait pour stocker les chaussures, les produits d&rsquo;entretien ou d&rsquo;autres petits objets, garantissant un <b>espace toujours bien rang\u00e9<\/b>.<\/p>\n<\/li>\n<\/ul>\n<\/li>\n<\/ul>\n","protected":false},"featured_media":28981,"template":"","meta":[],"product_brand":[],"product_cat":[75],"product_tag":[],"class_list":{"0":"post-28979","1":"product","2":"type-product","3":"status-publish","4":"has-post-thumbnail","6":"product_cat-meuble-a-chaussures","8":"first","9":"outofstock","10":"shipping-taxable","11":"purchasable","12":"product-type-simple"},"yoast_head":"<!-- This site is optimized with the Yoast SEO plugin v27.2 - https:\/\/yoast.com\/product\/yoast-seo-wordpress\/ -->\n<title>Meuble d&#039;Entr\u00e9e Modulaire 3en1 Design Scandinave | Armoire, Portemanteau &amp; Banc Rangement &#8211; roomio<\/title>\n<meta name=\"robots\" content=\"index, follow, max-snippet:-1, max-image-preview:large, max-video-preview:-1\" \/>\n<link rel=\"canonical\" href=\"https:\/\/roomiodz.com\/index.php\/produit\/meuble-dentree-modulaire-3en1-design-scandinave-armoire-portemanteau-banc-rangement\/\" \/>\n<meta property=\"og:locale\" content=\"fr_FR\" \/>\n<meta property=\"og:type\" content=\"article\" \/>\n<meta property=\"og:title\" content=\"Meuble d&#039;Entr\u00e9e Modulaire 3en1 Design Scandinave | Armoire, Portemanteau &amp; Banc Rangement &#8211; roomio\" \/>\n<meta property=\"og:description\" content=\"Ce meuble d&#039;entr\u00e9e modulaire est l&#039;alliance parfaite entre fonctionnalit\u00e9 et esth\u00e9tique moderne. Inspir\u00e9 du design scandinave, il apporte une touche de chaleur et de minimalisme \u00e0 votre hall d&#039;entr\u00e9e ou couloir.     Rangement Optimis\u00e9 pour l&#039;Entr\u00e9e : Finis les v\u00eatements qui tra\u00eenent !     Grande Armoire (Partie Gauche) : Deux portes spacieuses offrent un espace de rangement ferm\u00e9 id\u00e9al pour les manteaux longs, les sacs encombrants ou les \u00e9quipements sportifs. (Parfait pour le mot-cl\u00e9 : armoire d&#039;entr\u00e9e).    Portemanteau (Partie Droite) : Dot\u00e9 de pat\u00e8res \u00e9l\u00e9gantes (finition dor\u00e9e), il permet d&#039;accrocher rapidement vestes, \u00e9charpes et chapeaux. La structure ajour\u00e9e en bois apporte une touche d\u00e9corative et a\u00e9r\u00e9e.    Banc d&#039;Assise Confortable : Un coussin offre une assise pratique pour se chausser\/d\u00e9chausser en tout confort.    Tiroir\/Coffre Inf\u00e9rieur : Un compartiment discret sous le banc est parfait pour stocker les chaussures, les produits d&#039;entretien ou d&#039;autres petits objets, garantissant un espace toujours bien rang\u00e9.\" \/>\n<meta property=\"og:url\" content=\"https:\/\/roomiodz.com\/index.php\/produit\/meuble-dentree-modulaire-3en1-design-scandinave-armoire-portemanteau-banc-rangement\/\" \/>\n<meta property=\"og:site_name\" content=\"roomio\" \/>\n<meta property=\"article:publisher\" content=\"https:\/\/web.facebook.com\/profile.php?id=61579361657009\" \/>\n<meta property=\"article:modified_time\" content=\"2026-03-03T12:39:08+00:00\" \/>\n<meta property=\"og:image\" content=\"https:\/\/roomiodz.com\/wp-content\/uploads\/2025\/12\/20250708_1316_Entryway-Furniture-Setup_remix_01jzmzc2bmfqprprtd1gg6hagb-1.png\" \/>\n\t<meta property=\"og:image:width\" content=\"1024\" \/>\n\t<meta property=\"og:image:height\" content=\"1024\" \/>\n\t<meta property=\"og:image:type\" content=\"image\/png\" \/>\n<meta name=\"twitter:card\" content=\"summary_large_image\" \/>\n<meta name=\"twitter:label1\" content=\"Dur\u00e9e de lecture estim\u00e9e\" \/>\n\t<meta name=\"twitter:data1\" content=\"1 minute\" \/>\n<script type=\"application\/ld+json\" class=\"yoast-schema-graph\">{\"@context\":\"https:\/\/schema.org\",\"@graph\":[{\"@type\":\"WebPage\",\"@id\":\"https:\/\/roomiodz.com\/index.php\/produit\/meuble-dentree-modulaire-3en1-design-scandinave-armoire-portemanteau-banc-rangement\/\",\"url\":\"https:\/\/roomiodz.com\/index.php\/produit\/meuble-dentree-modulaire-3en1-design-scandinave-armoire-portemanteau-banc-rangement\/\",\"name\":\"Meuble d'Entr\u00e9e Modulaire 3en1 Design Scandinave | Armoire, Portemanteau & Banc Rangement &#8211; roomio\",\"isPartOf\":{\"@id\":\"https:\/\/roomiodz.com\/#website\"},\"primaryImageOfPage\":{\"@id\":\"https:\/\/roomiodz.com\/index.php\/produit\/meuble-dentree-modulaire-3en1-design-scandinave-armoire-portemanteau-banc-rangement\/#primaryimage\"},\"image\":{\"@id\":\"https:\/\/roomiodz.com\/index.php\/produit\/meuble-dentree-modulaire-3en1-design-scandinave-armoire-portemanteau-banc-rangement\/#primaryimage\"},\"thumbnailUrl\":\"https:\/\/roomiodz.com\/wp-content\/uploads\/2025\/12\/20250708_1316_Entryway-Furniture-Setup_remix_01jzmzc2bmfqprprtd1gg6hagb-1.png\",\"datePublished\":\"2025-12-14T16:52:48+00:00\",\"dateModified\":\"2026-03-03T12:39:08+00:00\",\"breadcrumb\":{\"@id\":\"https:\/\/roomiodz.com\/index.php\/produit\/meuble-dentree-modulaire-3en1-design-scandinave-armoire-portemanteau-banc-rangement\/#breadcrumb\"},\"inLanguage\":\"fr-FR\",\"potentialAction\":[{\"@type\":\"ReadAction\",\"target\":[\"https:\/\/roomiodz.com\/index.php\/produit\/meuble-dentree-modulaire-3en1-design-scandinave-armoire-portemanteau-banc-rangement\/\"]}]},{\"@type\":\"ImageObject\",\"inLanguage\":\"fr-FR\",\"@id\":\"https:\/\/roomiodz.com\/index.php\/produit\/meuble-dentree-modulaire-3en1-design-scandinave-armoire-portemanteau-banc-rangement\/#primaryimage\",\"url\":\"https:\/\/roomiodz.com\/wp-content\/uploads\/2025\/12\/20250708_1316_Entryway-Furniture-Setup_remix_01jzmzc2bmfqprprtd1gg6hagb-1.png\",\"contentUrl\":\"https:\/\/roomiodz.com\/wp-content\/uploads\/2025\/12\/20250708_1316_Entryway-Furniture-Setup_remix_01jzmzc2bmfqprprtd1gg6hagb-1.png\",\"width\":1024,\"height\":1024},{\"@type\":\"BreadcrumbList\",\"@id\":\"https:\/\/roomiodz.com\/index.php\/produit\/meuble-dentree-modulaire-3en1-design-scandinave-armoire-portemanteau-banc-rangement\/#breadcrumb\",\"itemListElement\":[{\"@type\":\"ListItem\",\"position\":1,\"name\":\"Accueil\",\"item\":\"https:\/\/roomiodz.com\/\"},{\"@type\":\"ListItem\",\"position\":2,\"name\":\"Shop\",\"item\":\"https:\/\/roomiodz.com\/index.php\/shop\/\"},{\"@type\":\"ListItem\",\"position\":3,\"name\":\"Meuble d&rsquo;Entr\u00e9e Modulaire 3en1 Design Scandinave | Armoire, Portemanteau &#038; Banc Rangement\"}]},{\"@type\":\"WebSite\",\"@id\":\"https:\/\/roomiodz.com\/#website\",\"url\":\"https:\/\/roomiodz.com\/\",\"name\":\"Roomio\",\"description\":\"Boutique de produits meuble\",\"publisher\":{\"@id\":\"https:\/\/roomiodz.com\/#organization\"},\"potentialAction\":[{\"@type\":\"SearchAction\",\"target\":{\"@type\":\"EntryPoint\",\"urlTemplate\":\"https:\/\/roomiodz.com\/?s={search_term_string}\"},\"query-input\":{\"@type\":\"PropertyValueSpecification\",\"valueRequired\":true,\"valueName\":\"search_term_string\"}}],\"inLanguage\":\"fr-FR\"},{\"@type\":\"Organization\",\"@id\":\"https:\/\/roomiodz.com\/#organization\",\"name\":\"Roomio\",\"url\":\"https:\/\/roomiodz.com\/\",\"logo\":{\"@type\":\"ImageObject\",\"inLanguage\":\"fr-FR\",\"@id\":\"https:\/\/roomiodz.com\/#\/schema\/logo\/image\/\",\"url\":\"https:\/\/roomiodz.com\/wp-content\/uploads\/2025\/08\/cropped-81bc493f-1539-40d3-ab47-a7b9d2257ff0-2.png\",\"contentUrl\":\"https:\/\/roomiodz.com\/wp-content\/uploads\/2025\/08\/cropped-81bc493f-1539-40d3-ab47-a7b9d2257ff0-2.png\",\"width\":512,\"height\":512,\"caption\":\"Roomio\"},\"image\":{\"@id\":\"https:\/\/roomiodz.com\/#\/schema\/logo\/image\/\"},\"sameAs\":[\"https:\/\/web.facebook.com\/profile.php?id=61579361657009\"]}]}<\/script>\n<!-- \/ Yoast SEO plugin. -->","yoast_head_json":{"title":"Meuble d'Entr\u00e9e Modulaire 3en1 Design Scandinave | Armoire, Portemanteau & Banc Rangement &#8211; roomio","robots":{"index":"index","follow":"follow","max-snippet":"max-snippet:-1","max-image-preview":"max-image-preview:large","max-video-preview":"max-video-preview:-1"},"canonical":"https:\/\/roomiodz.com\/index.php\/produit\/meuble-dentree-modulaire-3en1-design-scandinave-armoire-portemanteau-banc-rangement\/","og_locale":"fr_FR","og_type":"article","og_title":"Meuble d'Entr\u00e9e Modulaire 3en1 Design Scandinave | Armoire, Portemanteau & Banc Rangement &#8211; roomio","og_description":"Ce meuble d'entr\u00e9e modulaire est l'alliance parfaite entre fonctionnalit\u00e9 et esth\u00e9tique moderne. Inspir\u00e9 du design scandinave, il apporte une touche de chaleur et de minimalisme \u00e0 votre hall d'entr\u00e9e ou couloir.     Rangement Optimis\u00e9 pour l'Entr\u00e9e : Finis les v\u00eatements qui tra\u00eenent !     Grande Armoire (Partie Gauche) : Deux portes spacieuses offrent un espace de rangement ferm\u00e9 id\u00e9al pour les manteaux longs, les sacs encombrants ou les \u00e9quipements sportifs. (Parfait pour le mot-cl\u00e9 : armoire d'entr\u00e9e).    Portemanteau (Partie Droite) : Dot\u00e9 de pat\u00e8res \u00e9l\u00e9gantes (finition dor\u00e9e), il permet d'accrocher rapidement vestes, \u00e9charpes et chapeaux. La structure ajour\u00e9e en bois apporte une touche d\u00e9corative et a\u00e9r\u00e9e.    Banc d'Assise Confortable : Un coussin offre une assise pratique pour se chausser\/d\u00e9chausser en tout confort.    Tiroir\/Coffre Inf\u00e9rieur : Un compartiment discret sous le banc est parfait pour stocker les chaussures, les produits d'entretien ou d'autres petits objets, garantissant un espace toujours bien rang\u00e9.","og_url":"https:\/\/roomiodz.com\/index.php\/produit\/meuble-dentree-modulaire-3en1-design-scandinave-armoire-portemanteau-banc-rangement\/","og_site_name":"roomio","article_publisher":"https:\/\/web.facebook.com\/profile.php?id=61579361657009","article_modified_time":"2026-03-03T12:39:08+00:00","og_image":[{"width":1024,"height":1024,"url":"https:\/\/roomiodz.com\/wp-content\/uploads\/2025\/12\/20250708_1316_Entryway-Furniture-Setup_remix_01jzmzc2bmfqprprtd1gg6hagb-1.png","type":"image\/png"}],"twitter_card":"summary_large_image","twitter_misc":{"Dur\u00e9e de lecture estim\u00e9e":"1 minute"},"schema":{"@context":"https:\/\/schema.org","@graph":[{"@type":"WebPage","@id":"https:\/\/roomiodz.com\/index.php\/produit\/meuble-dentree-modulaire-3en1-design-scandinave-armoire-portemanteau-banc-rangement\/","url":"https:\/\/roomiodz.com\/index.php\/produit\/meuble-dentree-modulaire-3en1-design-scandinave-armoire-portemanteau-banc-rangement\/","name":"Meuble d'Entr\u00e9e Modulaire 3en1 Design Scandinave | Armoire, Portemanteau & Banc Rangement &#8211; roomio","isPartOf":{"@id":"https:\/\/roomiodz.com\/#website"},"primaryImageOfPage":{"@id":"https:\/\/roomiodz.com\/index.php\/produit\/meuble-dentree-modulaire-3en1-design-scandinave-armoire-portemanteau-banc-rangement\/#primaryimage"},"image":{"@id":"https:\/\/roomiodz.com\/index.php\/produit\/meuble-dentree-modulaire-3en1-design-scandinave-armoire-portemanteau-banc-rangement\/#primaryimage"},"thumbnailUrl":"https:\/\/roomiodz.com\/wp-content\/uploads\/2025\/12\/20250708_1316_Entryway-Furniture-Setup_remix_01jzmzc2bmfqprprtd1gg6hagb-1.png","datePublished":"2025-12-14T16:52:48+00:00","dateModified":"2026-03-03T12:39:08+00:00","breadcrumb":{"@id":"https:\/\/roomiodz.com\/index.php\/produit\/meuble-dentree-modulaire-3en1-design-scandinave-armoire-portemanteau-banc-rangement\/#breadcrumb"},"inLanguage":"fr-FR","potentialAction":[{"@type":"ReadAction","target":["https:\/\/roomiodz.com\/index.php\/produit\/meuble-dentree-modulaire-3en1-design-scandinave-armoire-portemanteau-banc-rangement\/"]}]},{"@type":"ImageObject","inLanguage":"fr-FR","@id":"https:\/\/roomiodz.com\/index.php\/produit\/meuble-dentree-modulaire-3en1-design-scandinave-armoire-portemanteau-banc-rangement\/#primaryimage","url":"https:\/\/roomiodz.com\/wp-content\/uploads\/2025\/12\/20250708_1316_Entryway-Furniture-Setup_remix_01jzmzc2bmfqprprtd1gg6hagb-1.png","contentUrl":"https:\/\/roomiodz.com\/wp-content\/uploads\/2025\/12\/20250708_1316_Entryway-Furniture-Setup_remix_01jzmzc2bmfqprprtd1gg6hagb-1.png","width":1024,"height":1024},{"@type":"BreadcrumbList","@id":"https:\/\/roomiodz.com\/index.php\/produit\/meuble-dentree-modulaire-3en1-design-scandinave-armoire-portemanteau-banc-rangement\/#breadcrumb","itemListElement":[{"@type":"ListItem","position":1,"name":"Accueil","item":"https:\/\/roomiodz.com\/"},{"@type":"ListItem","position":2,"name":"Shop","item":"https:\/\/roomiodz.com\/index.php\/shop\/"},{"@type":"ListItem","position":3,"name":"Meuble d&rsquo;Entr\u00e9e Modulaire 3en1 Design Scandinave | Armoire, Portemanteau &#038; Banc Rangement"}]},{"@type":"WebSite","@id":"https:\/\/roomiodz.com\/#website","url":"https:\/\/roomiodz.com\/","name":"Roomio","description":"Boutique de produits meuble","publisher":{"@id":"https:\/\/roomiodz.com\/#organization"},"potentialAction":[{"@type":"SearchAction","target":{"@type":"EntryPoint","urlTemplate":"https:\/\/roomiodz.com\/?s={search_term_string}"},"query-input":{"@type":"PropertyValueSpecification","valueRequired":true,"valueName":"search_term_string"}}],"inLanguage":"fr-FR"},{"@type":"Organization","@id":"https:\/\/roomiodz.com\/#organization","name":"Roomio","url":"https:\/\/roomiodz.com\/","logo":{"@type":"ImageObject","inLanguage":"fr-FR","@id":"https:\/\/roomiodz.com\/#\/schema\/logo\/image\/","url":"https:\/\/roomiodz.com\/wp-content\/uploads\/2025\/08\/cropped-81bc493f-1539-40d3-ab47-a7b9d2257ff0-2.png","contentUrl":"https:\/\/roomiodz.com\/wp-content\/uploads\/2025\/08\/cropped-81bc493f-1539-40d3-ab47-a7b9d2257ff0-2.png","width":512,"height":512,"caption":"Roomio"},"image":{"@id":"https:\/\/roomiodz.com\/#\/schema\/logo\/image\/"},"sameAs":["https:\/\/web.facebook.com\/profile.php?id=61579361657009"]}]}},"_links":{"self":[{"href":"https:\/\/roomiodz.com\/index.php\/wp-json\/wp\/v2\/product\/28979","targetHints":{"allow":["GET"]}}],"collection":[{"href":"https:\/\/roomiodz.com\/index.php\/wp-json\/wp\/v2\/product"}],"about":[{"href":"https:\/\/roomiodz.com\/index.php\/wp-json\/wp\/v2\/types\/product"}],"version-history":[{"count":2,"href":"https:\/\/roomiodz.com\/index.php\/wp-json\/wp\/v2\/product\/28979\/revisions"}],"predecessor-version":[{"id":29053,"href":"https:\/\/roomiodz.com\/index.php\/wp-json\/wp\/v2\/product\/28979\/revisions\/29053"}],"wp:featuredmedia":[{"embeddable":true,"href":"https:\/\/roomiodz.com\/index.php\/wp-json\/wp\/v2\/media\/28981"}],"wp:attachment":[{"href":"https:\/\/roomiodz.com\/index.php\/wp-json\/wp\/v2\/media?parent=28979"}],"wp:term":[{"taxonomy":"product_brand","embeddable":true,"href":"https:\/\/roomiodz.com\/index.php\/wp-json\/wp\/v2\/product_brand?post=28979"},{"taxonomy":"product_cat","embeddable":true,"href":"https:\/\/roomiodz.com\/index.php\/wp-json\/wp\/v2\/product_cat?post=28979"},{"taxonomy":"product_tag","embeddable":true,"href":"https:\/\/roomiodz.com\/index.php\/wp-json\/wp\/v2\/product_tag?post=28979"}],"curies":[{"name":"wp","href":"https:\/\/api.w.org\/{rel}","templated":true}]}}