{"id":28765,"date":"2025-11-13T15:30:05","date_gmt":"2025-11-13T14:30:05","guid":{"rendered":"https:\/\/roomiodz.com\/?post_type=product&#038;p=28765"},"modified":"2025-11-13T15:30:06","modified_gmt":"2025-11-13T14:30:06","slug":"table-basse-design-scandinave-90x60-cm","status":"publish","type":"product","link":"https:\/\/roomiodz.com\/index.php\/produit\/table-basse-design-scandinave-90x60-cm\/","title":{"rendered":"Table Basse Design Scandinave 90&#215;60 cm"},"content":{"rendered":"<ul>\n<li><b>Style :<\/b> Scandinave \/ Moderne<\/li>\n<li><b>Dimensions :<\/b> L. 90 cm x l. 60 cm (Rectangulaire)<\/li>\n<li><b>Couleurs :<\/b> Bois clair et Fa\u00e7ade de tiroirs Blanc<\/li>\n<li><b>Rangements :<\/b> <b>2 grands tiroirs<\/b> de rangement<\/li>\n<li><b>Pieds : <\/b>pieds en bois massif.<\/li>\n<li><b>Id\u00e9al pour :<\/b> Salon, Salle de s\u00e9jour, Appartement.<\/li>\n<\/ul>\n","protected":false},"excerpt":{"rendered":"<p>Apportez une touche de modernit\u00e9 chaleureuse \u00e0 votre int\u00e9rieur avec notre <b>Table Basse Scandinave<\/b> bicolore. Con\u00e7ue pour s&rsquo;int\u00e9grer parfaitement aux d\u00e9cors contemporains, nordiques ou minimalistes, elle allie l&rsquo;esth\u00e9tique \u00e9pur\u00e9e du <b>bois naturel<\/b> et la clart\u00e9 intemporelle du <b>blanc<\/b>.<\/p>\n","protected":false},"featured_media":28766,"template":"","meta":[],"product_brand":[],"product_cat":[79],"product_tag":[],"class_list":{"0":"post-28765","1":"product","2":"type-product","3":"status-publish","4":"has-post-thumbnail","6":"product_cat-table","8":"first","9":"instock","10":"shipping-taxable","11":"purchasable","12":"product-type-simple"},"yoast_head":"<!-- This site is optimized with the Yoast SEO plugin v27.2 - https:\/\/yoast.com\/product\/yoast-seo-wordpress\/ -->\n<title>Table Basse Design Scandinave 90x60 cm &#8211; roomio<\/title>\n<meta name=\"robots\" content=\"index, follow, max-snippet:-1, max-image-preview:large, max-video-preview:-1\" \/>\n<link rel=\"canonical\" href=\"https:\/\/roomiodz.com\/index.php\/produit\/table-basse-design-scandinave-90x60-cm\/\" \/>\n<meta property=\"og:locale\" content=\"fr_FR\" \/>\n<meta property=\"og:type\" content=\"article\" \/>\n<meta property=\"og:title\" content=\"Table Basse Design Scandinave 90x60 cm &#8211; roomio\" \/>\n<meta property=\"og:description\" content=\"Apportez une touche de modernit\u00e9 chaleureuse \u00e0 votre int\u00e9rieur avec notre Table Basse Scandinave bicolore. Con\u00e7ue pour s&#039;int\u00e9grer parfaitement aux d\u00e9cors contemporains, nordiques ou minimalistes, elle allie l&#039;esth\u00e9tique \u00e9pur\u00e9e du bois naturel et la clart\u00e9 intemporelle du blanc.\" \/>\n<meta property=\"og:url\" content=\"https:\/\/roomiodz.com\/index.php\/produit\/table-basse-design-scandinave-90x60-cm\/\" \/>\n<meta property=\"og:site_name\" content=\"roomio\" \/>\n<meta property=\"article:publisher\" content=\"https:\/\/web.facebook.com\/profile.php?id=61579361657009\" \/>\n<meta property=\"article:modified_time\" content=\"2025-11-13T14:30:06+00:00\" \/>\n<meta property=\"og:image\" content=\"https:\/\/roomiodz.com\/wp-content\/uploads\/2025\/11\/unnamed.jpg\" \/>\n\t<meta property=\"og:image:width\" content=\"747\" \/>\n\t<meta property=\"og:image:height\" content=\"1024\" \/>\n\t<meta property=\"og:image:type\" content=\"image\/jpeg\" \/>\n<meta name=\"twitter:card\" content=\"summary_large_image\" \/>\n<meta name=\"twitter:label1\" content=\"Dur\u00e9e de lecture estim\u00e9e\" \/>\n\t<meta name=\"twitter:data1\" content=\"1 minute\" \/>\n<script type=\"application\/ld+json\" class=\"yoast-schema-graph\">{\"@context\":\"https:\/\/schema.org\",\"@graph\":[{\"@type\":\"WebPage\",\"@id\":\"https:\/\/roomiodz.com\/index.php\/produit\/table-basse-design-scandinave-90x60-cm\/\",\"url\":\"https:\/\/roomiodz.com\/index.php\/produit\/table-basse-design-scandinave-90x60-cm\/\",\"name\":\"Table Basse Design Scandinave 90x60 cm &#8211; roomio\",\"isPartOf\":{\"@id\":\"https:\/\/roomiodz.com\/#website\"},\"primaryImageOfPage\":{\"@id\":\"https:\/\/roomiodz.com\/index.php\/produit\/table-basse-design-scandinave-90x60-cm\/#primaryimage\"},\"image\":{\"@id\":\"https:\/\/roomiodz.com\/index.php\/produit\/table-basse-design-scandinave-90x60-cm\/#primaryimage\"},\"thumbnailUrl\":\"https:\/\/roomiodz.com\/wp-content\/uploads\/2025\/11\/unnamed.jpg?v=1763646419\",\"datePublished\":\"2025-11-13T14:30:05+00:00\",\"dateModified\":\"2025-11-13T14:30:06+00:00\",\"breadcrumb\":{\"@id\":\"https:\/\/roomiodz.com\/index.php\/produit\/table-basse-design-scandinave-90x60-cm\/#breadcrumb\"},\"inLanguage\":\"fr-FR\",\"potentialAction\":[{\"@type\":\"ReadAction\",\"target\":[\"https:\/\/roomiodz.com\/index.php\/produit\/table-basse-design-scandinave-90x60-cm\/\"]}]},{\"@type\":\"ImageObject\",\"inLanguage\":\"fr-FR\",\"@id\":\"https:\/\/roomiodz.com\/index.php\/produit\/table-basse-design-scandinave-90x60-cm\/#primaryimage\",\"url\":\"https:\/\/roomiodz.com\/wp-content\/uploads\/2025\/11\/unnamed.jpg?v=1763646419\",\"contentUrl\":\"https:\/\/roomiodz.com\/wp-content\/uploads\/2025\/11\/unnamed.jpg?v=1763646419\",\"width\":747,\"height\":1024},{\"@type\":\"BreadcrumbList\",\"@id\":\"https:\/\/roomiodz.com\/index.php\/produit\/table-basse-design-scandinave-90x60-cm\/#breadcrumb\",\"itemListElement\":[{\"@type\":\"ListItem\",\"position\":1,\"name\":\"Accueil\",\"item\":\"https:\/\/roomiodz.com\/\"},{\"@type\":\"ListItem\",\"position\":2,\"name\":\"Shop\",\"item\":\"https:\/\/roomiodz.com\/index.php\/shop\/\"},{\"@type\":\"ListItem\",\"position\":3,\"name\":\"Table Basse Design Scandinave 90&#215;60 cm\"}]},{\"@type\":\"WebSite\",\"@id\":\"https:\/\/roomiodz.com\/#website\",\"url\":\"https:\/\/roomiodz.com\/\",\"name\":\"Roomio\",\"description\":\"Boutique de produits meuble\",\"publisher\":{\"@id\":\"https:\/\/roomiodz.com\/#organization\"},\"potentialAction\":[{\"@type\":\"SearchAction\",\"target\":{\"@type\":\"EntryPoint\",\"urlTemplate\":\"https:\/\/roomiodz.com\/?s={search_term_string}\"},\"query-input\":{\"@type\":\"PropertyValueSpecification\",\"valueRequired\":true,\"valueName\":\"search_term_string\"}}],\"inLanguage\":\"fr-FR\"},{\"@type\":\"Organization\",\"@id\":\"https:\/\/roomiodz.com\/#organization\",\"name\":\"Roomio\",\"url\":\"https:\/\/roomiodz.com\/\",\"logo\":{\"@type\":\"ImageObject\",\"inLanguage\":\"fr-FR\",\"@id\":\"https:\/\/roomiodz.com\/#\/schema\/logo\/image\/\",\"url\":\"https:\/\/roomiodz.com\/wp-content\/uploads\/2025\/08\/cropped-81bc493f-1539-40d3-ab47-a7b9d2257ff0-2.png\",\"contentUrl\":\"https:\/\/roomiodz.com\/wp-content\/uploads\/2025\/08\/cropped-81bc493f-1539-40d3-ab47-a7b9d2257ff0-2.png\",\"width\":512,\"height\":512,\"caption\":\"Roomio\"},\"image\":{\"@id\":\"https:\/\/roomiodz.com\/#\/schema\/logo\/image\/\"},\"sameAs\":[\"https:\/\/web.facebook.com\/profile.php?id=61579361657009\"]}]}<\/script>\n<!-- \/ Yoast SEO plugin. -->","yoast_head_json":{"title":"Table Basse Design Scandinave 90x60 cm &#8211; roomio","robots":{"index":"index","follow":"follow","max-snippet":"max-snippet:-1","max-image-preview":"max-image-preview:large","max-video-preview":"max-video-preview:-1"},"canonical":"https:\/\/roomiodz.com\/index.php\/produit\/table-basse-design-scandinave-90x60-cm\/","og_locale":"fr_FR","og_type":"article","og_title":"Table Basse Design Scandinave 90x60 cm &#8211; roomio","og_description":"Apportez une touche de modernit\u00e9 chaleureuse \u00e0 votre int\u00e9rieur avec notre Table Basse Scandinave bicolore. Con\u00e7ue pour s'int\u00e9grer parfaitement aux d\u00e9cors contemporains, nordiques ou minimalistes, elle allie l'esth\u00e9tique \u00e9pur\u00e9e du bois naturel et la clart\u00e9 intemporelle du blanc.","og_url":"https:\/\/roomiodz.com\/index.php\/produit\/table-basse-design-scandinave-90x60-cm\/","og_site_name":"roomio","article_publisher":"https:\/\/web.facebook.com\/profile.php?id=61579361657009","article_modified_time":"2025-11-13T14:30:06+00:00","og_image":[{"width":747,"height":1024,"url":"https:\/\/roomiodz.com\/wp-content\/uploads\/2025\/11\/unnamed.jpg","type":"image\/jpeg"}],"twitter_card":"summary_large_image","twitter_misc":{"Dur\u00e9e de lecture estim\u00e9e":"1 minute"},"schema":{"@context":"https:\/\/schema.org","@graph":[{"@type":"WebPage","@id":"https:\/\/roomiodz.com\/index.php\/produit\/table-basse-design-scandinave-90x60-cm\/","url":"https:\/\/roomiodz.com\/index.php\/produit\/table-basse-design-scandinave-90x60-cm\/","name":"Table Basse Design Scandinave 90x60 cm &#8211; roomio","isPartOf":{"@id":"https:\/\/roomiodz.com\/#website"},"primaryImageOfPage":{"@id":"https:\/\/roomiodz.com\/index.php\/produit\/table-basse-design-scandinave-90x60-cm\/#primaryimage"},"image":{"@id":"https:\/\/roomiodz.com\/index.php\/produit\/table-basse-design-scandinave-90x60-cm\/#primaryimage"},"thumbnailUrl":"https:\/\/roomiodz.com\/wp-content\/uploads\/2025\/11\/unnamed.jpg?v=1763646419","datePublished":"2025-11-13T14:30:05+00:00","dateModified":"2025-11-13T14:30:06+00:00","breadcrumb":{"@id":"https:\/\/roomiodz.com\/index.php\/produit\/table-basse-design-scandinave-90x60-cm\/#breadcrumb"},"inLanguage":"fr-FR","potentialAction":[{"@type":"ReadAction","target":["https:\/\/roomiodz.com\/index.php\/produit\/table-basse-design-scandinave-90x60-cm\/"]}]},{"@type":"ImageObject","inLanguage":"fr-FR","@id":"https:\/\/roomiodz.com\/index.php\/produit\/table-basse-design-scandinave-90x60-cm\/#primaryimage","url":"https:\/\/roomiodz.com\/wp-content\/uploads\/2025\/11\/unnamed.jpg?v=1763646419","contentUrl":"https:\/\/roomiodz.com\/wp-content\/uploads\/2025\/11\/unnamed.jpg?v=1763646419","width":747,"height":1024},{"@type":"BreadcrumbList","@id":"https:\/\/roomiodz.com\/index.php\/produit\/table-basse-design-scandinave-90x60-cm\/#breadcrumb","itemListElement":[{"@type":"ListItem","position":1,"name":"Accueil","item":"https:\/\/roomiodz.com\/"},{"@type":"ListItem","position":2,"name":"Shop","item":"https:\/\/roomiodz.com\/index.php\/shop\/"},{"@type":"ListItem","position":3,"name":"Table Basse Design Scandinave 90&#215;60 cm"}]},{"@type":"WebSite","@id":"https:\/\/roomiodz.com\/#website","url":"https:\/\/roomiodz.com\/","name":"Roomio","description":"Boutique de produits meuble","publisher":{"@id":"https:\/\/roomiodz.com\/#organization"},"potentialAction":[{"@type":"SearchAction","target":{"@type":"EntryPoint","urlTemplate":"https:\/\/roomiodz.com\/?s={search_term_string}"},"query-input":{"@type":"PropertyValueSpecification","valueRequired":true,"valueName":"search_term_string"}}],"inLanguage":"fr-FR"},{"@type":"Organization","@id":"https:\/\/roomiodz.com\/#organization","name":"Roomio","url":"https:\/\/roomiodz.com\/","logo":{"@type":"ImageObject","inLanguage":"fr-FR","@id":"https:\/\/roomiodz.com\/#\/schema\/logo\/image\/","url":"https:\/\/roomiodz.com\/wp-content\/uploads\/2025\/08\/cropped-81bc493f-1539-40d3-ab47-a7b9d2257ff0-2.png","contentUrl":"https:\/\/roomiodz.com\/wp-content\/uploads\/2025\/08\/cropped-81bc493f-1539-40d3-ab47-a7b9d2257ff0-2.png","width":512,"height":512,"caption":"Roomio"},"image":{"@id":"https:\/\/roomiodz.com\/#\/schema\/logo\/image\/"},"sameAs":["https:\/\/web.facebook.com\/profile.php?id=61579361657009"]}]}},"_links":{"self":[{"href":"https:\/\/roomiodz.com\/index.php\/wp-json\/wp\/v2\/product\/28765","targetHints":{"allow":["GET"]}}],"collection":[{"href":"https:\/\/roomiodz.com\/index.php\/wp-json\/wp\/v2\/product"}],"about":[{"href":"https:\/\/roomiodz.com\/index.php\/wp-json\/wp\/v2\/types\/product"}],"version-history":[{"count":1,"href":"https:\/\/roomiodz.com\/index.php\/wp-json\/wp\/v2\/product\/28765\/revisions"}],"predecessor-version":[{"id":28767,"href":"https:\/\/roomiodz.com\/index.php\/wp-json\/wp\/v2\/product\/28765\/revisions\/28767"}],"wp:featuredmedia":[{"embeddable":true,"href":"https:\/\/roomiodz.com\/index.php\/wp-json\/wp\/v2\/media\/28766"}],"wp:attachment":[{"href":"https:\/\/roomiodz.com\/index.php\/wp-json\/wp\/v2\/media?parent=28765"}],"wp:term":[{"taxonomy":"product_brand","embeddable":true,"href":"https:\/\/roomiodz.com\/index.php\/wp-json\/wp\/v2\/product_brand?post=28765"},{"taxonomy":"product_cat","embeddable":true,"href":"https:\/\/roomiodz.com\/index.php\/wp-json\/wp\/v2\/product_cat?post=28765"},{"taxonomy":"product_tag","embeddable":true,"href":"https:\/\/roomiodz.com\/index.php\/wp-json\/wp\/v2\/product_tag?post=28765"}],"curies":[{"name":"wp","href":"https:\/\/api.w.org\/{rel}","templated":true}]}}