{"id":28694,"date":"2025-11-04T14:56:26","date_gmt":"2025-11-04T13:56:26","guid":{"rendered":"https:\/\/roomiodz.com\/?post_type=product&#038;p=28694"},"modified":"2026-04-12T19:58:30","modified_gmt":"2026-04-12T18:58:30","slug":"bibliotheque-moderne-avec-tiroirs","status":"publish","type":"product","link":"https:\/\/roomiodz.com\/index.php\/produit\/bibliotheque-moderne-avec-tiroirs\/","title":{"rendered":"Biblioth\u00e8que Moderne avec Tiroirs"},"content":{"rendered":"<ul data-start=\"166\" data-end=\"569\">\n<li><strong data-start=\"168\" data-end=\"182\">Dimensions<\/strong>\u00a0: Hauteur\u00a0<strong data-start=\"193\" data-end=\"203\">180 cm<\/strong>, Profondeur\u00a0<strong data-start=\"216\" data-end=\"225\">30 cm<\/strong>, Largeur 6<strong data-start=\"235\" data-end=\"245\">0 cm<\/strong><\/li>\n<\/ul>\n","protected":false},"excerpt":{"rendered":"<p>Apportez une touche d\u2019\u00e9l\u00e9gance et de fonctionnalit\u00e9 \u00e0 votre int\u00e9rieur avec cette <strong data-start=\"308\" data-end=\"353\">biblioth\u00e8que moderne au design scandinave<\/strong>. Con\u00e7ue en panneaux de bois robustes, elle associe une finition <strong data-start=\"418\" data-end=\"440\">beige bois naturel<\/strong> et des <strong data-start=\"448\" data-end=\"466\">tiroir <\/strong>avec poign\u00e9es en bois clair, offrant un contraste harmonieux et chaleureux.<\/p>\n","protected":false},"featured_media":28698,"template":"","meta":[],"product_brand":[],"product_cat":[77],"product_tag":[],"class_list":{"0":"post-28694","1":"product","2":"type-product","3":"status-publish","4":"has-post-thumbnail","6":"product_cat-meuble-de-rangement","8":"first","9":"instock","10":"shipping-taxable","11":"purchasable","12":"product-type-simple"},"yoast_head":"<!-- This site is optimized with the Yoast SEO plugin v27.2 - https:\/\/yoast.com\/product\/yoast-seo-wordpress\/ -->\n<title>Biblioth\u00e8que Moderne avec Tiroirs &#8211; roomio<\/title>\n<meta name=\"robots\" content=\"index, follow, max-snippet:-1, max-image-preview:large, max-video-preview:-1\" \/>\n<link rel=\"canonical\" href=\"https:\/\/roomiodz.com\/index.php\/produit\/bibliotheque-moderne-avec-tiroirs\/\" \/>\n<meta property=\"og:locale\" content=\"fr_FR\" \/>\n<meta property=\"og:type\" content=\"article\" \/>\n<meta property=\"og:title\" content=\"Biblioth\u00e8que Moderne avec Tiroirs &#8211; roomio\" \/>\n<meta property=\"og:description\" content=\"Apportez une touche d\u2019\u00e9l\u00e9gance et de fonctionnalit\u00e9 \u00e0 votre int\u00e9rieur avec cette biblioth\u00e8que moderne au design scandinave. Con\u00e7ue en panneaux de bois robustes, elle associe une finition beige bois naturel et des tiroir avec poign\u00e9es en bois clair, offrant un contraste harmonieux et chaleureux.\" \/>\n<meta property=\"og:url\" content=\"https:\/\/roomiodz.com\/index.php\/produit\/bibliotheque-moderne-avec-tiroirs\/\" \/>\n<meta property=\"og:site_name\" content=\"roomio\" \/>\n<meta property=\"article:publisher\" content=\"https:\/\/web.facebook.com\/profile.php?id=61579361657009\" \/>\n<meta property=\"article:modified_time\" content=\"2026-04-12T18:58:30+00:00\" \/>\n<meta property=\"og:image\" content=\"https:\/\/roomiodz.com\/wp-content\/uploads\/2025\/11\/Gemini_Generated_Image_vnlwocvnlwocvnlw-1.png?v=1763646460\" \/>\n\t<meta property=\"og:image:width\" content=\"672\" \/>\n\t<meta property=\"og:image:height\" content=\"1536\" \/>\n\t<meta property=\"og:image:type\" content=\"image\/png\" \/>\n<meta name=\"twitter:card\" content=\"summary_large_image\" \/>\n<meta name=\"twitter:label1\" content=\"Dur\u00e9e de lecture estim\u00e9e\" \/>\n\t<meta name=\"twitter:data1\" content=\"1 minute\" \/>\n<script type=\"application\/ld+json\" class=\"yoast-schema-graph\">{\"@context\":\"https:\/\/schema.org\",\"@graph\":[{\"@type\":\"WebPage\",\"@id\":\"https:\/\/roomiodz.com\/index.php\/produit\/bibliotheque-moderne-avec-tiroirs\/\",\"url\":\"https:\/\/roomiodz.com\/index.php\/produit\/bibliotheque-moderne-avec-tiroirs\/\",\"name\":\"Biblioth\u00e8que Moderne avec Tiroirs &#8211; roomio\",\"isPartOf\":{\"@id\":\"https:\/\/roomiodz.com\/#website\"},\"primaryImageOfPage\":{\"@id\":\"https:\/\/roomiodz.com\/index.php\/produit\/bibliotheque-moderne-avec-tiroirs\/#primaryimage\"},\"image\":{\"@id\":\"https:\/\/roomiodz.com\/index.php\/produit\/bibliotheque-moderne-avec-tiroirs\/#primaryimage\"},\"thumbnailUrl\":\"https:\/\/roomiodz.com\/wp-content\/uploads\/2025\/11\/Gemini_Generated_Image_vnlwocvnlwocvnlw-1.png?v=1763646460\",\"datePublished\":\"2025-11-04T13:56:26+00:00\",\"dateModified\":\"2026-04-12T18:58:30+00:00\",\"breadcrumb\":{\"@id\":\"https:\/\/roomiodz.com\/index.php\/produit\/bibliotheque-moderne-avec-tiroirs\/#breadcrumb\"},\"inLanguage\":\"fr-FR\",\"potentialAction\":[{\"@type\":\"ReadAction\",\"target\":[\"https:\/\/roomiodz.com\/index.php\/produit\/bibliotheque-moderne-avec-tiroirs\/\"]}]},{\"@type\":\"ImageObject\",\"inLanguage\":\"fr-FR\",\"@id\":\"https:\/\/roomiodz.com\/index.php\/produit\/bibliotheque-moderne-avec-tiroirs\/#primaryimage\",\"url\":\"https:\/\/roomiodz.com\/wp-content\/uploads\/2025\/11\/Gemini_Generated_Image_vnlwocvnlwocvnlw-1.png?v=1763646460\",\"contentUrl\":\"https:\/\/roomiodz.com\/wp-content\/uploads\/2025\/11\/Gemini_Generated_Image_vnlwocvnlwocvnlw-1.png?v=1763646460\",\"width\":672,\"height\":1536},{\"@type\":\"BreadcrumbList\",\"@id\":\"https:\/\/roomiodz.com\/index.php\/produit\/bibliotheque-moderne-avec-tiroirs\/#breadcrumb\",\"itemListElement\":[{\"@type\":\"ListItem\",\"position\":1,\"name\":\"Accueil\",\"item\":\"https:\/\/roomiodz.com\/\"},{\"@type\":\"ListItem\",\"position\":2,\"name\":\"Shop\",\"item\":\"https:\/\/roomiodz.com\/index.php\/shop\/\"},{\"@type\":\"ListItem\",\"position\":3,\"name\":\"Biblioth\u00e8que Moderne avec Tiroirs\"}]},{\"@type\":\"WebSite\",\"@id\":\"https:\/\/roomiodz.com\/#website\",\"url\":\"https:\/\/roomiodz.com\/\",\"name\":\"Roomio\",\"description\":\"Boutique de produits meuble\",\"publisher\":{\"@id\":\"https:\/\/roomiodz.com\/#organization\"},\"potentialAction\":[{\"@type\":\"SearchAction\",\"target\":{\"@type\":\"EntryPoint\",\"urlTemplate\":\"https:\/\/roomiodz.com\/?s={search_term_string}\"},\"query-input\":{\"@type\":\"PropertyValueSpecification\",\"valueRequired\":true,\"valueName\":\"search_term_string\"}}],\"inLanguage\":\"fr-FR\"},{\"@type\":\"Organization\",\"@id\":\"https:\/\/roomiodz.com\/#organization\",\"name\":\"Roomio\",\"url\":\"https:\/\/roomiodz.com\/\",\"logo\":{\"@type\":\"ImageObject\",\"inLanguage\":\"fr-FR\",\"@id\":\"https:\/\/roomiodz.com\/#\/schema\/logo\/image\/\",\"url\":\"https:\/\/roomiodz.com\/wp-content\/uploads\/2025\/08\/cropped-81bc493f-1539-40d3-ab47-a7b9d2257ff0-2.png\",\"contentUrl\":\"https:\/\/roomiodz.com\/wp-content\/uploads\/2025\/08\/cropped-81bc493f-1539-40d3-ab47-a7b9d2257ff0-2.png\",\"width\":512,\"height\":512,\"caption\":\"Roomio\"},\"image\":{\"@id\":\"https:\/\/roomiodz.com\/#\/schema\/logo\/image\/\"},\"sameAs\":[\"https:\/\/web.facebook.com\/profile.php?id=61579361657009\"]}]}<\/script>\n<!-- \/ Yoast SEO plugin. -->","yoast_head_json":{"title":"Biblioth\u00e8que Moderne avec Tiroirs &#8211; roomio","robots":{"index":"index","follow":"follow","max-snippet":"max-snippet:-1","max-image-preview":"max-image-preview:large","max-video-preview":"max-video-preview:-1"},"canonical":"https:\/\/roomiodz.com\/index.php\/produit\/bibliotheque-moderne-avec-tiroirs\/","og_locale":"fr_FR","og_type":"article","og_title":"Biblioth\u00e8que Moderne avec Tiroirs &#8211; roomio","og_description":"Apportez une touche d\u2019\u00e9l\u00e9gance et de fonctionnalit\u00e9 \u00e0 votre int\u00e9rieur avec cette biblioth\u00e8que moderne au design scandinave. Con\u00e7ue en panneaux de bois robustes, elle associe une finition beige bois naturel et des tiroir avec poign\u00e9es en bois clair, offrant un contraste harmonieux et chaleureux.","og_url":"https:\/\/roomiodz.com\/index.php\/produit\/bibliotheque-moderne-avec-tiroirs\/","og_site_name":"roomio","article_publisher":"https:\/\/web.facebook.com\/profile.php?id=61579361657009","article_modified_time":"2026-04-12T18:58:30+00:00","og_image":[{"width":672,"height":1536,"url":"https:\/\/roomiodz.com\/wp-content\/uploads\/2025\/11\/Gemini_Generated_Image_vnlwocvnlwocvnlw-1.png?v=1763646460","type":"image\/png"}],"twitter_card":"summary_large_image","twitter_misc":{"Dur\u00e9e de lecture estim\u00e9e":"1 minute"},"schema":{"@context":"https:\/\/schema.org","@graph":[{"@type":"WebPage","@id":"https:\/\/roomiodz.com\/index.php\/produit\/bibliotheque-moderne-avec-tiroirs\/","url":"https:\/\/roomiodz.com\/index.php\/produit\/bibliotheque-moderne-avec-tiroirs\/","name":"Biblioth\u00e8que Moderne avec Tiroirs &#8211; roomio","isPartOf":{"@id":"https:\/\/roomiodz.com\/#website"},"primaryImageOfPage":{"@id":"https:\/\/roomiodz.com\/index.php\/produit\/bibliotheque-moderne-avec-tiroirs\/#primaryimage"},"image":{"@id":"https:\/\/roomiodz.com\/index.php\/produit\/bibliotheque-moderne-avec-tiroirs\/#primaryimage"},"thumbnailUrl":"https:\/\/roomiodz.com\/wp-content\/uploads\/2025\/11\/Gemini_Generated_Image_vnlwocvnlwocvnlw-1.png?v=1763646460","datePublished":"2025-11-04T13:56:26+00:00","dateModified":"2026-04-12T18:58:30+00:00","breadcrumb":{"@id":"https:\/\/roomiodz.com\/index.php\/produit\/bibliotheque-moderne-avec-tiroirs\/#breadcrumb"},"inLanguage":"fr-FR","potentialAction":[{"@type":"ReadAction","target":["https:\/\/roomiodz.com\/index.php\/produit\/bibliotheque-moderne-avec-tiroirs\/"]}]},{"@type":"ImageObject","inLanguage":"fr-FR","@id":"https:\/\/roomiodz.com\/index.php\/produit\/bibliotheque-moderne-avec-tiroirs\/#primaryimage","url":"https:\/\/roomiodz.com\/wp-content\/uploads\/2025\/11\/Gemini_Generated_Image_vnlwocvnlwocvnlw-1.png?v=1763646460","contentUrl":"https:\/\/roomiodz.com\/wp-content\/uploads\/2025\/11\/Gemini_Generated_Image_vnlwocvnlwocvnlw-1.png?v=1763646460","width":672,"height":1536},{"@type":"BreadcrumbList","@id":"https:\/\/roomiodz.com\/index.php\/produit\/bibliotheque-moderne-avec-tiroirs\/#breadcrumb","itemListElement":[{"@type":"ListItem","position":1,"name":"Accueil","item":"https:\/\/roomiodz.com\/"},{"@type":"ListItem","position":2,"name":"Shop","item":"https:\/\/roomiodz.com\/index.php\/shop\/"},{"@type":"ListItem","position":3,"name":"Biblioth\u00e8que Moderne avec Tiroirs"}]},{"@type":"WebSite","@id":"https:\/\/roomiodz.com\/#website","url":"https:\/\/roomiodz.com\/","name":"Roomio","description":"Boutique de produits meuble","publisher":{"@id":"https:\/\/roomiodz.com\/#organization"},"potentialAction":[{"@type":"SearchAction","target":{"@type":"EntryPoint","urlTemplate":"https:\/\/roomiodz.com\/?s={search_term_string}"},"query-input":{"@type":"PropertyValueSpecification","valueRequired":true,"valueName":"search_term_string"}}],"inLanguage":"fr-FR"},{"@type":"Organization","@id":"https:\/\/roomiodz.com\/#organization","name":"Roomio","url":"https:\/\/roomiodz.com\/","logo":{"@type":"ImageObject","inLanguage":"fr-FR","@id":"https:\/\/roomiodz.com\/#\/schema\/logo\/image\/","url":"https:\/\/roomiodz.com\/wp-content\/uploads\/2025\/08\/cropped-81bc493f-1539-40d3-ab47-a7b9d2257ff0-2.png","contentUrl":"https:\/\/roomiodz.com\/wp-content\/uploads\/2025\/08\/cropped-81bc493f-1539-40d3-ab47-a7b9d2257ff0-2.png","width":512,"height":512,"caption":"Roomio"},"image":{"@id":"https:\/\/roomiodz.com\/#\/schema\/logo\/image\/"},"sameAs":["https:\/\/web.facebook.com\/profile.php?id=61579361657009"]}]}},"_links":{"self":[{"href":"https:\/\/roomiodz.com\/index.php\/wp-json\/wp\/v2\/product\/28694","targetHints":{"allow":["GET"]}}],"collection":[{"href":"https:\/\/roomiodz.com\/index.php\/wp-json\/wp\/v2\/product"}],"about":[{"href":"https:\/\/roomiodz.com\/index.php\/wp-json\/wp\/v2\/types\/product"}],"version-history":[{"count":1,"href":"https:\/\/roomiodz.com\/index.php\/wp-json\/wp\/v2\/product\/28694\/revisions"}],"predecessor-version":[{"id":28697,"href":"https:\/\/roomiodz.com\/index.php\/wp-json\/wp\/v2\/product\/28694\/revisions\/28697"}],"wp:featuredmedia":[{"embeddable":true,"href":"https:\/\/roomiodz.com\/index.php\/wp-json\/wp\/v2\/media\/28698"}],"wp:attachment":[{"href":"https:\/\/roomiodz.com\/index.php\/wp-json\/wp\/v2\/media?parent=28694"}],"wp:term":[{"taxonomy":"product_brand","embeddable":true,"href":"https:\/\/roomiodz.com\/index.php\/wp-json\/wp\/v2\/product_brand?post=28694"},{"taxonomy":"product_cat","embeddable":true,"href":"https:\/\/roomiodz.com\/index.php\/wp-json\/wp\/v2\/product_cat?post=28694"},{"taxonomy":"product_tag","embeddable":true,"href":"https:\/\/roomiodz.com\/index.php\/wp-json\/wp\/v2\/product_tag?post=28694"}],"curies":[{"name":"wp","href":"https:\/\/api.w.org\/{rel}","templated":true}]}}