{"id":28657,"date":"2025-11-02T13:57:01","date_gmt":"2025-11-02T12:57:01","guid":{"rendered":"https:\/\/roomiodz.com\/?post_type=product&#038;p=28657"},"modified":"2026-04-05T18:23:50","modified_gmt":"2026-04-05T17:23:50","slug":"meuble-a-chaussure-3p-60cm","status":"publish","type":"product","link":"https:\/\/roomiodz.com\/index.php\/produit\/meuble-a-chaussure-3p-60cm\/","title":{"rendered":"Meuble a chaussure 3P 60CM"},"content":{"rendered":"<h3 data-start=\"415\" data-end=\"439\">Caract\u00e9ristiques :<\/h3>\n<ul>\n<li data-start=\"229\" data-end=\"263\">\n<p data-start=\"231\" data-end=\"263\"><strong data-start=\"231\" data-end=\"240\">Style<\/strong>\u00a0: Scandinave moderne<\/p>\n<\/li>\n<li data-start=\"264\" data-end=\"295\">\n<p data-start=\"266\" data-end=\"295\"><strong data-start=\"266\" data-end=\"277\">Couleur<\/strong>\u00a0: Beige &amp; Blanc<\/p>\n<\/li>\n<li data-start=\"296\" data-end=\"336\">\n<p data-start=\"298\" data-end=\"336\"><strong data-start=\"298\" data-end=\"307\">Pieds<\/strong>\u00a0: Bois de h\u00eatre scandinave<\/p>\n<\/li>\n<li data-start=\"337\" data-end=\"377\">\n<p data-start=\"339\" data-end=\"377\"><strong data-start=\"339\" data-end=\"351\">Poign\u00e9es<\/strong> : Bois de h\u00eatre<\/p>\n<\/li>\n<li data-start=\"337\" data-end=\"377\">\n<p data-start=\"380\" data-end=\"399\"><strong data-start=\"380\" data-end=\"395\">Am\u00e9nagement<\/strong>\u00a0:<\/p>\n<ul data-start=\"402\" data-end=\"560\">\n<li data-start=\"402\" data-end=\"450\">\n<p data-start=\"404\" data-end=\"450\"><strong data-start=\"404\" data-end=\"424\">3 grande porte<\/strong> pour rangement spacieux<\/p>\n<\/li>\n<\/ul>\n<\/li>\n<\/ul>\n<p><strong>dimensions<\/strong> : Hauteur : 118cm<\/p>\n<p>Profondeur : 26cm<\/p>\n<p>Largeur : 60cm<\/p>\n<p>&nbsp;<\/p>\n<p>&nbsp;<\/p>\n","protected":false},"excerpt":{"rendered":"<p>Meuble \u00e0 chaussures scandinave avec 3 portes, \u00a0parfait pour une entr\u00e9e organis\u00e9e et \u00e9l\u00e9gante. Finition beige et blanc, \u00a0pieds en bois de h\u00eatre pour un style nordique moderne.<\/p>\n","protected":false},"featured_media":28658,"template":"","meta":[],"product_brand":[],"product_cat":[75],"product_tag":[],"class_list":{"0":"post-28657","1":"product","2":"type-product","3":"status-publish","4":"has-post-thumbnail","6":"product_cat-meuble-a-chaussures","8":"first","9":"instock","10":"shipping-taxable","11":"purchasable","12":"product-type-simple"},"yoast_head":"<!-- This site is optimized with the Yoast SEO plugin v27.2 - https:\/\/yoast.com\/product\/yoast-seo-wordpress\/ -->\n<title>Meuble a chaussure 3P 60CM &#8211; roomio<\/title>\n<meta name=\"robots\" content=\"index, follow, max-snippet:-1, max-image-preview:large, max-video-preview:-1\" \/>\n<link rel=\"canonical\" href=\"https:\/\/roomiodz.com\/index.php\/produit\/meuble-a-chaussure-3p-60cm\/\" \/>\n<meta property=\"og:locale\" content=\"fr_FR\" \/>\n<meta property=\"og:type\" content=\"article\" \/>\n<meta property=\"og:title\" content=\"Meuble a chaussure 3P 60CM &#8211; roomio\" \/>\n<meta property=\"og:description\" content=\"Meuble \u00e0 chaussures scandinave avec 3 portes, \u00a0parfait pour une entr\u00e9e organis\u00e9e et \u00e9l\u00e9gante. Finition beige et blanc, \u00a0pieds en bois de h\u00eatre pour un style nordique moderne.\" \/>\n<meta property=\"og:url\" content=\"https:\/\/roomiodz.com\/index.php\/produit\/meuble-a-chaussure-3p-60cm\/\" \/>\n<meta property=\"og:site_name\" content=\"roomio\" \/>\n<meta property=\"article:publisher\" content=\"https:\/\/web.facebook.com\/profile.php?id=61579361657009\" \/>\n<meta property=\"article:modified_time\" content=\"2026-04-05T17:23:50+00:00\" \/>\n<meta property=\"og:image\" content=\"https:\/\/roomiodz.com\/wp-content\/uploads\/2025\/11\/28e0935c-b607-4ff1-8f2f-37b02fd88ce0-1.png?v=1763645472\" \/>\n\t<meta property=\"og:image:width\" content=\"1024\" \/>\n\t<meta property=\"og:image:height\" content=\"1536\" \/>\n\t<meta property=\"og:image:type\" content=\"image\/png\" \/>\n<meta name=\"twitter:card\" content=\"summary_large_image\" \/>\n<meta name=\"twitter:label1\" content=\"Dur\u00e9e de lecture estim\u00e9e\" \/>\n\t<meta name=\"twitter:data1\" content=\"1 minute\" \/>\n<script type=\"application\/ld+json\" class=\"yoast-schema-graph\">{\"@context\":\"https:\/\/schema.org\",\"@graph\":[{\"@type\":\"WebPage\",\"@id\":\"https:\/\/roomiodz.com\/index.php\/produit\/meuble-a-chaussure-3p-60cm\/\",\"url\":\"https:\/\/roomiodz.com\/index.php\/produit\/meuble-a-chaussure-3p-60cm\/\",\"name\":\"Meuble a chaussure 3P 60CM &#8211; roomio\",\"isPartOf\":{\"@id\":\"https:\/\/roomiodz.com\/#website\"},\"primaryImageOfPage\":{\"@id\":\"https:\/\/roomiodz.com\/index.php\/produit\/meuble-a-chaussure-3p-60cm\/#primaryimage\"},\"image\":{\"@id\":\"https:\/\/roomiodz.com\/index.php\/produit\/meuble-a-chaussure-3p-60cm\/#primaryimage\"},\"thumbnailUrl\":\"https:\/\/roomiodz.com\/wp-content\/uploads\/2025\/11\/28e0935c-b607-4ff1-8f2f-37b02fd88ce0-1.png?v=1763645472\",\"datePublished\":\"2025-11-02T12:57:01+00:00\",\"dateModified\":\"2026-04-05T17:23:50+00:00\",\"breadcrumb\":{\"@id\":\"https:\/\/roomiodz.com\/index.php\/produit\/meuble-a-chaussure-3p-60cm\/#breadcrumb\"},\"inLanguage\":\"fr-FR\",\"potentialAction\":[{\"@type\":\"ReadAction\",\"target\":[\"https:\/\/roomiodz.com\/index.php\/produit\/meuble-a-chaussure-3p-60cm\/\"]}]},{\"@type\":\"ImageObject\",\"inLanguage\":\"fr-FR\",\"@id\":\"https:\/\/roomiodz.com\/index.php\/produit\/meuble-a-chaussure-3p-60cm\/#primaryimage\",\"url\":\"https:\/\/roomiodz.com\/wp-content\/uploads\/2025\/11\/28e0935c-b607-4ff1-8f2f-37b02fd88ce0-1.png?v=1763645472\",\"contentUrl\":\"https:\/\/roomiodz.com\/wp-content\/uploads\/2025\/11\/28e0935c-b607-4ff1-8f2f-37b02fd88ce0-1.png?v=1763645472\",\"width\":1024,\"height\":1536},{\"@type\":\"BreadcrumbList\",\"@id\":\"https:\/\/roomiodz.com\/index.php\/produit\/meuble-a-chaussure-3p-60cm\/#breadcrumb\",\"itemListElement\":[{\"@type\":\"ListItem\",\"position\":1,\"name\":\"Accueil\",\"item\":\"https:\/\/roomiodz.com\/\"},{\"@type\":\"ListItem\",\"position\":2,\"name\":\"Shop\",\"item\":\"https:\/\/roomiodz.com\/index.php\/shop\/\"},{\"@type\":\"ListItem\",\"position\":3,\"name\":\"Meuble a chaussure 3P 60CM\"}]},{\"@type\":\"WebSite\",\"@id\":\"https:\/\/roomiodz.com\/#website\",\"url\":\"https:\/\/roomiodz.com\/\",\"name\":\"Roomio\",\"description\":\"Boutique de produits meuble\",\"publisher\":{\"@id\":\"https:\/\/roomiodz.com\/#organization\"},\"potentialAction\":[{\"@type\":\"SearchAction\",\"target\":{\"@type\":\"EntryPoint\",\"urlTemplate\":\"https:\/\/roomiodz.com\/?s={search_term_string}\"},\"query-input\":{\"@type\":\"PropertyValueSpecification\",\"valueRequired\":true,\"valueName\":\"search_term_string\"}}],\"inLanguage\":\"fr-FR\"},{\"@type\":\"Organization\",\"@id\":\"https:\/\/roomiodz.com\/#organization\",\"name\":\"Roomio\",\"url\":\"https:\/\/roomiodz.com\/\",\"logo\":{\"@type\":\"ImageObject\",\"inLanguage\":\"fr-FR\",\"@id\":\"https:\/\/roomiodz.com\/#\/schema\/logo\/image\/\",\"url\":\"https:\/\/roomiodz.com\/wp-content\/uploads\/2025\/08\/cropped-81bc493f-1539-40d3-ab47-a7b9d2257ff0-2.png\",\"contentUrl\":\"https:\/\/roomiodz.com\/wp-content\/uploads\/2025\/08\/cropped-81bc493f-1539-40d3-ab47-a7b9d2257ff0-2.png\",\"width\":512,\"height\":512,\"caption\":\"Roomio\"},\"image\":{\"@id\":\"https:\/\/roomiodz.com\/#\/schema\/logo\/image\/\"},\"sameAs\":[\"https:\/\/web.facebook.com\/profile.php?id=61579361657009\"]}]}<\/script>\n<!-- \/ Yoast SEO plugin. -->","yoast_head_json":{"title":"Meuble a chaussure 3P 60CM &#8211; roomio","robots":{"index":"index","follow":"follow","max-snippet":"max-snippet:-1","max-image-preview":"max-image-preview:large","max-video-preview":"max-video-preview:-1"},"canonical":"https:\/\/roomiodz.com\/index.php\/produit\/meuble-a-chaussure-3p-60cm\/","og_locale":"fr_FR","og_type":"article","og_title":"Meuble a chaussure 3P 60CM &#8211; roomio","og_description":"Meuble \u00e0 chaussures scandinave avec 3 portes, \u00a0parfait pour une entr\u00e9e organis\u00e9e et \u00e9l\u00e9gante. Finition beige et blanc, \u00a0pieds en bois de h\u00eatre pour un style nordique moderne.","og_url":"https:\/\/roomiodz.com\/index.php\/produit\/meuble-a-chaussure-3p-60cm\/","og_site_name":"roomio","article_publisher":"https:\/\/web.facebook.com\/profile.php?id=61579361657009","article_modified_time":"2026-04-05T17:23:50+00:00","og_image":[{"width":1024,"height":1536,"url":"https:\/\/roomiodz.com\/wp-content\/uploads\/2025\/11\/28e0935c-b607-4ff1-8f2f-37b02fd88ce0-1.png?v=1763645472","type":"image\/png"}],"twitter_card":"summary_large_image","twitter_misc":{"Dur\u00e9e de lecture estim\u00e9e":"1 minute"},"schema":{"@context":"https:\/\/schema.org","@graph":[{"@type":"WebPage","@id":"https:\/\/roomiodz.com\/index.php\/produit\/meuble-a-chaussure-3p-60cm\/","url":"https:\/\/roomiodz.com\/index.php\/produit\/meuble-a-chaussure-3p-60cm\/","name":"Meuble a chaussure 3P 60CM &#8211; roomio","isPartOf":{"@id":"https:\/\/roomiodz.com\/#website"},"primaryImageOfPage":{"@id":"https:\/\/roomiodz.com\/index.php\/produit\/meuble-a-chaussure-3p-60cm\/#primaryimage"},"image":{"@id":"https:\/\/roomiodz.com\/index.php\/produit\/meuble-a-chaussure-3p-60cm\/#primaryimage"},"thumbnailUrl":"https:\/\/roomiodz.com\/wp-content\/uploads\/2025\/11\/28e0935c-b607-4ff1-8f2f-37b02fd88ce0-1.png?v=1763645472","datePublished":"2025-11-02T12:57:01+00:00","dateModified":"2026-04-05T17:23:50+00:00","breadcrumb":{"@id":"https:\/\/roomiodz.com\/index.php\/produit\/meuble-a-chaussure-3p-60cm\/#breadcrumb"},"inLanguage":"fr-FR","potentialAction":[{"@type":"ReadAction","target":["https:\/\/roomiodz.com\/index.php\/produit\/meuble-a-chaussure-3p-60cm\/"]}]},{"@type":"ImageObject","inLanguage":"fr-FR","@id":"https:\/\/roomiodz.com\/index.php\/produit\/meuble-a-chaussure-3p-60cm\/#primaryimage","url":"https:\/\/roomiodz.com\/wp-content\/uploads\/2025\/11\/28e0935c-b607-4ff1-8f2f-37b02fd88ce0-1.png?v=1763645472","contentUrl":"https:\/\/roomiodz.com\/wp-content\/uploads\/2025\/11\/28e0935c-b607-4ff1-8f2f-37b02fd88ce0-1.png?v=1763645472","width":1024,"height":1536},{"@type":"BreadcrumbList","@id":"https:\/\/roomiodz.com\/index.php\/produit\/meuble-a-chaussure-3p-60cm\/#breadcrumb","itemListElement":[{"@type":"ListItem","position":1,"name":"Accueil","item":"https:\/\/roomiodz.com\/"},{"@type":"ListItem","position":2,"name":"Shop","item":"https:\/\/roomiodz.com\/index.php\/shop\/"},{"@type":"ListItem","position":3,"name":"Meuble a chaussure 3P 60CM"}]},{"@type":"WebSite","@id":"https:\/\/roomiodz.com\/#website","url":"https:\/\/roomiodz.com\/","name":"Roomio","description":"Boutique de produits meuble","publisher":{"@id":"https:\/\/roomiodz.com\/#organization"},"potentialAction":[{"@type":"SearchAction","target":{"@type":"EntryPoint","urlTemplate":"https:\/\/roomiodz.com\/?s={search_term_string}"},"query-input":{"@type":"PropertyValueSpecification","valueRequired":true,"valueName":"search_term_string"}}],"inLanguage":"fr-FR"},{"@type":"Organization","@id":"https:\/\/roomiodz.com\/#organization","name":"Roomio","url":"https:\/\/roomiodz.com\/","logo":{"@type":"ImageObject","inLanguage":"fr-FR","@id":"https:\/\/roomiodz.com\/#\/schema\/logo\/image\/","url":"https:\/\/roomiodz.com\/wp-content\/uploads\/2025\/08\/cropped-81bc493f-1539-40d3-ab47-a7b9d2257ff0-2.png","contentUrl":"https:\/\/roomiodz.com\/wp-content\/uploads\/2025\/08\/cropped-81bc493f-1539-40d3-ab47-a7b9d2257ff0-2.png","width":512,"height":512,"caption":"Roomio"},"image":{"@id":"https:\/\/roomiodz.com\/#\/schema\/logo\/image\/"},"sameAs":["https:\/\/web.facebook.com\/profile.php?id=61579361657009"]}]}},"_links":{"self":[{"href":"https:\/\/roomiodz.com\/index.php\/wp-json\/wp\/v2\/product\/28657","targetHints":{"allow":["GET"]}}],"collection":[{"href":"https:\/\/roomiodz.com\/index.php\/wp-json\/wp\/v2\/product"}],"about":[{"href":"https:\/\/roomiodz.com\/index.php\/wp-json\/wp\/v2\/types\/product"}],"version-history":[{"count":3,"href":"https:\/\/roomiodz.com\/index.php\/wp-json\/wp\/v2\/product\/28657\/revisions"}],"predecessor-version":[{"id":28661,"href":"https:\/\/roomiodz.com\/index.php\/wp-json\/wp\/v2\/product\/28657\/revisions\/28661"}],"wp:featuredmedia":[{"embeddable":true,"href":"https:\/\/roomiodz.com\/index.php\/wp-json\/wp\/v2\/media\/28658"}],"wp:attachment":[{"href":"https:\/\/roomiodz.com\/index.php\/wp-json\/wp\/v2\/media?parent=28657"}],"wp:term":[{"taxonomy":"product_brand","embeddable":true,"href":"https:\/\/roomiodz.com\/index.php\/wp-json\/wp\/v2\/product_brand?post=28657"},{"taxonomy":"product_cat","embeddable":true,"href":"https:\/\/roomiodz.com\/index.php\/wp-json\/wp\/v2\/product_cat?post=28657"},{"taxonomy":"product_tag","embeddable":true,"href":"https:\/\/roomiodz.com\/index.php\/wp-json\/wp\/v2\/product_tag?post=28657"}],"curies":[{"name":"wp","href":"https:\/\/api.w.org\/{rel}","templated":true}]}}