{"id":28388,"date":"2025-08-30T15:03:45","date_gmt":"2025-08-30T14:03:45","guid":{"rendered":"https:\/\/roomiodz.com\/?post_type=product&#038;p=28388"},"modified":"2025-09-09T16:49:31","modified_gmt":"2025-09-09T15:49:31","slug":"bureau-moderne-avec-rangement-beige-blanc","status":"publish","type":"product","link":"https:\/\/roomiodz.com\/index.php\/produit\/bureau-moderne-avec-rangement-beige-blanc\/","title":{"rendered":"Bureau Moderne avec rangement beige blanc"},"content":{"rendered":"<p data-start=\"497\" data-end=\"534\"><strong data-start=\"499\" data-end=\"532\">Caract\u00e9ristiques du produit :<\/strong><\/p>\n<ul data-start=\"535\" data-end=\"980\">\n<li data-start=\"535\" data-end=\"621\">\n<p data-start=\"537\" data-end=\"621\"><strong data-start=\"537\" data-end=\"560\">Design contemporain<\/strong> en bois clair qui s\u2019adapte \u00e0 tous les int\u00e9rieurs modernes.<\/p>\n<\/li>\n<li data-start=\"622\" data-end=\"726\">\n<p data-start=\"624\" data-end=\"726\"><strong data-start=\"624\" data-end=\"649\">Biblioth\u00e8que int\u00e9gr\u00e9e<\/strong> avec plusieurs compartiments pour ranger livres, classeurs et d\u00e9corations.<\/p>\n<\/li>\n<li data-start=\"727\" data-end=\"808\">\n<p data-start=\"729\" data-end=\"808\"><strong data-start=\"729\" data-end=\"751\">3 tiroirs spacieux blanc<\/strong> pour organiser vos documents et accessoires de bureau.<\/p>\n<\/li>\n<li data-start=\"809\" data-end=\"905\">\n<p data-start=\"811\" data-end=\"905\"><strong data-start=\"811\" data-end=\"845\">Surface de travail ergonomique<\/strong>, parfaite pour ordinateur portable, lampe et fournitures.<\/p>\n<\/li>\n<li data-start=\"809\" data-end=\"905\"><strong>5 Niches et 2 porte ouvrante<\/strong><\/li>\n<li data-start=\"906\" data-end=\"980\">\n<p data-start=\"908\" data-end=\"980\">Convient aussi bien pour <strong data-start=\"933\" data-end=\"977\">t\u00e9l\u00e9travail, \u00e9tudes ou espace de lecture<\/strong>.<\/p>\n<\/li>\n<\/ul>\n<p>Dimention : Hauteur : <strong>170cm\u00a0<\/strong>Largeur :<strong> 110cm<\/strong> profondeur : <strong>55CM<\/strong><\/p>\n","protected":false},"excerpt":{"rendered":"<p>D\u00e9couvrez le <strong data-start=\"261\" data-end=\"318\">bureau moderne avec rangement int\u00e9gr\u00e9 et biblioth\u00e8que<\/strong>, un choix id\u00e9al pour am\u00e9nager une <strong data-start=\"353\" data-end=\"371\">chambre adulte<\/strong> ou un <strong data-start=\"378\" data-end=\"399\">bureau \u00e0 domicile<\/strong>. Con\u00e7u en beige et blanc au design scandinave, il allie <strong data-start=\"456\" data-end=\"492\">fonctionnalit\u00e9, style et confort<\/strong>.<\/p>\n","protected":false},"featured_media":28389,"template":"","meta":[],"product_brand":[],"product_cat":[78],"product_tag":[],"class_list":{"0":"post-28388","1":"product","2":"type-product","3":"status-publish","4":"has-post-thumbnail","6":"product_cat-bureau","8":"first","9":"outofstock","10":"shipping-taxable","11":"purchasable","12":"product-type-simple"},"yoast_head":"<!-- This site is optimized with the Yoast SEO plugin v27.2 - https:\/\/yoast.com\/product\/yoast-seo-wordpress\/ -->\n<title>Bureau Moderne avec rangement beige blanc &#8211; roomio<\/title>\n<meta name=\"robots\" content=\"index, follow, max-snippet:-1, max-image-preview:large, max-video-preview:-1\" \/>\n<link rel=\"canonical\" href=\"https:\/\/roomiodz.com\/index.php\/produit\/bureau-moderne-avec-rangement-beige-blanc\/\" \/>\n<meta property=\"og:locale\" content=\"fr_FR\" \/>\n<meta property=\"og:type\" content=\"article\" \/>\n<meta property=\"og:title\" content=\"Bureau Moderne avec rangement beige blanc &#8211; roomio\" \/>\n<meta property=\"og:description\" content=\"D\u00e9couvrez le bureau moderne avec rangement int\u00e9gr\u00e9 et biblioth\u00e8que, un choix id\u00e9al pour am\u00e9nager une chambre adulte ou un bureau \u00e0 domicile. Con\u00e7u en beige et blanc au design scandinave, il allie fonctionnalit\u00e9, style et confort.\" \/>\n<meta property=\"og:url\" content=\"https:\/\/roomiodz.com\/index.php\/produit\/bureau-moderne-avec-rangement-beige-blanc\/\" \/>\n<meta property=\"og:site_name\" content=\"roomio\" \/>\n<meta property=\"article:publisher\" content=\"https:\/\/web.facebook.com\/profile.php?id=61579361657009\" \/>\n<meta property=\"article:modified_time\" content=\"2025-09-09T15:49:31+00:00\" \/>\n<meta property=\"og:image\" content=\"https:\/\/roomiodz.com\/wp-content\/uploads\/2025\/08\/3c35c47f-053e-4feb-899f-90b26d97e325.png\" \/>\n\t<meta property=\"og:image:width\" content=\"1024\" \/>\n\t<meta property=\"og:image:height\" content=\"1536\" \/>\n\t<meta property=\"og:image:type\" content=\"image\/png\" \/>\n<meta name=\"twitter:card\" content=\"summary_large_image\" \/>\n<meta name=\"twitter:label1\" content=\"Dur\u00e9e de lecture estim\u00e9e\" \/>\n\t<meta name=\"twitter:data1\" content=\"1 minute\" \/>\n<script type=\"application\/ld+json\" class=\"yoast-schema-graph\">{\"@context\":\"https:\/\/schema.org\",\"@graph\":[{\"@type\":\"WebPage\",\"@id\":\"https:\/\/roomiodz.com\/index.php\/produit\/bureau-moderne-avec-rangement-beige-blanc\/\",\"url\":\"https:\/\/roomiodz.com\/index.php\/produit\/bureau-moderne-avec-rangement-beige-blanc\/\",\"name\":\"Bureau Moderne avec rangement beige blanc &#8211; roomio\",\"isPartOf\":{\"@id\":\"https:\/\/roomiodz.com\/#website\"},\"primaryImageOfPage\":{\"@id\":\"https:\/\/roomiodz.com\/index.php\/produit\/bureau-moderne-avec-rangement-beige-blanc\/#primaryimage\"},\"image\":{\"@id\":\"https:\/\/roomiodz.com\/index.php\/produit\/bureau-moderne-avec-rangement-beige-blanc\/#primaryimage\"},\"thumbnailUrl\":\"https:\/\/roomiodz.com\/wp-content\/uploads\/2025\/08\/3c35c47f-053e-4feb-899f-90b26d97e325.png?v=1763645480\",\"datePublished\":\"2025-08-30T14:03:45+00:00\",\"dateModified\":\"2025-09-09T15:49:31+00:00\",\"breadcrumb\":{\"@id\":\"https:\/\/roomiodz.com\/index.php\/produit\/bureau-moderne-avec-rangement-beige-blanc\/#breadcrumb\"},\"inLanguage\":\"fr-FR\",\"potentialAction\":[{\"@type\":\"ReadAction\",\"target\":[\"https:\/\/roomiodz.com\/index.php\/produit\/bureau-moderne-avec-rangement-beige-blanc\/\"]}]},{\"@type\":\"ImageObject\",\"inLanguage\":\"fr-FR\",\"@id\":\"https:\/\/roomiodz.com\/index.php\/produit\/bureau-moderne-avec-rangement-beige-blanc\/#primaryimage\",\"url\":\"https:\/\/roomiodz.com\/wp-content\/uploads\/2025\/08\/3c35c47f-053e-4feb-899f-90b26d97e325.png?v=1763645480\",\"contentUrl\":\"https:\/\/roomiodz.com\/wp-content\/uploads\/2025\/08\/3c35c47f-053e-4feb-899f-90b26d97e325.png?v=1763645480\",\"width\":1024,\"height\":1536},{\"@type\":\"BreadcrumbList\",\"@id\":\"https:\/\/roomiodz.com\/index.php\/produit\/bureau-moderne-avec-rangement-beige-blanc\/#breadcrumb\",\"itemListElement\":[{\"@type\":\"ListItem\",\"position\":1,\"name\":\"Accueil\",\"item\":\"https:\/\/roomiodz.com\/\"},{\"@type\":\"ListItem\",\"position\":2,\"name\":\"Shop\",\"item\":\"https:\/\/roomiodz.com\/index.php\/shop\/\"},{\"@type\":\"ListItem\",\"position\":3,\"name\":\"Bureau Moderne avec rangement beige blanc\"}]},{\"@type\":\"WebSite\",\"@id\":\"https:\/\/roomiodz.com\/#website\",\"url\":\"https:\/\/roomiodz.com\/\",\"name\":\"Roomio\",\"description\":\"Boutique de produits meuble\",\"publisher\":{\"@id\":\"https:\/\/roomiodz.com\/#organization\"},\"potentialAction\":[{\"@type\":\"SearchAction\",\"target\":{\"@type\":\"EntryPoint\",\"urlTemplate\":\"https:\/\/roomiodz.com\/?s={search_term_string}\"},\"query-input\":{\"@type\":\"PropertyValueSpecification\",\"valueRequired\":true,\"valueName\":\"search_term_string\"}}],\"inLanguage\":\"fr-FR\"},{\"@type\":\"Organization\",\"@id\":\"https:\/\/roomiodz.com\/#organization\",\"name\":\"Roomio\",\"url\":\"https:\/\/roomiodz.com\/\",\"logo\":{\"@type\":\"ImageObject\",\"inLanguage\":\"fr-FR\",\"@id\":\"https:\/\/roomiodz.com\/#\/schema\/logo\/image\/\",\"url\":\"https:\/\/roomiodz.com\/wp-content\/uploads\/2025\/08\/cropped-81bc493f-1539-40d3-ab47-a7b9d2257ff0-2.png\",\"contentUrl\":\"https:\/\/roomiodz.com\/wp-content\/uploads\/2025\/08\/cropped-81bc493f-1539-40d3-ab47-a7b9d2257ff0-2.png\",\"width\":512,\"height\":512,\"caption\":\"Roomio\"},\"image\":{\"@id\":\"https:\/\/roomiodz.com\/#\/schema\/logo\/image\/\"},\"sameAs\":[\"https:\/\/web.facebook.com\/profile.php?id=61579361657009\"]}]}<\/script>\n<!-- \/ Yoast SEO plugin. -->","yoast_head_json":{"title":"Bureau Moderne avec rangement beige blanc &#8211; roomio","robots":{"index":"index","follow":"follow","max-snippet":"max-snippet:-1","max-image-preview":"max-image-preview:large","max-video-preview":"max-video-preview:-1"},"canonical":"https:\/\/roomiodz.com\/index.php\/produit\/bureau-moderne-avec-rangement-beige-blanc\/","og_locale":"fr_FR","og_type":"article","og_title":"Bureau Moderne avec rangement beige blanc &#8211; roomio","og_description":"D\u00e9couvrez le bureau moderne avec rangement int\u00e9gr\u00e9 et biblioth\u00e8que, un choix id\u00e9al pour am\u00e9nager une chambre adulte ou un bureau \u00e0 domicile. Con\u00e7u en beige et blanc au design scandinave, il allie fonctionnalit\u00e9, style et confort.","og_url":"https:\/\/roomiodz.com\/index.php\/produit\/bureau-moderne-avec-rangement-beige-blanc\/","og_site_name":"roomio","article_publisher":"https:\/\/web.facebook.com\/profile.php?id=61579361657009","article_modified_time":"2025-09-09T15:49:31+00:00","og_image":[{"width":1024,"height":1536,"url":"https:\/\/roomiodz.com\/wp-content\/uploads\/2025\/08\/3c35c47f-053e-4feb-899f-90b26d97e325.png","type":"image\/png"}],"twitter_card":"summary_large_image","twitter_misc":{"Dur\u00e9e de lecture estim\u00e9e":"1 minute"},"schema":{"@context":"https:\/\/schema.org","@graph":[{"@type":"WebPage","@id":"https:\/\/roomiodz.com\/index.php\/produit\/bureau-moderne-avec-rangement-beige-blanc\/","url":"https:\/\/roomiodz.com\/index.php\/produit\/bureau-moderne-avec-rangement-beige-blanc\/","name":"Bureau Moderne avec rangement beige blanc &#8211; roomio","isPartOf":{"@id":"https:\/\/roomiodz.com\/#website"},"primaryImageOfPage":{"@id":"https:\/\/roomiodz.com\/index.php\/produit\/bureau-moderne-avec-rangement-beige-blanc\/#primaryimage"},"image":{"@id":"https:\/\/roomiodz.com\/index.php\/produit\/bureau-moderne-avec-rangement-beige-blanc\/#primaryimage"},"thumbnailUrl":"https:\/\/roomiodz.com\/wp-content\/uploads\/2025\/08\/3c35c47f-053e-4feb-899f-90b26d97e325.png?v=1763645480","datePublished":"2025-08-30T14:03:45+00:00","dateModified":"2025-09-09T15:49:31+00:00","breadcrumb":{"@id":"https:\/\/roomiodz.com\/index.php\/produit\/bureau-moderne-avec-rangement-beige-blanc\/#breadcrumb"},"inLanguage":"fr-FR","potentialAction":[{"@type":"ReadAction","target":["https:\/\/roomiodz.com\/index.php\/produit\/bureau-moderne-avec-rangement-beige-blanc\/"]}]},{"@type":"ImageObject","inLanguage":"fr-FR","@id":"https:\/\/roomiodz.com\/index.php\/produit\/bureau-moderne-avec-rangement-beige-blanc\/#primaryimage","url":"https:\/\/roomiodz.com\/wp-content\/uploads\/2025\/08\/3c35c47f-053e-4feb-899f-90b26d97e325.png?v=1763645480","contentUrl":"https:\/\/roomiodz.com\/wp-content\/uploads\/2025\/08\/3c35c47f-053e-4feb-899f-90b26d97e325.png?v=1763645480","width":1024,"height":1536},{"@type":"BreadcrumbList","@id":"https:\/\/roomiodz.com\/index.php\/produit\/bureau-moderne-avec-rangement-beige-blanc\/#breadcrumb","itemListElement":[{"@type":"ListItem","position":1,"name":"Accueil","item":"https:\/\/roomiodz.com\/"},{"@type":"ListItem","position":2,"name":"Shop","item":"https:\/\/roomiodz.com\/index.php\/shop\/"},{"@type":"ListItem","position":3,"name":"Bureau Moderne avec rangement beige blanc"}]},{"@type":"WebSite","@id":"https:\/\/roomiodz.com\/#website","url":"https:\/\/roomiodz.com\/","name":"Roomio","description":"Boutique de produits meuble","publisher":{"@id":"https:\/\/roomiodz.com\/#organization"},"potentialAction":[{"@type":"SearchAction","target":{"@type":"EntryPoint","urlTemplate":"https:\/\/roomiodz.com\/?s={search_term_string}"},"query-input":{"@type":"PropertyValueSpecification","valueRequired":true,"valueName":"search_term_string"}}],"inLanguage":"fr-FR"},{"@type":"Organization","@id":"https:\/\/roomiodz.com\/#organization","name":"Roomio","url":"https:\/\/roomiodz.com\/","logo":{"@type":"ImageObject","inLanguage":"fr-FR","@id":"https:\/\/roomiodz.com\/#\/schema\/logo\/image\/","url":"https:\/\/roomiodz.com\/wp-content\/uploads\/2025\/08\/cropped-81bc493f-1539-40d3-ab47-a7b9d2257ff0-2.png","contentUrl":"https:\/\/roomiodz.com\/wp-content\/uploads\/2025\/08\/cropped-81bc493f-1539-40d3-ab47-a7b9d2257ff0-2.png","width":512,"height":512,"caption":"Roomio"},"image":{"@id":"https:\/\/roomiodz.com\/#\/schema\/logo\/image\/"},"sameAs":["https:\/\/web.facebook.com\/profile.php?id=61579361657009"]}]}},"_links":{"self":[{"href":"https:\/\/roomiodz.com\/index.php\/wp-json\/wp\/v2\/product\/28388","targetHints":{"allow":["GET"]}}],"collection":[{"href":"https:\/\/roomiodz.com\/index.php\/wp-json\/wp\/v2\/product"}],"about":[{"href":"https:\/\/roomiodz.com\/index.php\/wp-json\/wp\/v2\/types\/product"}],"version-history":[{"count":3,"href":"https:\/\/roomiodz.com\/index.php\/wp-json\/wp\/v2\/product\/28388\/revisions"}],"predecessor-version":[{"id":28396,"href":"https:\/\/roomiodz.com\/index.php\/wp-json\/wp\/v2\/product\/28388\/revisions\/28396"}],"wp:featuredmedia":[{"embeddable":true,"href":"https:\/\/roomiodz.com\/index.php\/wp-json\/wp\/v2\/media\/28389"}],"wp:attachment":[{"href":"https:\/\/roomiodz.com\/index.php\/wp-json\/wp\/v2\/media?parent=28388"}],"wp:term":[{"taxonomy":"product_brand","embeddable":true,"href":"https:\/\/roomiodz.com\/index.php\/wp-json\/wp\/v2\/product_brand?post=28388"},{"taxonomy":"product_cat","embeddable":true,"href":"https:\/\/roomiodz.com\/index.php\/wp-json\/wp\/v2\/product_cat?post=28388"},{"taxonomy":"product_tag","embeddable":true,"href":"https:\/\/roomiodz.com\/index.php\/wp-json\/wp\/v2\/product_tag?post=28388"}],"curies":[{"name":"wp","href":"https:\/\/api.w.org\/{rel}","templated":true}]}}