{"id":28302,"date":"2025-08-26T23:35:04","date_gmt":"2025-08-26T22:35:04","guid":{"rendered":"https:\/\/roomiodz.com\/?post_type=product&#038;p=28302"},"modified":"2026-01-12T09:37:59","modified_gmt":"2026-01-12T08:37:59","slug":"meuble-tv-escondinave-120cm-poignet-bois","status":"publish","type":"product","link":"https:\/\/roomiodz.com\/index.php\/produit\/meuble-tv-escondinave-120cm-poignet-bois\/","title":{"rendered":"Meuble TV escondinave 120CM Poignet bois"},"content":{"rendered":"<div class=\"product-tabs-wrapper\">\n<div class=\"container product-tabs-inner\">\n<div class=\"woocommerce-tabs wc-tabs-wrapper tabs-layout-tabs wd-opener-pos-right wd-opener-style-arrow\" data-state=\"first\" data-layout=\"tabs\">\n<div class=\"wd-accordion-item\">\n<div id=\"tab-description\" class=\"entry-content woocommerce-Tabs-panel woocommerce-Tabs-panel--description wd-active panel wc-tab\" role=\"tabpanel\" aria-labelledby=\"tab-title-description\" data-accordion-index=\"description\">\n<div class=\"wc-tab-inner wd-entry-content\">\n<ul data-start=\"166\" data-end=\"569\">\n<li data-start=\"248\" data-end=\"282\">\n<p data-start=\"250\" data-end=\"282\"><strong data-start=\"250\" data-end=\"259\">Style<\/strong>\u00a0: Scandinave moderne<\/p>\n<\/li>\n<li data-start=\"283\" data-end=\"314\">\n<p data-start=\"285\" data-end=\"314\"><strong data-start=\"285\" data-end=\"297\">Couleurs<\/strong>\u00a0: Beige et blanc<\/p>\n<\/li>\n<li data-start=\"315\" data-end=\"362\">\n<p data-start=\"317\" data-end=\"362\"><strong data-start=\"317\" data-end=\"326\">Pieds<\/strong>\u00a0: Bois de h\u00eatre, style scandinave<\/p>\n<\/li>\n<li data-start=\"363\" data-end=\"395\">\n<p data-start=\"365\" data-end=\"395\"><strong data-start=\"365\" data-end=\"377\">Poign\u00e9es<\/strong>\u00a0: Bois de h\u00eatre<\/p>\n<\/li>\n<li><strong data-start=\"168\" data-end=\"182\">Dimensions<\/strong>\u00a0: Hauteur\u00a0<strong data-start=\"193\" data-end=\"203\">50 cm<\/strong>, Profondeur\u00a0<strong data-start=\"216\" data-end=\"225\">36 cm<\/strong>, Largeur\u00a0<strong data-start=\"235\" data-end=\"245\">120 cm<\/strong><\/li>\n<li data-start=\"396\" data-end=\"569\">\n<p data-start=\"398\" data-end=\"427\"><strong data-start=\"398\" data-end=\"423\">Am\u00e9nagement int\u00e9rieur<\/strong>\u00a0:<\/p>\n<ul data-start=\"430\" data-end=\"569\">\n<li data-start=\"430\" data-end=\"489\">\n<p data-start=\"432\" data-end=\"489\"><strong data-start=\"432\" data-end=\"456\">Porte\u00a0<\/strong>: avec\u00a0<strong data-start=\"473\" data-end=\"487\">1 \u00e9tag\u00e8res 2 portes<\/strong><\/p>\n<\/li>\n<\/ul>\n<\/li>\n<\/ul>\n<\/div>\n<\/div>\n<\/div>\n<\/div>\n<\/div>\n<\/div>\n<div class=\"container related-and-upsells\"><\/div>\n","protected":false},"excerpt":{"rendered":"<p><strong data-start=\"84\" data-end=\"116\">Meuble TV escondinave 120 cm<\/strong>, couleur <strong data-start=\"126\" data-end=\"144\">blanc et beige<\/strong> avec <strong data-start=\"150\" data-end=\"178\">poign\u00e9es en bois naturel<\/strong>, id\u00e9al pour un salon moderne et chaleureux.<br data-start=\"222\" data-end=\"225\" \/>Alliant design scandinave et praticit\u00e9, il offre un large espace pour t\u00e9l\u00e9viseur et rangements.<\/p>\n","protected":false},"featured_media":28273,"template":"","meta":[],"product_brand":[],"product_cat":[74],"product_tag":[],"class_list":{"0":"post-28302","1":"product","2":"type-product","3":"status-publish","4":"has-post-thumbnail","6":"product_cat-meuble-tv","8":"first","9":"instock","10":"shipping-taxable","11":"purchasable","12":"product-type-simple"},"yoast_head":"<!-- This site is optimized with the Yoast SEO plugin v27.2 - https:\/\/yoast.com\/product\/yoast-seo-wordpress\/ -->\n<title>Meuble TV escondinave 120CM Poignet bois &#8211; roomio<\/title>\n<meta name=\"robots\" content=\"index, follow, max-snippet:-1, max-image-preview:large, max-video-preview:-1\" \/>\n<link rel=\"canonical\" href=\"https:\/\/roomiodz.com\/index.php\/produit\/meuble-tv-escondinave-120cm-poignet-bois\/\" \/>\n<meta property=\"og:locale\" content=\"fr_FR\" \/>\n<meta property=\"og:type\" content=\"article\" \/>\n<meta property=\"og:title\" content=\"Meuble TV escondinave 120CM Poignet bois &#8211; roomio\" \/>\n<meta property=\"og:description\" content=\"Meuble TV escondinave 120 cm, couleur blanc et beige avec poign\u00e9es en bois naturel, id\u00e9al pour un salon moderne et chaleureux.Alliant design scandinave et praticit\u00e9, il offre un large espace pour t\u00e9l\u00e9viseur et rangements.\" \/>\n<meta property=\"og:url\" content=\"https:\/\/roomiodz.com\/index.php\/produit\/meuble-tv-escondinave-120cm-poignet-bois\/\" \/>\n<meta property=\"og:site_name\" content=\"roomio\" \/>\n<meta property=\"article:publisher\" content=\"https:\/\/web.facebook.com\/profile.php?id=61579361657009\" \/>\n<meta property=\"article:modified_time\" content=\"2026-01-12T08:37:59+00:00\" \/>\n<meta property=\"og:image\" content=\"https:\/\/roomiodz.com\/wp-content\/uploads\/2025\/08\/29670473-1573-44f2-b9c5-413364e8f0a3-1.png?v=1763645509\" \/>\n\t<meta property=\"og:image:width\" content=\"1024\" \/>\n\t<meta property=\"og:image:height\" content=\"1536\" \/>\n\t<meta property=\"og:image:type\" content=\"image\/png\" \/>\n<meta name=\"twitter:card\" content=\"summary_large_image\" \/>\n<script type=\"application\/ld+json\" class=\"yoast-schema-graph\">{\"@context\":\"https:\/\/schema.org\",\"@graph\":[{\"@type\":\"WebPage\",\"@id\":\"https:\/\/roomiodz.com\/index.php\/produit\/meuble-tv-escondinave-120cm-poignet-bois\/\",\"url\":\"https:\/\/roomiodz.com\/index.php\/produit\/meuble-tv-escondinave-120cm-poignet-bois\/\",\"name\":\"Meuble TV escondinave 120CM Poignet bois &#8211; roomio\",\"isPartOf\":{\"@id\":\"https:\/\/roomiodz.com\/#website\"},\"primaryImageOfPage\":{\"@id\":\"https:\/\/roomiodz.com\/index.php\/produit\/meuble-tv-escondinave-120cm-poignet-bois\/#primaryimage\"},\"image\":{\"@id\":\"https:\/\/roomiodz.com\/index.php\/produit\/meuble-tv-escondinave-120cm-poignet-bois\/#primaryimage\"},\"thumbnailUrl\":\"https:\/\/roomiodz.com\/wp-content\/uploads\/2025\/08\/29670473-1573-44f2-b9c5-413364e8f0a3-1.png?v=1763645509\",\"datePublished\":\"2025-08-26T22:35:04+00:00\",\"dateModified\":\"2026-01-12T08:37:59+00:00\",\"breadcrumb\":{\"@id\":\"https:\/\/roomiodz.com\/index.php\/produit\/meuble-tv-escondinave-120cm-poignet-bois\/#breadcrumb\"},\"inLanguage\":\"fr-FR\",\"potentialAction\":[{\"@type\":\"ReadAction\",\"target\":[\"https:\/\/roomiodz.com\/index.php\/produit\/meuble-tv-escondinave-120cm-poignet-bois\/\"]}]},{\"@type\":\"ImageObject\",\"inLanguage\":\"fr-FR\",\"@id\":\"https:\/\/roomiodz.com\/index.php\/produit\/meuble-tv-escondinave-120cm-poignet-bois\/#primaryimage\",\"url\":\"https:\/\/roomiodz.com\/wp-content\/uploads\/2025\/08\/29670473-1573-44f2-b9c5-413364e8f0a3-1.png?v=1763645509\",\"contentUrl\":\"https:\/\/roomiodz.com\/wp-content\/uploads\/2025\/08\/29670473-1573-44f2-b9c5-413364e8f0a3-1.png?v=1763645509\",\"width\":1024,\"height\":1536},{\"@type\":\"BreadcrumbList\",\"@id\":\"https:\/\/roomiodz.com\/index.php\/produit\/meuble-tv-escondinave-120cm-poignet-bois\/#breadcrumb\",\"itemListElement\":[{\"@type\":\"ListItem\",\"position\":1,\"name\":\"Accueil\",\"item\":\"https:\/\/roomiodz.com\/\"},{\"@type\":\"ListItem\",\"position\":2,\"name\":\"Shop\",\"item\":\"https:\/\/roomiodz.com\/index.php\/shop\/\"},{\"@type\":\"ListItem\",\"position\":3,\"name\":\"Meuble TV escondinave 120CM Poignet bois\"}]},{\"@type\":\"WebSite\",\"@id\":\"https:\/\/roomiodz.com\/#website\",\"url\":\"https:\/\/roomiodz.com\/\",\"name\":\"Roomio\",\"description\":\"Boutique de produits meuble\",\"publisher\":{\"@id\":\"https:\/\/roomiodz.com\/#organization\"},\"potentialAction\":[{\"@type\":\"SearchAction\",\"target\":{\"@type\":\"EntryPoint\",\"urlTemplate\":\"https:\/\/roomiodz.com\/?s={search_term_string}\"},\"query-input\":{\"@type\":\"PropertyValueSpecification\",\"valueRequired\":true,\"valueName\":\"search_term_string\"}}],\"inLanguage\":\"fr-FR\"},{\"@type\":\"Organization\",\"@id\":\"https:\/\/roomiodz.com\/#organization\",\"name\":\"Roomio\",\"url\":\"https:\/\/roomiodz.com\/\",\"logo\":{\"@type\":\"ImageObject\",\"inLanguage\":\"fr-FR\",\"@id\":\"https:\/\/roomiodz.com\/#\/schema\/logo\/image\/\",\"url\":\"https:\/\/roomiodz.com\/wp-content\/uploads\/2025\/08\/cropped-81bc493f-1539-40d3-ab47-a7b9d2257ff0-2.png\",\"contentUrl\":\"https:\/\/roomiodz.com\/wp-content\/uploads\/2025\/08\/cropped-81bc493f-1539-40d3-ab47-a7b9d2257ff0-2.png\",\"width\":512,\"height\":512,\"caption\":\"Roomio\"},\"image\":{\"@id\":\"https:\/\/roomiodz.com\/#\/schema\/logo\/image\/\"},\"sameAs\":[\"https:\/\/web.facebook.com\/profile.php?id=61579361657009\"]}]}<\/script>\n<!-- \/ Yoast SEO plugin. -->","yoast_head_json":{"title":"Meuble TV escondinave 120CM Poignet bois &#8211; roomio","robots":{"index":"index","follow":"follow","max-snippet":"max-snippet:-1","max-image-preview":"max-image-preview:large","max-video-preview":"max-video-preview:-1"},"canonical":"https:\/\/roomiodz.com\/index.php\/produit\/meuble-tv-escondinave-120cm-poignet-bois\/","og_locale":"fr_FR","og_type":"article","og_title":"Meuble TV escondinave 120CM Poignet bois &#8211; roomio","og_description":"Meuble TV escondinave 120 cm, couleur blanc et beige avec poign\u00e9es en bois naturel, id\u00e9al pour un salon moderne et chaleureux.Alliant design scandinave et praticit\u00e9, il offre un large espace pour t\u00e9l\u00e9viseur et rangements.","og_url":"https:\/\/roomiodz.com\/index.php\/produit\/meuble-tv-escondinave-120cm-poignet-bois\/","og_site_name":"roomio","article_publisher":"https:\/\/web.facebook.com\/profile.php?id=61579361657009","article_modified_time":"2026-01-12T08:37:59+00:00","og_image":[{"width":1024,"height":1536,"url":"https:\/\/roomiodz.com\/wp-content\/uploads\/2025\/08\/29670473-1573-44f2-b9c5-413364e8f0a3-1.png?v=1763645509","type":"image\/png"}],"twitter_card":"summary_large_image","schema":{"@context":"https:\/\/schema.org","@graph":[{"@type":"WebPage","@id":"https:\/\/roomiodz.com\/index.php\/produit\/meuble-tv-escondinave-120cm-poignet-bois\/","url":"https:\/\/roomiodz.com\/index.php\/produit\/meuble-tv-escondinave-120cm-poignet-bois\/","name":"Meuble TV escondinave 120CM Poignet bois &#8211; roomio","isPartOf":{"@id":"https:\/\/roomiodz.com\/#website"},"primaryImageOfPage":{"@id":"https:\/\/roomiodz.com\/index.php\/produit\/meuble-tv-escondinave-120cm-poignet-bois\/#primaryimage"},"image":{"@id":"https:\/\/roomiodz.com\/index.php\/produit\/meuble-tv-escondinave-120cm-poignet-bois\/#primaryimage"},"thumbnailUrl":"https:\/\/roomiodz.com\/wp-content\/uploads\/2025\/08\/29670473-1573-44f2-b9c5-413364e8f0a3-1.png?v=1763645509","datePublished":"2025-08-26T22:35:04+00:00","dateModified":"2026-01-12T08:37:59+00:00","breadcrumb":{"@id":"https:\/\/roomiodz.com\/index.php\/produit\/meuble-tv-escondinave-120cm-poignet-bois\/#breadcrumb"},"inLanguage":"fr-FR","potentialAction":[{"@type":"ReadAction","target":["https:\/\/roomiodz.com\/index.php\/produit\/meuble-tv-escondinave-120cm-poignet-bois\/"]}]},{"@type":"ImageObject","inLanguage":"fr-FR","@id":"https:\/\/roomiodz.com\/index.php\/produit\/meuble-tv-escondinave-120cm-poignet-bois\/#primaryimage","url":"https:\/\/roomiodz.com\/wp-content\/uploads\/2025\/08\/29670473-1573-44f2-b9c5-413364e8f0a3-1.png?v=1763645509","contentUrl":"https:\/\/roomiodz.com\/wp-content\/uploads\/2025\/08\/29670473-1573-44f2-b9c5-413364e8f0a3-1.png?v=1763645509","width":1024,"height":1536},{"@type":"BreadcrumbList","@id":"https:\/\/roomiodz.com\/index.php\/produit\/meuble-tv-escondinave-120cm-poignet-bois\/#breadcrumb","itemListElement":[{"@type":"ListItem","position":1,"name":"Accueil","item":"https:\/\/roomiodz.com\/"},{"@type":"ListItem","position":2,"name":"Shop","item":"https:\/\/roomiodz.com\/index.php\/shop\/"},{"@type":"ListItem","position":3,"name":"Meuble TV escondinave 120CM Poignet bois"}]},{"@type":"WebSite","@id":"https:\/\/roomiodz.com\/#website","url":"https:\/\/roomiodz.com\/","name":"Roomio","description":"Boutique de produits meuble","publisher":{"@id":"https:\/\/roomiodz.com\/#organization"},"potentialAction":[{"@type":"SearchAction","target":{"@type":"EntryPoint","urlTemplate":"https:\/\/roomiodz.com\/?s={search_term_string}"},"query-input":{"@type":"PropertyValueSpecification","valueRequired":true,"valueName":"search_term_string"}}],"inLanguage":"fr-FR"},{"@type":"Organization","@id":"https:\/\/roomiodz.com\/#organization","name":"Roomio","url":"https:\/\/roomiodz.com\/","logo":{"@type":"ImageObject","inLanguage":"fr-FR","@id":"https:\/\/roomiodz.com\/#\/schema\/logo\/image\/","url":"https:\/\/roomiodz.com\/wp-content\/uploads\/2025\/08\/cropped-81bc493f-1539-40d3-ab47-a7b9d2257ff0-2.png","contentUrl":"https:\/\/roomiodz.com\/wp-content\/uploads\/2025\/08\/cropped-81bc493f-1539-40d3-ab47-a7b9d2257ff0-2.png","width":512,"height":512,"caption":"Roomio"},"image":{"@id":"https:\/\/roomiodz.com\/#\/schema\/logo\/image\/"},"sameAs":["https:\/\/web.facebook.com\/profile.php?id=61579361657009"]}]}},"_links":{"self":[{"href":"https:\/\/roomiodz.com\/index.php\/wp-json\/wp\/v2\/product\/28302","targetHints":{"allow":["GET"]}}],"collection":[{"href":"https:\/\/roomiodz.com\/index.php\/wp-json\/wp\/v2\/product"}],"about":[{"href":"https:\/\/roomiodz.com\/index.php\/wp-json\/wp\/v2\/types\/product"}],"version-history":[{"count":1,"href":"https:\/\/roomiodz.com\/index.php\/wp-json\/wp\/v2\/product\/28302\/revisions"}],"predecessor-version":[{"id":28306,"href":"https:\/\/roomiodz.com\/index.php\/wp-json\/wp\/v2\/product\/28302\/revisions\/28306"}],"wp:featuredmedia":[{"embeddable":true,"href":"https:\/\/roomiodz.com\/index.php\/wp-json\/wp\/v2\/media\/28273"}],"wp:attachment":[{"href":"https:\/\/roomiodz.com\/index.php\/wp-json\/wp\/v2\/media?parent=28302"}],"wp:term":[{"taxonomy":"product_brand","embeddable":true,"href":"https:\/\/roomiodz.com\/index.php\/wp-json\/wp\/v2\/product_brand?post=28302"},{"taxonomy":"product_cat","embeddable":true,"href":"https:\/\/roomiodz.com\/index.php\/wp-json\/wp\/v2\/product_cat?post=28302"},{"taxonomy":"product_tag","embeddable":true,"href":"https:\/\/roomiodz.com\/index.php\/wp-json\/wp\/v2\/product_tag?post=28302"}],"curies":[{"name":"wp","href":"https:\/\/api.w.org\/{rel}","templated":true}]}}