{"id":28221,"date":"2025-08-26T14:23:30","date_gmt":"2025-08-26T13:23:30","guid":{"rendered":"https:\/\/roomiodz.com\/?post_type=product&#038;p=28221"},"modified":"2025-11-19T10:35:32","modified_gmt":"2025-11-19T09:35:32","slug":"meuble-a-chaussures-3-portes-1-tiroir-beige-blanc","status":"publish","type":"product","link":"https:\/\/roomiodz.com\/index.php\/produit\/meuble-a-chaussures-3-portes-1-tiroir-beige-blanc\/","title":{"rendered":"Meuble \u00e0 Chaussures 3 Portes + 1 Tiroir \u2013 Beige &#038; Blanc"},"content":{"rendered":"<h3 data-start=\"415\" data-end=\"439\">Caract\u00e9ristiques :<\/h3>\n<ul>\n<li data-start=\"229\" data-end=\"263\">\n<p data-start=\"231\" data-end=\"263\"><strong data-start=\"231\" data-end=\"240\">Style<\/strong> : Scandinave moderne<\/p>\n<\/li>\n<li data-start=\"264\" data-end=\"295\">\n<p data-start=\"266\" data-end=\"295\"><strong data-start=\"266\" data-end=\"277\">Couleur<\/strong> : Beige &amp; Blanc<\/p>\n<\/li>\n<li data-start=\"296\" data-end=\"336\">\n<p data-start=\"298\" data-end=\"336\"><strong data-start=\"298\" data-end=\"307\">Pieds<\/strong> : Bois de h\u00eatre scandinave<\/p>\n<\/li>\n<li data-start=\"337\" data-end=\"377\">\n<p data-start=\"339\" data-end=\"377\"><strong data-start=\"339\" data-end=\"351\">Poign\u00e9es<\/strong> : Cercle design moderne<\/p>\n<\/li>\n<li><strong data-start=\"174\" data-end=\"188\">Dimensions<\/strong> : (\u00a0Largeur\u00a0<strong data-start=\"186\" data-end=\"195\">90 cm<\/strong>, Profondeur\u00a0<strong data-start=\"208\" data-end=\"217\">36 cm<\/strong>, Hauteur <strong data-start=\"227\" data-end=\"236\">\u00a0102cm<\/strong>)<\/li>\n<li data-start=\"337\" data-end=\"377\"><\/li>\n<li data-start=\"378\" data-end=\"560\">\n<p data-start=\"380\" data-end=\"399\"><strong data-start=\"380\" data-end=\"395\">Am\u00e9nagement<\/strong> :<\/p>\n<ul data-start=\"402\" data-end=\"560\">\n<li data-start=\"402\" data-end=\"450\">\n<p data-start=\"404\" data-end=\"450\"><strong data-start=\"404\" data-end=\"424\">1 grande porte<\/strong>\u00a0pour rangement spacieux<\/p>\n<\/li>\n<li data-start=\"453\" data-end=\"516\">\n<p data-start=\"455\" data-end=\"516\"><strong data-start=\"455\" data-end=\"485\">2 petites portes centrales<\/strong> pour compartiments pratiques<\/p>\n<\/li>\n<li data-start=\"519\" data-end=\"560\">\n<p data-start=\"521\" data-end=\"560\"><strong data-start=\"521\" data-end=\"541\">1 tiroir int\u00e9gr\u00e9<\/strong> pour accessoires<\/p>\n<\/li>\n<\/ul>\n<\/li>\n<\/ul>\n","protected":false},"excerpt":{"rendered":"<p data-start=\"604\" data-end=\"809\">Meuble \u00e0 chaussures scandinave avec 3 portes et 1 tiroir, parfait pour une entr\u00e9e organis\u00e9e et \u00e9l\u00e9gante. Finition beige et blanc, poign\u00e9es rondes et pieds en bois de h\u00eatre pour un style nordique moderne.<\/p>\n","protected":false},"featured_media":28237,"template":"","meta":[],"product_brand":[],"product_cat":[75],"product_tag":[],"class_list":{"0":"post-28221","1":"product","2":"type-product","3":"status-publish","4":"has-post-thumbnail","6":"product_cat-meuble-a-chaussures","8":"first","9":"instock","10":"shipping-taxable","11":"purchasable","12":"product-type-simple"},"yoast_head":"<!-- This site is optimized with the Yoast SEO plugin v27.2 - https:\/\/yoast.com\/product\/yoast-seo-wordpress\/ -->\n<title>Meuble \u00e0 Chaussures 3 Portes + 1 Tiroir \u2013 Beige &amp; Blanc &#8211; roomio<\/title>\n<meta name=\"robots\" content=\"index, follow, max-snippet:-1, max-image-preview:large, max-video-preview:-1\" \/>\n<link rel=\"canonical\" href=\"https:\/\/roomiodz.com\/index.php\/produit\/meuble-a-chaussures-3-portes-1-tiroir-beige-blanc\/\" \/>\n<meta property=\"og:locale\" content=\"fr_FR\" \/>\n<meta property=\"og:type\" content=\"article\" \/>\n<meta property=\"og:title\" content=\"Meuble \u00e0 Chaussures 3 Portes + 1 Tiroir \u2013 Beige &amp; Blanc &#8211; roomio\" \/>\n<meta property=\"og:description\" content=\"Meuble \u00e0 chaussures scandinave avec 3 portes et 1 tiroir, parfait pour une entr\u00e9e organis\u00e9e et \u00e9l\u00e9gante. Finition beige et blanc, poign\u00e9es rondes et pieds en bois de h\u00eatre pour un style nordique moderne.\" \/>\n<meta property=\"og:url\" content=\"https:\/\/roomiodz.com\/index.php\/produit\/meuble-a-chaussures-3-portes-1-tiroir-beige-blanc\/\" \/>\n<meta property=\"og:site_name\" content=\"roomio\" \/>\n<meta property=\"article:publisher\" content=\"https:\/\/web.facebook.com\/profile.php?id=61579361657009\" \/>\n<meta property=\"article:modified_time\" content=\"2025-11-19T09:35:32+00:00\" \/>\n<meta property=\"og:image\" content=\"https:\/\/roomiodz.com\/wp-content\/uploads\/2025\/08\/ChatGPT-Image-Aug-26-2025-03_19_33-PM-1.png\" \/>\n\t<meta property=\"og:image:width\" content=\"1024\" \/>\n\t<meta property=\"og:image:height\" content=\"1024\" \/>\n\t<meta property=\"og:image:type\" content=\"image\/png\" \/>\n<meta name=\"twitter:card\" content=\"summary_large_image\" \/>\n<meta name=\"twitter:label1\" content=\"Dur\u00e9e de lecture estim\u00e9e\" \/>\n\t<meta name=\"twitter:data1\" content=\"1 minute\" \/>\n<script type=\"application\/ld+json\" class=\"yoast-schema-graph\">{\"@context\":\"https:\/\/schema.org\",\"@graph\":[{\"@type\":\"WebPage\",\"@id\":\"https:\/\/roomiodz.com\/index.php\/produit\/meuble-a-chaussures-3-portes-1-tiroir-beige-blanc\/\",\"url\":\"https:\/\/roomiodz.com\/index.php\/produit\/meuble-a-chaussures-3-portes-1-tiroir-beige-blanc\/\",\"name\":\"Meuble \u00e0 Chaussures 3 Portes + 1 Tiroir \u2013 Beige & Blanc &#8211; roomio\",\"isPartOf\":{\"@id\":\"https:\/\/roomiodz.com\/#website\"},\"primaryImageOfPage\":{\"@id\":\"https:\/\/roomiodz.com\/index.php\/produit\/meuble-a-chaussures-3-portes-1-tiroir-beige-blanc\/#primaryimage\"},\"image\":{\"@id\":\"https:\/\/roomiodz.com\/index.php\/produit\/meuble-a-chaussures-3-portes-1-tiroir-beige-blanc\/#primaryimage\"},\"thumbnailUrl\":\"https:\/\/roomiodz.com\/wp-content\/uploads\/2025\/08\/ChatGPT-Image-Aug-26-2025-03_19_33-PM-1.png?v=1763645572\",\"datePublished\":\"2025-08-26T13:23:30+00:00\",\"dateModified\":\"2025-11-19T09:35:32+00:00\",\"breadcrumb\":{\"@id\":\"https:\/\/roomiodz.com\/index.php\/produit\/meuble-a-chaussures-3-portes-1-tiroir-beige-blanc\/#breadcrumb\"},\"inLanguage\":\"fr-FR\",\"potentialAction\":[{\"@type\":\"ReadAction\",\"target\":[\"https:\/\/roomiodz.com\/index.php\/produit\/meuble-a-chaussures-3-portes-1-tiroir-beige-blanc\/\"]}]},{\"@type\":\"ImageObject\",\"inLanguage\":\"fr-FR\",\"@id\":\"https:\/\/roomiodz.com\/index.php\/produit\/meuble-a-chaussures-3-portes-1-tiroir-beige-blanc\/#primaryimage\",\"url\":\"https:\/\/roomiodz.com\/wp-content\/uploads\/2025\/08\/ChatGPT-Image-Aug-26-2025-03_19_33-PM-1.png?v=1763645572\",\"contentUrl\":\"https:\/\/roomiodz.com\/wp-content\/uploads\/2025\/08\/ChatGPT-Image-Aug-26-2025-03_19_33-PM-1.png?v=1763645572\",\"width\":1024,\"height\":1024},{\"@type\":\"BreadcrumbList\",\"@id\":\"https:\/\/roomiodz.com\/index.php\/produit\/meuble-a-chaussures-3-portes-1-tiroir-beige-blanc\/#breadcrumb\",\"itemListElement\":[{\"@type\":\"ListItem\",\"position\":1,\"name\":\"Accueil\",\"item\":\"https:\/\/roomiodz.com\/\"},{\"@type\":\"ListItem\",\"position\":2,\"name\":\"Shop\",\"item\":\"https:\/\/roomiodz.com\/index.php\/shop\/\"},{\"@type\":\"ListItem\",\"position\":3,\"name\":\"Meuble \u00e0 Chaussures 3 Portes + 1 Tiroir \u2013 Beige &#038; Blanc\"}]},{\"@type\":\"WebSite\",\"@id\":\"https:\/\/roomiodz.com\/#website\",\"url\":\"https:\/\/roomiodz.com\/\",\"name\":\"Roomio\",\"description\":\"Boutique de produits meuble\",\"publisher\":{\"@id\":\"https:\/\/roomiodz.com\/#organization\"},\"potentialAction\":[{\"@type\":\"SearchAction\",\"target\":{\"@type\":\"EntryPoint\",\"urlTemplate\":\"https:\/\/roomiodz.com\/?s={search_term_string}\"},\"query-input\":{\"@type\":\"PropertyValueSpecification\",\"valueRequired\":true,\"valueName\":\"search_term_string\"}}],\"inLanguage\":\"fr-FR\"},{\"@type\":\"Organization\",\"@id\":\"https:\/\/roomiodz.com\/#organization\",\"name\":\"Roomio\",\"url\":\"https:\/\/roomiodz.com\/\",\"logo\":{\"@type\":\"ImageObject\",\"inLanguage\":\"fr-FR\",\"@id\":\"https:\/\/roomiodz.com\/#\/schema\/logo\/image\/\",\"url\":\"https:\/\/roomiodz.com\/wp-content\/uploads\/2025\/08\/cropped-81bc493f-1539-40d3-ab47-a7b9d2257ff0-2.png\",\"contentUrl\":\"https:\/\/roomiodz.com\/wp-content\/uploads\/2025\/08\/cropped-81bc493f-1539-40d3-ab47-a7b9d2257ff0-2.png\",\"width\":512,\"height\":512,\"caption\":\"Roomio\"},\"image\":{\"@id\":\"https:\/\/roomiodz.com\/#\/schema\/logo\/image\/\"},\"sameAs\":[\"https:\/\/web.facebook.com\/profile.php?id=61579361657009\"]}]}<\/script>\n<!-- \/ Yoast SEO plugin. -->","yoast_head_json":{"title":"Meuble \u00e0 Chaussures 3 Portes + 1 Tiroir \u2013 Beige & Blanc &#8211; roomio","robots":{"index":"index","follow":"follow","max-snippet":"max-snippet:-1","max-image-preview":"max-image-preview:large","max-video-preview":"max-video-preview:-1"},"canonical":"https:\/\/roomiodz.com\/index.php\/produit\/meuble-a-chaussures-3-portes-1-tiroir-beige-blanc\/","og_locale":"fr_FR","og_type":"article","og_title":"Meuble \u00e0 Chaussures 3 Portes + 1 Tiroir \u2013 Beige & Blanc &#8211; roomio","og_description":"Meuble \u00e0 chaussures scandinave avec 3 portes et 1 tiroir, parfait pour une entr\u00e9e organis\u00e9e et \u00e9l\u00e9gante. Finition beige et blanc, poign\u00e9es rondes et pieds en bois de h\u00eatre pour un style nordique moderne.","og_url":"https:\/\/roomiodz.com\/index.php\/produit\/meuble-a-chaussures-3-portes-1-tiroir-beige-blanc\/","og_site_name":"roomio","article_publisher":"https:\/\/web.facebook.com\/profile.php?id=61579361657009","article_modified_time":"2025-11-19T09:35:32+00:00","og_image":[{"width":1024,"height":1024,"url":"https:\/\/roomiodz.com\/wp-content\/uploads\/2025\/08\/ChatGPT-Image-Aug-26-2025-03_19_33-PM-1.png","type":"image\/png"}],"twitter_card":"summary_large_image","twitter_misc":{"Dur\u00e9e de lecture estim\u00e9e":"1 minute"},"schema":{"@context":"https:\/\/schema.org","@graph":[{"@type":"WebPage","@id":"https:\/\/roomiodz.com\/index.php\/produit\/meuble-a-chaussures-3-portes-1-tiroir-beige-blanc\/","url":"https:\/\/roomiodz.com\/index.php\/produit\/meuble-a-chaussures-3-portes-1-tiroir-beige-blanc\/","name":"Meuble \u00e0 Chaussures 3 Portes + 1 Tiroir \u2013 Beige & Blanc &#8211; roomio","isPartOf":{"@id":"https:\/\/roomiodz.com\/#website"},"primaryImageOfPage":{"@id":"https:\/\/roomiodz.com\/index.php\/produit\/meuble-a-chaussures-3-portes-1-tiroir-beige-blanc\/#primaryimage"},"image":{"@id":"https:\/\/roomiodz.com\/index.php\/produit\/meuble-a-chaussures-3-portes-1-tiroir-beige-blanc\/#primaryimage"},"thumbnailUrl":"https:\/\/roomiodz.com\/wp-content\/uploads\/2025\/08\/ChatGPT-Image-Aug-26-2025-03_19_33-PM-1.png?v=1763645572","datePublished":"2025-08-26T13:23:30+00:00","dateModified":"2025-11-19T09:35:32+00:00","breadcrumb":{"@id":"https:\/\/roomiodz.com\/index.php\/produit\/meuble-a-chaussures-3-portes-1-tiroir-beige-blanc\/#breadcrumb"},"inLanguage":"fr-FR","potentialAction":[{"@type":"ReadAction","target":["https:\/\/roomiodz.com\/index.php\/produit\/meuble-a-chaussures-3-portes-1-tiroir-beige-blanc\/"]}]},{"@type":"ImageObject","inLanguage":"fr-FR","@id":"https:\/\/roomiodz.com\/index.php\/produit\/meuble-a-chaussures-3-portes-1-tiroir-beige-blanc\/#primaryimage","url":"https:\/\/roomiodz.com\/wp-content\/uploads\/2025\/08\/ChatGPT-Image-Aug-26-2025-03_19_33-PM-1.png?v=1763645572","contentUrl":"https:\/\/roomiodz.com\/wp-content\/uploads\/2025\/08\/ChatGPT-Image-Aug-26-2025-03_19_33-PM-1.png?v=1763645572","width":1024,"height":1024},{"@type":"BreadcrumbList","@id":"https:\/\/roomiodz.com\/index.php\/produit\/meuble-a-chaussures-3-portes-1-tiroir-beige-blanc\/#breadcrumb","itemListElement":[{"@type":"ListItem","position":1,"name":"Accueil","item":"https:\/\/roomiodz.com\/"},{"@type":"ListItem","position":2,"name":"Shop","item":"https:\/\/roomiodz.com\/index.php\/shop\/"},{"@type":"ListItem","position":3,"name":"Meuble \u00e0 Chaussures 3 Portes + 1 Tiroir \u2013 Beige &#038; Blanc"}]},{"@type":"WebSite","@id":"https:\/\/roomiodz.com\/#website","url":"https:\/\/roomiodz.com\/","name":"Roomio","description":"Boutique de produits meuble","publisher":{"@id":"https:\/\/roomiodz.com\/#organization"},"potentialAction":[{"@type":"SearchAction","target":{"@type":"EntryPoint","urlTemplate":"https:\/\/roomiodz.com\/?s={search_term_string}"},"query-input":{"@type":"PropertyValueSpecification","valueRequired":true,"valueName":"search_term_string"}}],"inLanguage":"fr-FR"},{"@type":"Organization","@id":"https:\/\/roomiodz.com\/#organization","name":"Roomio","url":"https:\/\/roomiodz.com\/","logo":{"@type":"ImageObject","inLanguage":"fr-FR","@id":"https:\/\/roomiodz.com\/#\/schema\/logo\/image\/","url":"https:\/\/roomiodz.com\/wp-content\/uploads\/2025\/08\/cropped-81bc493f-1539-40d3-ab47-a7b9d2257ff0-2.png","contentUrl":"https:\/\/roomiodz.com\/wp-content\/uploads\/2025\/08\/cropped-81bc493f-1539-40d3-ab47-a7b9d2257ff0-2.png","width":512,"height":512,"caption":"Roomio"},"image":{"@id":"https:\/\/roomiodz.com\/#\/schema\/logo\/image\/"},"sameAs":["https:\/\/web.facebook.com\/profile.php?id=61579361657009"]}]}},"_links":{"self":[{"href":"https:\/\/roomiodz.com\/index.php\/wp-json\/wp\/v2\/product\/28221","targetHints":{"allow":["GET"]}}],"collection":[{"href":"https:\/\/roomiodz.com\/index.php\/wp-json\/wp\/v2\/product"}],"about":[{"href":"https:\/\/roomiodz.com\/index.php\/wp-json\/wp\/v2\/types\/product"}],"version-history":[{"count":2,"href":"https:\/\/roomiodz.com\/index.php\/wp-json\/wp\/v2\/product\/28221\/revisions"}],"predecessor-version":[{"id":28792,"href":"https:\/\/roomiodz.com\/index.php\/wp-json\/wp\/v2\/product\/28221\/revisions\/28792"}],"wp:featuredmedia":[{"embeddable":true,"href":"https:\/\/roomiodz.com\/index.php\/wp-json\/wp\/v2\/media\/28237"}],"wp:attachment":[{"href":"https:\/\/roomiodz.com\/index.php\/wp-json\/wp\/v2\/media?parent=28221"}],"wp:term":[{"taxonomy":"product_brand","embeddable":true,"href":"https:\/\/roomiodz.com\/index.php\/wp-json\/wp\/v2\/product_brand?post=28221"},{"taxonomy":"product_cat","embeddable":true,"href":"https:\/\/roomiodz.com\/index.php\/wp-json\/wp\/v2\/product_cat?post=28221"},{"taxonomy":"product_tag","embeddable":true,"href":"https:\/\/roomiodz.com\/index.php\/wp-json\/wp\/v2\/product_tag?post=28221"}],"curies":[{"name":"wp","href":"https:\/\/api.w.org\/{rel}","templated":true}]}}