{"id":28208,"date":"2025-08-25T20:38:57","date_gmt":"2025-08-25T19:38:57","guid":{"rendered":"https:\/\/roomiodz.com\/?post_type=product&#038;p=28208"},"modified":"2025-11-17T13:52:16","modified_gmt":"2025-11-17T12:52:16","slug":"table-de-nuit-2-tiroirs-style-scandinave-blanc-2","status":"publish","type":"product","link":"https:\/\/roomiodz.com\/index.php\/produit\/table-de-nuit-2-tiroirs-style-scandinave-blanc-2\/","title":{"rendered":"Table de Nuit 2 Tiroirs \u2013 Style Scandinave Blanc"},"content":{"rendered":"<h3 data-start=\"415\" data-end=\"439\">Caract\u00e9ristiques :<\/h3>\n<ul>\n<li data-start=\"230\" data-end=\"264\">\n<p data-start=\"232\" data-end=\"264\"><strong data-start=\"232\" data-end=\"241\">Style<\/strong> : Scandinave moderne<\/p>\n<\/li>\n<li data-start=\"265\" data-end=\"292\">\n<p data-start=\"267\" data-end=\"292\"><strong data-start=\"267\" data-end=\"278\">Couleur<\/strong> : Blanc uni<\/p>\n<\/li>\n<li data-start=\"293\" data-end=\"333\">\n<p data-start=\"295\" data-end=\"333\"><strong data-start=\"295\" data-end=\"304\">Pieds<\/strong> : Bois de h\u00eatre scandinave<\/p>\n<\/li>\n<li data-start=\"334\" data-end=\"374\">\n<p data-start=\"336\" data-end=\"374\"><strong data-start=\"336\" data-end=\"348\">Poign\u00e9es<\/strong> : Bois H\u00eatre<\/p>\n<\/li>\n<li data-start=\"375\" data-end=\"449\">\n<p data-start=\"377\" data-end=\"449\"><strong data-start=\"377\" data-end=\"392\">Am\u00e9nagement<\/strong> : 2 tiroirs pratiques pour ranger vos affaires de nuit<\/p>\n<\/li>\n<li><strong data-start=\"152\" data-end=\"166\">Dimensions<\/strong> : Largeur 40 <strong data-start=\"177\" data-end=\"186\">cm<\/strong>, Profondeur 37 <strong data-start=\"199\" data-end=\"208\">cm<\/strong>, Hauteur 50<strong data-start=\"218\" data-end=\"227\">\u00a0cm<\/strong><\/li>\n<\/ul>\n","protected":false},"excerpt":{"rendered":"<p data-start=\"493\" data-end=\"693\">Table de nuit scandinave 2 tiroirs en blanc, parfaite pour une chambre moderne et lumineuse. Ses poign\u00e9es ses pieds en bois de h\u00eatre apportent une touche nordique \u00e9l\u00e9gante et intemporelle.<\/p>\n","protected":false},"featured_media":28239,"template":"","meta":[],"product_brand":[],"product_cat":[76],"product_tag":[],"class_list":{"0":"post-28208","1":"product","2":"type-product","3":"status-publish","4":"has-post-thumbnail","6":"product_cat-table-de-nuit","8":"first","9":"instock","10":"shipping-taxable","11":"purchasable","12":"product-type-simple"},"yoast_head":"<!-- This site is optimized with the Yoast SEO plugin v27.2 - https:\/\/yoast.com\/product\/yoast-seo-wordpress\/ -->\n<title>Table de Nuit 2 Tiroirs \u2013 Style Scandinave Blanc &#8211; roomio<\/title>\n<meta name=\"robots\" content=\"index, follow, max-snippet:-1, max-image-preview:large, max-video-preview:-1\" \/>\n<link rel=\"canonical\" href=\"https:\/\/roomiodz.com\/index.php\/produit\/table-de-nuit-2-tiroirs-style-scandinave-blanc-2\/\" \/>\n<meta property=\"og:locale\" content=\"fr_FR\" \/>\n<meta property=\"og:type\" content=\"article\" \/>\n<meta property=\"og:title\" content=\"Table de Nuit 2 Tiroirs \u2013 Style Scandinave Blanc &#8211; roomio\" \/>\n<meta property=\"og:description\" content=\"Table de nuit scandinave 2 tiroirs en blanc, parfaite pour une chambre moderne et lumineuse. Ses poign\u00e9es ses pieds en bois de h\u00eatre apportent une touche nordique \u00e9l\u00e9gante et intemporelle.\" \/>\n<meta property=\"og:url\" content=\"https:\/\/roomiodz.com\/index.php\/produit\/table-de-nuit-2-tiroirs-style-scandinave-blanc-2\/\" \/>\n<meta property=\"og:site_name\" content=\"roomio\" \/>\n<meta property=\"article:publisher\" content=\"https:\/\/web.facebook.com\/profile.php?id=61579361657009\" \/>\n<meta property=\"article:modified_time\" content=\"2025-11-17T12:52:16+00:00\" \/>\n<meta property=\"og:image\" content=\"https:\/\/roomiodz.com\/wp-content\/uploads\/2025\/08\/28383d8a-de4a-4933-9a4c-bed1e6a11f30-1.png\" \/>\n\t<meta property=\"og:image:width\" content=\"1024\" \/>\n\t<meta property=\"og:image:height\" content=\"1536\" \/>\n\t<meta property=\"og:image:type\" content=\"image\/png\" \/>\n<meta name=\"twitter:card\" content=\"summary_large_image\" \/>\n<meta name=\"twitter:label1\" content=\"Dur\u00e9e de lecture estim\u00e9e\" \/>\n\t<meta name=\"twitter:data1\" content=\"1 minute\" \/>\n<script type=\"application\/ld+json\" class=\"yoast-schema-graph\">{\"@context\":\"https:\/\/schema.org\",\"@graph\":[{\"@type\":\"WebPage\",\"@id\":\"https:\/\/roomiodz.com\/index.php\/produit\/table-de-nuit-2-tiroirs-style-scandinave-blanc-2\/\",\"url\":\"https:\/\/roomiodz.com\/index.php\/produit\/table-de-nuit-2-tiroirs-style-scandinave-blanc-2\/\",\"name\":\"Table de Nuit 2 Tiroirs \u2013 Style Scandinave Blanc &#8211; roomio\",\"isPartOf\":{\"@id\":\"https:\/\/roomiodz.com\/#website\"},\"primaryImageOfPage\":{\"@id\":\"https:\/\/roomiodz.com\/index.php\/produit\/table-de-nuit-2-tiroirs-style-scandinave-blanc-2\/#primaryimage\"},\"image\":{\"@id\":\"https:\/\/roomiodz.com\/index.php\/produit\/table-de-nuit-2-tiroirs-style-scandinave-blanc-2\/#primaryimage\"},\"thumbnailUrl\":\"https:\/\/roomiodz.com\/wp-content\/uploads\/2025\/08\/28383d8a-de4a-4933-9a4c-bed1e6a11f30-1.png?v=1763645566\",\"datePublished\":\"2025-08-25T19:38:57+00:00\",\"dateModified\":\"2025-11-17T12:52:16+00:00\",\"breadcrumb\":{\"@id\":\"https:\/\/roomiodz.com\/index.php\/produit\/table-de-nuit-2-tiroirs-style-scandinave-blanc-2\/#breadcrumb\"},\"inLanguage\":\"fr-FR\",\"potentialAction\":[{\"@type\":\"ReadAction\",\"target\":[\"https:\/\/roomiodz.com\/index.php\/produit\/table-de-nuit-2-tiroirs-style-scandinave-blanc-2\/\"]}]},{\"@type\":\"ImageObject\",\"inLanguage\":\"fr-FR\",\"@id\":\"https:\/\/roomiodz.com\/index.php\/produit\/table-de-nuit-2-tiroirs-style-scandinave-blanc-2\/#primaryimage\",\"url\":\"https:\/\/roomiodz.com\/wp-content\/uploads\/2025\/08\/28383d8a-de4a-4933-9a4c-bed1e6a11f30-1.png?v=1763645566\",\"contentUrl\":\"https:\/\/roomiodz.com\/wp-content\/uploads\/2025\/08\/28383d8a-de4a-4933-9a4c-bed1e6a11f30-1.png?v=1763645566\",\"width\":1024,\"height\":1536},{\"@type\":\"BreadcrumbList\",\"@id\":\"https:\/\/roomiodz.com\/index.php\/produit\/table-de-nuit-2-tiroirs-style-scandinave-blanc-2\/#breadcrumb\",\"itemListElement\":[{\"@type\":\"ListItem\",\"position\":1,\"name\":\"Accueil\",\"item\":\"https:\/\/roomiodz.com\/\"},{\"@type\":\"ListItem\",\"position\":2,\"name\":\"Shop\",\"item\":\"https:\/\/roomiodz.com\/index.php\/shop\/\"},{\"@type\":\"ListItem\",\"position\":3,\"name\":\"Table de Nuit 2 Tiroirs \u2013 Style Scandinave Blanc\"}]},{\"@type\":\"WebSite\",\"@id\":\"https:\/\/roomiodz.com\/#website\",\"url\":\"https:\/\/roomiodz.com\/\",\"name\":\"Roomio\",\"description\":\"Boutique de produits meuble\",\"publisher\":{\"@id\":\"https:\/\/roomiodz.com\/#organization\"},\"potentialAction\":[{\"@type\":\"SearchAction\",\"target\":{\"@type\":\"EntryPoint\",\"urlTemplate\":\"https:\/\/roomiodz.com\/?s={search_term_string}\"},\"query-input\":{\"@type\":\"PropertyValueSpecification\",\"valueRequired\":true,\"valueName\":\"search_term_string\"}}],\"inLanguage\":\"fr-FR\"},{\"@type\":\"Organization\",\"@id\":\"https:\/\/roomiodz.com\/#organization\",\"name\":\"Roomio\",\"url\":\"https:\/\/roomiodz.com\/\",\"logo\":{\"@type\":\"ImageObject\",\"inLanguage\":\"fr-FR\",\"@id\":\"https:\/\/roomiodz.com\/#\/schema\/logo\/image\/\",\"url\":\"https:\/\/roomiodz.com\/wp-content\/uploads\/2025\/08\/cropped-81bc493f-1539-40d3-ab47-a7b9d2257ff0-2.png\",\"contentUrl\":\"https:\/\/roomiodz.com\/wp-content\/uploads\/2025\/08\/cropped-81bc493f-1539-40d3-ab47-a7b9d2257ff0-2.png\",\"width\":512,\"height\":512,\"caption\":\"Roomio\"},\"image\":{\"@id\":\"https:\/\/roomiodz.com\/#\/schema\/logo\/image\/\"},\"sameAs\":[\"https:\/\/web.facebook.com\/profile.php?id=61579361657009\"]}]}<\/script>\n<!-- \/ Yoast SEO plugin. -->","yoast_head_json":{"title":"Table de Nuit 2 Tiroirs \u2013 Style Scandinave Blanc &#8211; roomio","robots":{"index":"index","follow":"follow","max-snippet":"max-snippet:-1","max-image-preview":"max-image-preview:large","max-video-preview":"max-video-preview:-1"},"canonical":"https:\/\/roomiodz.com\/index.php\/produit\/table-de-nuit-2-tiroirs-style-scandinave-blanc-2\/","og_locale":"fr_FR","og_type":"article","og_title":"Table de Nuit 2 Tiroirs \u2013 Style Scandinave Blanc &#8211; roomio","og_description":"Table de nuit scandinave 2 tiroirs en blanc, parfaite pour une chambre moderne et lumineuse. Ses poign\u00e9es ses pieds en bois de h\u00eatre apportent une touche nordique \u00e9l\u00e9gante et intemporelle.","og_url":"https:\/\/roomiodz.com\/index.php\/produit\/table-de-nuit-2-tiroirs-style-scandinave-blanc-2\/","og_site_name":"roomio","article_publisher":"https:\/\/web.facebook.com\/profile.php?id=61579361657009","article_modified_time":"2025-11-17T12:52:16+00:00","og_image":[{"width":1024,"height":1536,"url":"https:\/\/roomiodz.com\/wp-content\/uploads\/2025\/08\/28383d8a-de4a-4933-9a4c-bed1e6a11f30-1.png","type":"image\/png"}],"twitter_card":"summary_large_image","twitter_misc":{"Dur\u00e9e de lecture estim\u00e9e":"1 minute"},"schema":{"@context":"https:\/\/schema.org","@graph":[{"@type":"WebPage","@id":"https:\/\/roomiodz.com\/index.php\/produit\/table-de-nuit-2-tiroirs-style-scandinave-blanc-2\/","url":"https:\/\/roomiodz.com\/index.php\/produit\/table-de-nuit-2-tiroirs-style-scandinave-blanc-2\/","name":"Table de Nuit 2 Tiroirs \u2013 Style Scandinave Blanc &#8211; roomio","isPartOf":{"@id":"https:\/\/roomiodz.com\/#website"},"primaryImageOfPage":{"@id":"https:\/\/roomiodz.com\/index.php\/produit\/table-de-nuit-2-tiroirs-style-scandinave-blanc-2\/#primaryimage"},"image":{"@id":"https:\/\/roomiodz.com\/index.php\/produit\/table-de-nuit-2-tiroirs-style-scandinave-blanc-2\/#primaryimage"},"thumbnailUrl":"https:\/\/roomiodz.com\/wp-content\/uploads\/2025\/08\/28383d8a-de4a-4933-9a4c-bed1e6a11f30-1.png?v=1763645566","datePublished":"2025-08-25T19:38:57+00:00","dateModified":"2025-11-17T12:52:16+00:00","breadcrumb":{"@id":"https:\/\/roomiodz.com\/index.php\/produit\/table-de-nuit-2-tiroirs-style-scandinave-blanc-2\/#breadcrumb"},"inLanguage":"fr-FR","potentialAction":[{"@type":"ReadAction","target":["https:\/\/roomiodz.com\/index.php\/produit\/table-de-nuit-2-tiroirs-style-scandinave-blanc-2\/"]}]},{"@type":"ImageObject","inLanguage":"fr-FR","@id":"https:\/\/roomiodz.com\/index.php\/produit\/table-de-nuit-2-tiroirs-style-scandinave-blanc-2\/#primaryimage","url":"https:\/\/roomiodz.com\/wp-content\/uploads\/2025\/08\/28383d8a-de4a-4933-9a4c-bed1e6a11f30-1.png?v=1763645566","contentUrl":"https:\/\/roomiodz.com\/wp-content\/uploads\/2025\/08\/28383d8a-de4a-4933-9a4c-bed1e6a11f30-1.png?v=1763645566","width":1024,"height":1536},{"@type":"BreadcrumbList","@id":"https:\/\/roomiodz.com\/index.php\/produit\/table-de-nuit-2-tiroirs-style-scandinave-blanc-2\/#breadcrumb","itemListElement":[{"@type":"ListItem","position":1,"name":"Accueil","item":"https:\/\/roomiodz.com\/"},{"@type":"ListItem","position":2,"name":"Shop","item":"https:\/\/roomiodz.com\/index.php\/shop\/"},{"@type":"ListItem","position":3,"name":"Table de Nuit 2 Tiroirs \u2013 Style Scandinave Blanc"}]},{"@type":"WebSite","@id":"https:\/\/roomiodz.com\/#website","url":"https:\/\/roomiodz.com\/","name":"Roomio","description":"Boutique de produits meuble","publisher":{"@id":"https:\/\/roomiodz.com\/#organization"},"potentialAction":[{"@type":"SearchAction","target":{"@type":"EntryPoint","urlTemplate":"https:\/\/roomiodz.com\/?s={search_term_string}"},"query-input":{"@type":"PropertyValueSpecification","valueRequired":true,"valueName":"search_term_string"}}],"inLanguage":"fr-FR"},{"@type":"Organization","@id":"https:\/\/roomiodz.com\/#organization","name":"Roomio","url":"https:\/\/roomiodz.com\/","logo":{"@type":"ImageObject","inLanguage":"fr-FR","@id":"https:\/\/roomiodz.com\/#\/schema\/logo\/image\/","url":"https:\/\/roomiodz.com\/wp-content\/uploads\/2025\/08\/cropped-81bc493f-1539-40d3-ab47-a7b9d2257ff0-2.png","contentUrl":"https:\/\/roomiodz.com\/wp-content\/uploads\/2025\/08\/cropped-81bc493f-1539-40d3-ab47-a7b9d2257ff0-2.png","width":512,"height":512,"caption":"Roomio"},"image":{"@id":"https:\/\/roomiodz.com\/#\/schema\/logo\/image\/"},"sameAs":["https:\/\/web.facebook.com\/profile.php?id=61579361657009"]}]}},"_links":{"self":[{"href":"https:\/\/roomiodz.com\/index.php\/wp-json\/wp\/v2\/product\/28208","targetHints":{"allow":["GET"]}}],"collection":[{"href":"https:\/\/roomiodz.com\/index.php\/wp-json\/wp\/v2\/product"}],"about":[{"href":"https:\/\/roomiodz.com\/index.php\/wp-json\/wp\/v2\/types\/product"}],"version-history":[{"count":4,"href":"https:\/\/roomiodz.com\/index.php\/wp-json\/wp\/v2\/product\/28208\/revisions"}],"predecessor-version":[{"id":28780,"href":"https:\/\/roomiodz.com\/index.php\/wp-json\/wp\/v2\/product\/28208\/revisions\/28780"}],"wp:featuredmedia":[{"embeddable":true,"href":"https:\/\/roomiodz.com\/index.php\/wp-json\/wp\/v2\/media\/28239"}],"wp:attachment":[{"href":"https:\/\/roomiodz.com\/index.php\/wp-json\/wp\/v2\/media?parent=28208"}],"wp:term":[{"taxonomy":"product_brand","embeddable":true,"href":"https:\/\/roomiodz.com\/index.php\/wp-json\/wp\/v2\/product_brand?post=28208"},{"taxonomy":"product_cat","embeddable":true,"href":"https:\/\/roomiodz.com\/index.php\/wp-json\/wp\/v2\/product_cat?post=28208"},{"taxonomy":"product_tag","embeddable":true,"href":"https:\/\/roomiodz.com\/index.php\/wp-json\/wp\/v2\/product_tag?post=28208"}],"curies":[{"name":"wp","href":"https:\/\/api.w.org\/{rel}","templated":true}]}}