{"id":27978,"date":"2025-08-24T17:18:14","date_gmt":"2025-08-24T16:18:14","guid":{"rendered":"https:\/\/roomiodz.com\/?post_type=product&#038;p=27978"},"modified":"2025-11-03T19:46:34","modified_gmt":"2025-11-03T18:46:34","slug":"table-de-nuit-2-tiroirs-style-scandinave-beige-blanc","status":"publish","type":"product","link":"https:\/\/roomiodz.com\/index.php\/produit\/table-de-nuit-2-tiroirs-style-scandinave-beige-blanc\/","title":{"rendered":"Table de Nuit 2 Tiroirs \u2013 Style Scandinave Beige &#038; Blanc"},"content":{"rendered":"<h3 data-start=\"415\" data-end=\"439\">Caract\u00e9ristiques :<\/h3>\n<ul>\n<li data-start=\"237\" data-end=\"271\">\n<p data-start=\"239\" data-end=\"271\"><strong data-start=\"239\" data-end=\"248\">Style<\/strong> : Scandinave moderne<\/p>\n<\/li>\n<li data-start=\"272\" data-end=\"303\">\n<p data-start=\"274\" data-end=\"303\"><strong data-start=\"274\" data-end=\"285\">Couleur<\/strong> : Beige &amp; Blanc<\/p>\n<\/li>\n<li data-start=\"304\" data-end=\"344\">\n<p data-start=\"306\" data-end=\"344\"><strong data-start=\"306\" data-end=\"315\">Pieds<\/strong> : Bois de h\u00eatre scandinave<\/p>\n<\/li>\n<li data-start=\"345\" data-end=\"385\">\n<p data-start=\"347\" data-end=\"385\"><strong data-start=\"347\" data-end=\"359\">Poign\u00e9es<\/strong> : Cercle design moderne<\/p>\n<\/li>\n<li data-start=\"386\" data-end=\"460\">\n<p data-start=\"388\" data-end=\"460\"><strong data-start=\"388\" data-end=\"403\">Am\u00e9nagement<\/strong> : 2 tiroirs pratiques pour ranger vos affaires de nuit<\/p>\n<\/li>\n<li><strong data-start=\"159\" data-end=\"173\">Dimensions<\/strong> : Largeur <strong data-start=\"184\" data-end=\"193\">40 cm<\/strong>, Profondeur <strong data-start=\"206\" data-end=\"215\">35 cm<\/strong>, Hauteur <strong data-start=\"225\" data-end=\"234\">40 cm<\/strong><\/li>\n<\/ul>\n","protected":false},"excerpt":{"rendered":"<p>Table de nuit scandinave 2 tiroirs, finition beige et blanc, id\u00e9ale pour une chambre moderne. Avec ses poign\u00e9es rondes et ses pieds en bois de h\u00eatre, elle allie \u00e9l\u00e9gance et praticit\u00e9 pour un rangement raffin\u00e9.<\/p>\n","protected":false},"featured_media":28243,"template":"","meta":[],"product_brand":[],"product_cat":[76],"product_tag":[],"class_list":{"0":"post-27978","1":"product","2":"type-product","3":"status-publish","4":"has-post-thumbnail","6":"product_cat-table-de-nuit","8":"first","9":"outofstock","10":"shipping-taxable","11":"purchasable","12":"product-type-simple"},"yoast_head":"<!-- This site is optimized with the Yoast SEO plugin v27.2 - https:\/\/yoast.com\/product\/yoast-seo-wordpress\/ -->\n<title>Table de Nuit 2 Tiroirs \u2013 Style Scandinave Beige &amp; Blanc &#8211; roomio<\/title>\n<meta name=\"robots\" content=\"index, follow, max-snippet:-1, max-image-preview:large, max-video-preview:-1\" \/>\n<link rel=\"canonical\" href=\"https:\/\/roomiodz.com\/index.php\/produit\/table-de-nuit-2-tiroirs-style-scandinave-beige-blanc\/\" \/>\n<meta property=\"og:locale\" content=\"fr_FR\" \/>\n<meta property=\"og:type\" content=\"article\" \/>\n<meta property=\"og:title\" content=\"Table de Nuit 2 Tiroirs \u2013 Style Scandinave Beige &amp; Blanc &#8211; roomio\" \/>\n<meta property=\"og:description\" content=\"Table de nuit scandinave 2 tiroirs, finition beige et blanc, id\u00e9ale pour une chambre moderne. Avec ses poign\u00e9es rondes et ses pieds en bois de h\u00eatre, elle allie \u00e9l\u00e9gance et praticit\u00e9 pour un rangement raffin\u00e9.\" \/>\n<meta property=\"og:url\" content=\"https:\/\/roomiodz.com\/index.php\/produit\/table-de-nuit-2-tiroirs-style-scandinave-beige-blanc\/\" \/>\n<meta property=\"og:site_name\" content=\"roomio\" \/>\n<meta property=\"article:publisher\" content=\"https:\/\/web.facebook.com\/profile.php?id=61579361657009\" \/>\n<meta property=\"article:modified_time\" content=\"2025-11-03T18:46:34+00:00\" \/>\n<meta property=\"og:image\" content=\"https:\/\/roomiodz.com\/wp-content\/uploads\/2025\/08\/image00013-1.png\" \/>\n\t<meta property=\"og:image:width\" content=\"1024\" \/>\n\t<meta property=\"og:image:height\" content=\"1536\" \/>\n\t<meta property=\"og:image:type\" content=\"image\/png\" \/>\n<meta name=\"twitter:card\" content=\"summary_large_image\" \/>\n<meta name=\"twitter:label1\" content=\"Dur\u00e9e de lecture estim\u00e9e\" \/>\n\t<meta name=\"twitter:data1\" content=\"1 minute\" \/>\n<script type=\"application\/ld+json\" class=\"yoast-schema-graph\">{\"@context\":\"https:\/\/schema.org\",\"@graph\":[{\"@type\":\"WebPage\",\"@id\":\"https:\/\/roomiodz.com\/index.php\/produit\/table-de-nuit-2-tiroirs-style-scandinave-beige-blanc\/\",\"url\":\"https:\/\/roomiodz.com\/index.php\/produit\/table-de-nuit-2-tiroirs-style-scandinave-beige-blanc\/\",\"name\":\"Table de Nuit 2 Tiroirs \u2013 Style Scandinave Beige & Blanc &#8211; roomio\",\"isPartOf\":{\"@id\":\"https:\/\/roomiodz.com\/#website\"},\"primaryImageOfPage\":{\"@id\":\"https:\/\/roomiodz.com\/index.php\/produit\/table-de-nuit-2-tiroirs-style-scandinave-beige-blanc\/#primaryimage\"},\"image\":{\"@id\":\"https:\/\/roomiodz.com\/index.php\/produit\/table-de-nuit-2-tiroirs-style-scandinave-beige-blanc\/#primaryimage\"},\"thumbnailUrl\":\"https:\/\/roomiodz.com\/wp-content\/uploads\/2025\/08\/image00013-1.png?v=1763645556\",\"datePublished\":\"2025-08-24T16:18:14+00:00\",\"dateModified\":\"2025-11-03T18:46:34+00:00\",\"breadcrumb\":{\"@id\":\"https:\/\/roomiodz.com\/index.php\/produit\/table-de-nuit-2-tiroirs-style-scandinave-beige-blanc\/#breadcrumb\"},\"inLanguage\":\"fr-FR\",\"potentialAction\":[{\"@type\":\"ReadAction\",\"target\":[\"https:\/\/roomiodz.com\/index.php\/produit\/table-de-nuit-2-tiroirs-style-scandinave-beige-blanc\/\"]}]},{\"@type\":\"ImageObject\",\"inLanguage\":\"fr-FR\",\"@id\":\"https:\/\/roomiodz.com\/index.php\/produit\/table-de-nuit-2-tiroirs-style-scandinave-beige-blanc\/#primaryimage\",\"url\":\"https:\/\/roomiodz.com\/wp-content\/uploads\/2025\/08\/image00013-1.png?v=1763645556\",\"contentUrl\":\"https:\/\/roomiodz.com\/wp-content\/uploads\/2025\/08\/image00013-1.png?v=1763645556\",\"width\":1024,\"height\":1536},{\"@type\":\"BreadcrumbList\",\"@id\":\"https:\/\/roomiodz.com\/index.php\/produit\/table-de-nuit-2-tiroirs-style-scandinave-beige-blanc\/#breadcrumb\",\"itemListElement\":[{\"@type\":\"ListItem\",\"position\":1,\"name\":\"Accueil\",\"item\":\"https:\/\/roomiodz.com\/\"},{\"@type\":\"ListItem\",\"position\":2,\"name\":\"Shop\",\"item\":\"https:\/\/roomiodz.com\/index.php\/shop\/\"},{\"@type\":\"ListItem\",\"position\":3,\"name\":\"Table de Nuit 2 Tiroirs \u2013 Style Scandinave Beige &#038; Blanc\"}]},{\"@type\":\"WebSite\",\"@id\":\"https:\/\/roomiodz.com\/#website\",\"url\":\"https:\/\/roomiodz.com\/\",\"name\":\"Roomio\",\"description\":\"Boutique de produits meuble\",\"publisher\":{\"@id\":\"https:\/\/roomiodz.com\/#organization\"},\"potentialAction\":[{\"@type\":\"SearchAction\",\"target\":{\"@type\":\"EntryPoint\",\"urlTemplate\":\"https:\/\/roomiodz.com\/?s={search_term_string}\"},\"query-input\":{\"@type\":\"PropertyValueSpecification\",\"valueRequired\":true,\"valueName\":\"search_term_string\"}}],\"inLanguage\":\"fr-FR\"},{\"@type\":\"Organization\",\"@id\":\"https:\/\/roomiodz.com\/#organization\",\"name\":\"Roomio\",\"url\":\"https:\/\/roomiodz.com\/\",\"logo\":{\"@type\":\"ImageObject\",\"inLanguage\":\"fr-FR\",\"@id\":\"https:\/\/roomiodz.com\/#\/schema\/logo\/image\/\",\"url\":\"https:\/\/roomiodz.com\/wp-content\/uploads\/2025\/08\/cropped-81bc493f-1539-40d3-ab47-a7b9d2257ff0-2.png\",\"contentUrl\":\"https:\/\/roomiodz.com\/wp-content\/uploads\/2025\/08\/cropped-81bc493f-1539-40d3-ab47-a7b9d2257ff0-2.png\",\"width\":512,\"height\":512,\"caption\":\"Roomio\"},\"image\":{\"@id\":\"https:\/\/roomiodz.com\/#\/schema\/logo\/image\/\"},\"sameAs\":[\"https:\/\/web.facebook.com\/profile.php?id=61579361657009\"]}]}<\/script>\n<!-- \/ Yoast SEO plugin. -->","yoast_head_json":{"title":"Table de Nuit 2 Tiroirs \u2013 Style Scandinave Beige & Blanc &#8211; roomio","robots":{"index":"index","follow":"follow","max-snippet":"max-snippet:-1","max-image-preview":"max-image-preview:large","max-video-preview":"max-video-preview:-1"},"canonical":"https:\/\/roomiodz.com\/index.php\/produit\/table-de-nuit-2-tiroirs-style-scandinave-beige-blanc\/","og_locale":"fr_FR","og_type":"article","og_title":"Table de Nuit 2 Tiroirs \u2013 Style Scandinave Beige & Blanc &#8211; roomio","og_description":"Table de nuit scandinave 2 tiroirs, finition beige et blanc, id\u00e9ale pour une chambre moderne. Avec ses poign\u00e9es rondes et ses pieds en bois de h\u00eatre, elle allie \u00e9l\u00e9gance et praticit\u00e9 pour un rangement raffin\u00e9.","og_url":"https:\/\/roomiodz.com\/index.php\/produit\/table-de-nuit-2-tiroirs-style-scandinave-beige-blanc\/","og_site_name":"roomio","article_publisher":"https:\/\/web.facebook.com\/profile.php?id=61579361657009","article_modified_time":"2025-11-03T18:46:34+00:00","og_image":[{"width":1024,"height":1536,"url":"https:\/\/roomiodz.com\/wp-content\/uploads\/2025\/08\/image00013-1.png","type":"image\/png"}],"twitter_card":"summary_large_image","twitter_misc":{"Dur\u00e9e de lecture estim\u00e9e":"1 minute"},"schema":{"@context":"https:\/\/schema.org","@graph":[{"@type":"WebPage","@id":"https:\/\/roomiodz.com\/index.php\/produit\/table-de-nuit-2-tiroirs-style-scandinave-beige-blanc\/","url":"https:\/\/roomiodz.com\/index.php\/produit\/table-de-nuit-2-tiroirs-style-scandinave-beige-blanc\/","name":"Table de Nuit 2 Tiroirs \u2013 Style Scandinave Beige & Blanc &#8211; roomio","isPartOf":{"@id":"https:\/\/roomiodz.com\/#website"},"primaryImageOfPage":{"@id":"https:\/\/roomiodz.com\/index.php\/produit\/table-de-nuit-2-tiroirs-style-scandinave-beige-blanc\/#primaryimage"},"image":{"@id":"https:\/\/roomiodz.com\/index.php\/produit\/table-de-nuit-2-tiroirs-style-scandinave-beige-blanc\/#primaryimage"},"thumbnailUrl":"https:\/\/roomiodz.com\/wp-content\/uploads\/2025\/08\/image00013-1.png?v=1763645556","datePublished":"2025-08-24T16:18:14+00:00","dateModified":"2025-11-03T18:46:34+00:00","breadcrumb":{"@id":"https:\/\/roomiodz.com\/index.php\/produit\/table-de-nuit-2-tiroirs-style-scandinave-beige-blanc\/#breadcrumb"},"inLanguage":"fr-FR","potentialAction":[{"@type":"ReadAction","target":["https:\/\/roomiodz.com\/index.php\/produit\/table-de-nuit-2-tiroirs-style-scandinave-beige-blanc\/"]}]},{"@type":"ImageObject","inLanguage":"fr-FR","@id":"https:\/\/roomiodz.com\/index.php\/produit\/table-de-nuit-2-tiroirs-style-scandinave-beige-blanc\/#primaryimage","url":"https:\/\/roomiodz.com\/wp-content\/uploads\/2025\/08\/image00013-1.png?v=1763645556","contentUrl":"https:\/\/roomiodz.com\/wp-content\/uploads\/2025\/08\/image00013-1.png?v=1763645556","width":1024,"height":1536},{"@type":"BreadcrumbList","@id":"https:\/\/roomiodz.com\/index.php\/produit\/table-de-nuit-2-tiroirs-style-scandinave-beige-blanc\/#breadcrumb","itemListElement":[{"@type":"ListItem","position":1,"name":"Accueil","item":"https:\/\/roomiodz.com\/"},{"@type":"ListItem","position":2,"name":"Shop","item":"https:\/\/roomiodz.com\/index.php\/shop\/"},{"@type":"ListItem","position":3,"name":"Table de Nuit 2 Tiroirs \u2013 Style Scandinave Beige &#038; Blanc"}]},{"@type":"WebSite","@id":"https:\/\/roomiodz.com\/#website","url":"https:\/\/roomiodz.com\/","name":"Roomio","description":"Boutique de produits meuble","publisher":{"@id":"https:\/\/roomiodz.com\/#organization"},"potentialAction":[{"@type":"SearchAction","target":{"@type":"EntryPoint","urlTemplate":"https:\/\/roomiodz.com\/?s={search_term_string}"},"query-input":{"@type":"PropertyValueSpecification","valueRequired":true,"valueName":"search_term_string"}}],"inLanguage":"fr-FR"},{"@type":"Organization","@id":"https:\/\/roomiodz.com\/#organization","name":"Roomio","url":"https:\/\/roomiodz.com\/","logo":{"@type":"ImageObject","inLanguage":"fr-FR","@id":"https:\/\/roomiodz.com\/#\/schema\/logo\/image\/","url":"https:\/\/roomiodz.com\/wp-content\/uploads\/2025\/08\/cropped-81bc493f-1539-40d3-ab47-a7b9d2257ff0-2.png","contentUrl":"https:\/\/roomiodz.com\/wp-content\/uploads\/2025\/08\/cropped-81bc493f-1539-40d3-ab47-a7b9d2257ff0-2.png","width":512,"height":512,"caption":"Roomio"},"image":{"@id":"https:\/\/roomiodz.com\/#\/schema\/logo\/image\/"},"sameAs":["https:\/\/web.facebook.com\/profile.php?id=61579361657009"]}]}},"_links":{"self":[{"href":"https:\/\/roomiodz.com\/index.php\/wp-json\/wp\/v2\/product\/27978","targetHints":{"allow":["GET"]}}],"collection":[{"href":"https:\/\/roomiodz.com\/index.php\/wp-json\/wp\/v2\/product"}],"about":[{"href":"https:\/\/roomiodz.com\/index.php\/wp-json\/wp\/v2\/types\/product"}],"version-history":[{"count":2,"href":"https:\/\/roomiodz.com\/index.php\/wp-json\/wp\/v2\/product\/27978\/revisions"}],"predecessor-version":[{"id":28365,"href":"https:\/\/roomiodz.com\/index.php\/wp-json\/wp\/v2\/product\/27978\/revisions\/28365"}],"wp:featuredmedia":[{"embeddable":true,"href":"https:\/\/roomiodz.com\/index.php\/wp-json\/wp\/v2\/media\/28243"}],"wp:attachment":[{"href":"https:\/\/roomiodz.com\/index.php\/wp-json\/wp\/v2\/media?parent=27978"}],"wp:term":[{"taxonomy":"product_brand","embeddable":true,"href":"https:\/\/roomiodz.com\/index.php\/wp-json\/wp\/v2\/product_brand?post=27978"},{"taxonomy":"product_cat","embeddable":true,"href":"https:\/\/roomiodz.com\/index.php\/wp-json\/wp\/v2\/product_cat?post=27978"},{"taxonomy":"product_tag","embeddable":true,"href":"https:\/\/roomiodz.com\/index.php\/wp-json\/wp\/v2\/product_tag?post=27978"}],"curies":[{"name":"wp","href":"https:\/\/api.w.org\/{rel}","templated":true}]}}