{"id":27972,"date":"2025-08-24T17:09:45","date_gmt":"2025-08-24T16:09:45","guid":{"rendered":"https:\/\/roomiodz.com\/?post_type=product&#038;p=27972"},"modified":"2025-09-08T11:47:22","modified_gmt":"2025-09-08T10:47:22","slug":"bouffe-avec-assise-style-scandinave-beige-blanc-copie","status":"publish","type":"product","link":"https:\/\/roomiodz.com\/index.php\/produit\/bouffe-avec-assise-style-scandinave-beige-blanc-copie\/","title":{"rendered":"Pouffe  \u2013 Beige &#038; Blanc"},"content":{"rendered":"<h3 data-start=\"415\" data-end=\"439\">Caract\u00e9ristiques :<\/h3>\n<ul>\n<li data-start=\"214\" data-end=\"248\">\n<p data-start=\"216\" data-end=\"248\"><strong data-start=\"216\" data-end=\"225\">Style<\/strong> : Scandinave moderne<\/p>\n<\/li>\n<li data-start=\"249\" data-end=\"280\">\n<p data-start=\"251\" data-end=\"280\"><strong data-start=\"251\" data-end=\"262\">Couleur<\/strong> : Beige &amp; Blanc<\/p>\n<\/li>\n<li data-start=\"281\" data-end=\"321\">\n<p data-start=\"283\" data-end=\"321\"><strong data-start=\"283\" data-end=\"292\">Pieds<\/strong> : Bois de h\u00eatre scandinave<\/p>\n<\/li>\n<li data-start=\"322\" data-end=\"399\">\n<p data-start=\"324\" data-end=\"399\"><strong data-start=\"324\" data-end=\"334\">Assise<\/strong> : Coussin confortable int\u00e9gr\u00e9 pour s\u2019asseoir lors du chaussage<\/p>\n<\/li>\n<li><strong data-start=\"207\" data-end=\"221\">Dimensions<\/strong> : Largeur\u00a0 <strong>50 cm<\/strong>, Profondeur <strong data-start=\"254\" data-end=\"263\">36 cm<\/strong>, Hauteur <strong data-start=\"273\" data-end=\"282\">40 cm<\/strong><\/li>\n<li data-start=\"400\" data-end=\"533\">\n<p data-start=\"402\" data-end=\"421\"><strong data-start=\"402\" data-end=\"417\">Am\u00e9nagement<\/strong> :<\/p>\n<ul data-start=\"424\" data-end=\"533\">\n<li data-start=\"424\" data-end=\"487\">\n<p data-start=\"426\" data-end=\"487\">2 petites portes pratiques pour le rangement des chaussures<\/p>\n<\/li>\n<li data-start=\"490\" data-end=\"533\">\n<p data-start=\"492\" data-end=\"533\"><strong data-start=\"492\" data-end=\"521\">Poign\u00e9es en bois de h\u00eatre<\/strong> \u00e9l\u00e9gantes<\/p>\n<\/li>\n<\/ul>\n<\/li>\n<\/ul>\n","protected":false},"excerpt":{"rendered":"<p data-start=\"549\" data-end=\"775\">Meuble \u00e0 chaussures scandinave avec assise confortable, id\u00e9al pour combiner rangement et confort. Finition beige et blanc, poign\u00e9es en bois de h\u00eatre et pieds scandinaves pour un style nordique chaleureux et moderne.<\/p>\n","protected":false},"featured_media":28244,"template":"","meta":[],"product_brand":[],"product_cat":[75],"product_tag":[],"class_list":{"0":"post-27972","1":"product","2":"type-product","3":"status-publish","4":"has-post-thumbnail","6":"product_cat-meuble-a-chaussures","8":"first","9":"outofstock","10":"shipping-taxable","11":"purchasable","12":"product-type-simple"},"yoast_head":"<!-- This site is optimized with the Yoast SEO plugin v27.2 - https:\/\/yoast.com\/product\/yoast-seo-wordpress\/ -->\n<title>Pouffe \u2013 Beige &amp; Blanc &#8211; roomio<\/title>\n<meta name=\"robots\" content=\"index, follow, max-snippet:-1, max-image-preview:large, max-video-preview:-1\" \/>\n<link rel=\"canonical\" href=\"https:\/\/roomiodz.com\/index.php\/produit\/bouffe-avec-assise-style-scandinave-beige-blanc-copie\/\" \/>\n<meta property=\"og:locale\" content=\"fr_FR\" \/>\n<meta property=\"og:type\" content=\"article\" \/>\n<meta property=\"og:title\" content=\"Pouffe \u2013 Beige &amp; Blanc &#8211; roomio\" \/>\n<meta property=\"og:description\" content=\"Meuble \u00e0 chaussures scandinave avec assise confortable, id\u00e9al pour combiner rangement et confort. Finition beige et blanc, poign\u00e9es en bois de h\u00eatre et pieds scandinaves pour un style nordique chaleureux et moderne.\" \/>\n<meta property=\"og:url\" content=\"https:\/\/roomiodz.com\/index.php\/produit\/bouffe-avec-assise-style-scandinave-beige-blanc-copie\/\" \/>\n<meta property=\"og:site_name\" content=\"roomio\" \/>\n<meta property=\"article:publisher\" content=\"https:\/\/web.facebook.com\/profile.php?id=61579361657009\" \/>\n<meta property=\"article:modified_time\" content=\"2025-09-08T10:47:22+00:00\" \/>\n<meta property=\"og:image\" content=\"https:\/\/roomiodz.com\/wp-content\/uploads\/2025\/08\/image00004-1.png\" \/>\n\t<meta property=\"og:image:width\" content=\"1024\" \/>\n\t<meta property=\"og:image:height\" content=\"1536\" \/>\n\t<meta property=\"og:image:type\" content=\"image\/png\" \/>\n<meta name=\"twitter:card\" content=\"summary_large_image\" \/>\n<script type=\"application\/ld+json\" class=\"yoast-schema-graph\">{\"@context\":\"https:\/\/schema.org\",\"@graph\":[{\"@type\":\"WebPage\",\"@id\":\"https:\/\/roomiodz.com\/index.php\/produit\/bouffe-avec-assise-style-scandinave-beige-blanc-copie\/\",\"url\":\"https:\/\/roomiodz.com\/index.php\/produit\/bouffe-avec-assise-style-scandinave-beige-blanc-copie\/\",\"name\":\"Pouffe \u2013 Beige & Blanc &#8211; roomio\",\"isPartOf\":{\"@id\":\"https:\/\/roomiodz.com\/#website\"},\"primaryImageOfPage\":{\"@id\":\"https:\/\/roomiodz.com\/index.php\/produit\/bouffe-avec-assise-style-scandinave-beige-blanc-copie\/#primaryimage\"},\"image\":{\"@id\":\"https:\/\/roomiodz.com\/index.php\/produit\/bouffe-avec-assise-style-scandinave-beige-blanc-copie\/#primaryimage\"},\"thumbnailUrl\":\"https:\/\/roomiodz.com\/wp-content\/uploads\/2025\/08\/image00004-1.png?v=1763645553\",\"datePublished\":\"2025-08-24T16:09:45+00:00\",\"dateModified\":\"2025-09-08T10:47:22+00:00\",\"breadcrumb\":{\"@id\":\"https:\/\/roomiodz.com\/index.php\/produit\/bouffe-avec-assise-style-scandinave-beige-blanc-copie\/#breadcrumb\"},\"inLanguage\":\"fr-FR\",\"potentialAction\":[{\"@type\":\"ReadAction\",\"target\":[\"https:\/\/roomiodz.com\/index.php\/produit\/bouffe-avec-assise-style-scandinave-beige-blanc-copie\/\"]}]},{\"@type\":\"ImageObject\",\"inLanguage\":\"fr-FR\",\"@id\":\"https:\/\/roomiodz.com\/index.php\/produit\/bouffe-avec-assise-style-scandinave-beige-blanc-copie\/#primaryimage\",\"url\":\"https:\/\/roomiodz.com\/wp-content\/uploads\/2025\/08\/image00004-1.png?v=1763645553\",\"contentUrl\":\"https:\/\/roomiodz.com\/wp-content\/uploads\/2025\/08\/image00004-1.png?v=1763645553\",\"width\":1024,\"height\":1536},{\"@type\":\"BreadcrumbList\",\"@id\":\"https:\/\/roomiodz.com\/index.php\/produit\/bouffe-avec-assise-style-scandinave-beige-blanc-copie\/#breadcrumb\",\"itemListElement\":[{\"@type\":\"ListItem\",\"position\":1,\"name\":\"Accueil\",\"item\":\"https:\/\/roomiodz.com\/\"},{\"@type\":\"ListItem\",\"position\":2,\"name\":\"Shop\",\"item\":\"https:\/\/roomiodz.com\/index.php\/shop\/\"},{\"@type\":\"ListItem\",\"position\":3,\"name\":\"Pouffe \u2013 Beige &#038; Blanc\"}]},{\"@type\":\"WebSite\",\"@id\":\"https:\/\/roomiodz.com\/#website\",\"url\":\"https:\/\/roomiodz.com\/\",\"name\":\"Roomio\",\"description\":\"Boutique de produits meuble\",\"publisher\":{\"@id\":\"https:\/\/roomiodz.com\/#organization\"},\"potentialAction\":[{\"@type\":\"SearchAction\",\"target\":{\"@type\":\"EntryPoint\",\"urlTemplate\":\"https:\/\/roomiodz.com\/?s={search_term_string}\"},\"query-input\":{\"@type\":\"PropertyValueSpecification\",\"valueRequired\":true,\"valueName\":\"search_term_string\"}}],\"inLanguage\":\"fr-FR\"},{\"@type\":\"Organization\",\"@id\":\"https:\/\/roomiodz.com\/#organization\",\"name\":\"Roomio\",\"url\":\"https:\/\/roomiodz.com\/\",\"logo\":{\"@type\":\"ImageObject\",\"inLanguage\":\"fr-FR\",\"@id\":\"https:\/\/roomiodz.com\/#\/schema\/logo\/image\/\",\"url\":\"https:\/\/roomiodz.com\/wp-content\/uploads\/2025\/08\/cropped-81bc493f-1539-40d3-ab47-a7b9d2257ff0-2.png\",\"contentUrl\":\"https:\/\/roomiodz.com\/wp-content\/uploads\/2025\/08\/cropped-81bc493f-1539-40d3-ab47-a7b9d2257ff0-2.png\",\"width\":512,\"height\":512,\"caption\":\"Roomio\"},\"image\":{\"@id\":\"https:\/\/roomiodz.com\/#\/schema\/logo\/image\/\"},\"sameAs\":[\"https:\/\/web.facebook.com\/profile.php?id=61579361657009\"]}]}<\/script>\n<!-- \/ Yoast SEO plugin. -->","yoast_head_json":{"title":"Pouffe \u2013 Beige & Blanc &#8211; roomio","robots":{"index":"index","follow":"follow","max-snippet":"max-snippet:-1","max-image-preview":"max-image-preview:large","max-video-preview":"max-video-preview:-1"},"canonical":"https:\/\/roomiodz.com\/index.php\/produit\/bouffe-avec-assise-style-scandinave-beige-blanc-copie\/","og_locale":"fr_FR","og_type":"article","og_title":"Pouffe \u2013 Beige & Blanc &#8211; roomio","og_description":"Meuble \u00e0 chaussures scandinave avec assise confortable, id\u00e9al pour combiner rangement et confort. Finition beige et blanc, poign\u00e9es en bois de h\u00eatre et pieds scandinaves pour un style nordique chaleureux et moderne.","og_url":"https:\/\/roomiodz.com\/index.php\/produit\/bouffe-avec-assise-style-scandinave-beige-blanc-copie\/","og_site_name":"roomio","article_publisher":"https:\/\/web.facebook.com\/profile.php?id=61579361657009","article_modified_time":"2025-09-08T10:47:22+00:00","og_image":[{"width":1024,"height":1536,"url":"https:\/\/roomiodz.com\/wp-content\/uploads\/2025\/08\/image00004-1.png","type":"image\/png"}],"twitter_card":"summary_large_image","schema":{"@context":"https:\/\/schema.org","@graph":[{"@type":"WebPage","@id":"https:\/\/roomiodz.com\/index.php\/produit\/bouffe-avec-assise-style-scandinave-beige-blanc-copie\/","url":"https:\/\/roomiodz.com\/index.php\/produit\/bouffe-avec-assise-style-scandinave-beige-blanc-copie\/","name":"Pouffe \u2013 Beige & Blanc &#8211; roomio","isPartOf":{"@id":"https:\/\/roomiodz.com\/#website"},"primaryImageOfPage":{"@id":"https:\/\/roomiodz.com\/index.php\/produit\/bouffe-avec-assise-style-scandinave-beige-blanc-copie\/#primaryimage"},"image":{"@id":"https:\/\/roomiodz.com\/index.php\/produit\/bouffe-avec-assise-style-scandinave-beige-blanc-copie\/#primaryimage"},"thumbnailUrl":"https:\/\/roomiodz.com\/wp-content\/uploads\/2025\/08\/image00004-1.png?v=1763645553","datePublished":"2025-08-24T16:09:45+00:00","dateModified":"2025-09-08T10:47:22+00:00","breadcrumb":{"@id":"https:\/\/roomiodz.com\/index.php\/produit\/bouffe-avec-assise-style-scandinave-beige-blanc-copie\/#breadcrumb"},"inLanguage":"fr-FR","potentialAction":[{"@type":"ReadAction","target":["https:\/\/roomiodz.com\/index.php\/produit\/bouffe-avec-assise-style-scandinave-beige-blanc-copie\/"]}]},{"@type":"ImageObject","inLanguage":"fr-FR","@id":"https:\/\/roomiodz.com\/index.php\/produit\/bouffe-avec-assise-style-scandinave-beige-blanc-copie\/#primaryimage","url":"https:\/\/roomiodz.com\/wp-content\/uploads\/2025\/08\/image00004-1.png?v=1763645553","contentUrl":"https:\/\/roomiodz.com\/wp-content\/uploads\/2025\/08\/image00004-1.png?v=1763645553","width":1024,"height":1536},{"@type":"BreadcrumbList","@id":"https:\/\/roomiodz.com\/index.php\/produit\/bouffe-avec-assise-style-scandinave-beige-blanc-copie\/#breadcrumb","itemListElement":[{"@type":"ListItem","position":1,"name":"Accueil","item":"https:\/\/roomiodz.com\/"},{"@type":"ListItem","position":2,"name":"Shop","item":"https:\/\/roomiodz.com\/index.php\/shop\/"},{"@type":"ListItem","position":3,"name":"Pouffe \u2013 Beige &#038; Blanc"}]},{"@type":"WebSite","@id":"https:\/\/roomiodz.com\/#website","url":"https:\/\/roomiodz.com\/","name":"Roomio","description":"Boutique de produits meuble","publisher":{"@id":"https:\/\/roomiodz.com\/#organization"},"potentialAction":[{"@type":"SearchAction","target":{"@type":"EntryPoint","urlTemplate":"https:\/\/roomiodz.com\/?s={search_term_string}"},"query-input":{"@type":"PropertyValueSpecification","valueRequired":true,"valueName":"search_term_string"}}],"inLanguage":"fr-FR"},{"@type":"Organization","@id":"https:\/\/roomiodz.com\/#organization","name":"Roomio","url":"https:\/\/roomiodz.com\/","logo":{"@type":"ImageObject","inLanguage":"fr-FR","@id":"https:\/\/roomiodz.com\/#\/schema\/logo\/image\/","url":"https:\/\/roomiodz.com\/wp-content\/uploads\/2025\/08\/cropped-81bc493f-1539-40d3-ab47-a7b9d2257ff0-2.png","contentUrl":"https:\/\/roomiodz.com\/wp-content\/uploads\/2025\/08\/cropped-81bc493f-1539-40d3-ab47-a7b9d2257ff0-2.png","width":512,"height":512,"caption":"Roomio"},"image":{"@id":"https:\/\/roomiodz.com\/#\/schema\/logo\/image\/"},"sameAs":["https:\/\/web.facebook.com\/profile.php?id=61579361657009"]}]}},"_links":{"self":[{"href":"https:\/\/roomiodz.com\/index.php\/wp-json\/wp\/v2\/product\/27972","targetHints":{"allow":["GET"]}}],"collection":[{"href":"https:\/\/roomiodz.com\/index.php\/wp-json\/wp\/v2\/product"}],"about":[{"href":"https:\/\/roomiodz.com\/index.php\/wp-json\/wp\/v2\/types\/product"}],"version-history":[{"count":5,"href":"https:\/\/roomiodz.com\/index.php\/wp-json\/wp\/v2\/product\/27972\/revisions"}],"predecessor-version":[{"id":28330,"href":"https:\/\/roomiodz.com\/index.php\/wp-json\/wp\/v2\/product\/27972\/revisions\/28330"}],"wp:featuredmedia":[{"embeddable":true,"href":"https:\/\/roomiodz.com\/index.php\/wp-json\/wp\/v2\/media\/28244"}],"wp:attachment":[{"href":"https:\/\/roomiodz.com\/index.php\/wp-json\/wp\/v2\/media?parent=27972"}],"wp:term":[{"taxonomy":"product_brand","embeddable":true,"href":"https:\/\/roomiodz.com\/index.php\/wp-json\/wp\/v2\/product_brand?post=27972"},{"taxonomy":"product_cat","embeddable":true,"href":"https:\/\/roomiodz.com\/index.php\/wp-json\/wp\/v2\/product_cat?post=27972"},{"taxonomy":"product_tag","embeddable":true,"href":"https:\/\/roomiodz.com\/index.php\/wp-json\/wp\/v2\/product_tag?post=27972"}],"curies":[{"name":"wp","href":"https:\/\/api.w.org\/{rel}","templated":true}]}}