{"id":27969,"date":"2025-08-24T17:03:55","date_gmt":"2025-08-24T16:03:55","guid":{"rendered":"https:\/\/roomiodz.com\/?post_type=product&#038;p=27969"},"modified":"2025-09-08T11:47:27","modified_gmt":"2025-09-08T10:47:27","slug":"bouffe-avec-assise-style-scandinave-beige-blanc","status":"publish","type":"product","link":"https:\/\/roomiodz.com\/index.php\/produit\/bouffe-avec-assise-style-scandinave-beige-blanc\/","title":{"rendered":"Pouffe Style Scandinave Beige &#038; Blanc"},"content":{"rendered":"<h3 data-start=\"415\" data-end=\"439\">Caract\u00e9ristiques :<\/h3>\n<ul>\n<li data-start=\"194\" data-end=\"228\">\n<p data-start=\"196\" data-end=\"228\"><strong data-start=\"196\" data-end=\"205\">Style<\/strong> : Scandinave moderne<\/p>\n<\/li>\n<li data-start=\"229\" data-end=\"260\">\n<p data-start=\"231\" data-end=\"260\"><strong data-start=\"231\" data-end=\"242\">Couleur<\/strong> : Beige &amp; Blanc<\/p>\n<\/li>\n<li data-start=\"261\" data-end=\"301\">\n<p data-start=\"263\" data-end=\"301\"><strong data-start=\"263\" data-end=\"272\">Pieds<\/strong> : Bois de h\u00eatre scandinave<\/p>\n<\/li>\n<li data-start=\"302\" data-end=\"379\">\n<p data-start=\"304\" data-end=\"379\"><strong data-start=\"304\" data-end=\"314\">Assise<\/strong> : Coussin confortable int\u00e9gr\u00e9 pour s\u2019asseoir lors du chaussage<\/p>\n<\/li>\n<li data-start=\"205\" data-end=\"284\">\n<p data-start=\"207\" data-end=\"284\"><strong data-start=\"207\" data-end=\"221\">Dimensions<\/strong> : Largeur\u00a0 <strong>50 cm<\/strong>, Profondeur <strong data-start=\"254\" data-end=\"263\">36 cm<\/strong>, Hauteur <strong data-start=\"273\" data-end=\"282\">40 cm<\/strong><\/p>\n<\/li>\n<li data-start=\"380\" data-end=\"505\">\n<p data-start=\"382\" data-end=\"401\"><strong data-start=\"382\" data-end=\"397\">Am\u00e9nagement<\/strong> :<\/p>\n<ul data-start=\"404\" data-end=\"505\">\n<li data-start=\"404\" data-end=\"467\">\n<p data-start=\"406\" data-end=\"467\">2 petites portes pratiques pour le rangement des chaussures<\/p>\n<\/li>\n<li data-start=\"470\" data-end=\"505\">\n<p data-start=\"472\" data-end=\"505\">Poign\u00e9es rondes design (cercle)<\/p>\n<\/li>\n<\/ul>\n<\/li>\n<\/ul>\n","protected":false},"excerpt":{"rendered":"<p data-start=\"549\" data-end=\"775\">Meuble \u00e0 chaussures scandinave avec assise confortable, parfait pour allier rangement et praticit\u00e9 dans l\u2019entr\u00e9e. Son design beige et blanc avec poign\u00e9es rondes et pieds en bois de h\u00eatre apporte une touche nordique \u00e9l\u00e9gante.<\/p>\n","protected":false},"featured_media":28245,"template":"","meta":[],"product_brand":[],"product_cat":[75],"product_tag":[],"class_list":{"0":"post-27969","1":"product","2":"type-product","3":"status-publish","4":"has-post-thumbnail","6":"product_cat-meuble-a-chaussures","8":"first","9":"outofstock","10":"shipping-taxable","11":"purchasable","12":"product-type-simple"},"yoast_head":"<!-- This site is optimized with the Yoast SEO plugin v27.2 - https:\/\/yoast.com\/product\/yoast-seo-wordpress\/ -->\n<title>Pouffe Style Scandinave Beige &amp; Blanc &#8211; roomio<\/title>\n<meta name=\"robots\" content=\"index, follow, max-snippet:-1, max-image-preview:large, max-video-preview:-1\" \/>\n<link rel=\"canonical\" href=\"https:\/\/roomiodz.com\/index.php\/produit\/bouffe-avec-assise-style-scandinave-beige-blanc\/\" \/>\n<meta property=\"og:locale\" content=\"fr_FR\" \/>\n<meta property=\"og:type\" content=\"article\" \/>\n<meta property=\"og:title\" content=\"Pouffe Style Scandinave Beige &amp; Blanc &#8211; roomio\" \/>\n<meta property=\"og:description\" content=\"Meuble \u00e0 chaussures scandinave avec assise confortable, parfait pour allier rangement et praticit\u00e9 dans l\u2019entr\u00e9e. Son design beige et blanc avec poign\u00e9es rondes et pieds en bois de h\u00eatre apporte une touche nordique \u00e9l\u00e9gante.\" \/>\n<meta property=\"og:url\" content=\"https:\/\/roomiodz.com\/index.php\/produit\/bouffe-avec-assise-style-scandinave-beige-blanc\/\" \/>\n<meta property=\"og:site_name\" content=\"roomio\" \/>\n<meta property=\"article:publisher\" content=\"https:\/\/web.facebook.com\/profile.php?id=61579361657009\" \/>\n<meta property=\"article:modified_time\" content=\"2025-09-08T10:47:27+00:00\" \/>\n<meta property=\"og:image\" content=\"https:\/\/roomiodz.com\/wp-content\/uploads\/2025\/08\/image00001-1.png\" \/>\n\t<meta property=\"og:image:width\" content=\"1024\" \/>\n\t<meta property=\"og:image:height\" content=\"1536\" \/>\n\t<meta property=\"og:image:type\" content=\"image\/png\" \/>\n<meta name=\"twitter:card\" content=\"summary_large_image\" \/>\n<script type=\"application\/ld+json\" class=\"yoast-schema-graph\">{\"@context\":\"https:\/\/schema.org\",\"@graph\":[{\"@type\":\"WebPage\",\"@id\":\"https:\/\/roomiodz.com\/index.php\/produit\/bouffe-avec-assise-style-scandinave-beige-blanc\/\",\"url\":\"https:\/\/roomiodz.com\/index.php\/produit\/bouffe-avec-assise-style-scandinave-beige-blanc\/\",\"name\":\"Pouffe Style Scandinave Beige & Blanc &#8211; roomio\",\"isPartOf\":{\"@id\":\"https:\/\/roomiodz.com\/#website\"},\"primaryImageOfPage\":{\"@id\":\"https:\/\/roomiodz.com\/index.php\/produit\/bouffe-avec-assise-style-scandinave-beige-blanc\/#primaryimage\"},\"image\":{\"@id\":\"https:\/\/roomiodz.com\/index.php\/produit\/bouffe-avec-assise-style-scandinave-beige-blanc\/#primaryimage\"},\"thumbnailUrl\":\"https:\/\/roomiodz.com\/wp-content\/uploads\/2025\/08\/image00001-1.png?v=1763645551\",\"datePublished\":\"2025-08-24T16:03:55+00:00\",\"dateModified\":\"2025-09-08T10:47:27+00:00\",\"breadcrumb\":{\"@id\":\"https:\/\/roomiodz.com\/index.php\/produit\/bouffe-avec-assise-style-scandinave-beige-blanc\/#breadcrumb\"},\"inLanguage\":\"fr-FR\",\"potentialAction\":[{\"@type\":\"ReadAction\",\"target\":[\"https:\/\/roomiodz.com\/index.php\/produit\/bouffe-avec-assise-style-scandinave-beige-blanc\/\"]}]},{\"@type\":\"ImageObject\",\"inLanguage\":\"fr-FR\",\"@id\":\"https:\/\/roomiodz.com\/index.php\/produit\/bouffe-avec-assise-style-scandinave-beige-blanc\/#primaryimage\",\"url\":\"https:\/\/roomiodz.com\/wp-content\/uploads\/2025\/08\/image00001-1.png?v=1763645551\",\"contentUrl\":\"https:\/\/roomiodz.com\/wp-content\/uploads\/2025\/08\/image00001-1.png?v=1763645551\",\"width\":1024,\"height\":1536},{\"@type\":\"BreadcrumbList\",\"@id\":\"https:\/\/roomiodz.com\/index.php\/produit\/bouffe-avec-assise-style-scandinave-beige-blanc\/#breadcrumb\",\"itemListElement\":[{\"@type\":\"ListItem\",\"position\":1,\"name\":\"Accueil\",\"item\":\"https:\/\/roomiodz.com\/\"},{\"@type\":\"ListItem\",\"position\":2,\"name\":\"Shop\",\"item\":\"https:\/\/roomiodz.com\/index.php\/shop\/\"},{\"@type\":\"ListItem\",\"position\":3,\"name\":\"Pouffe Style Scandinave Beige &#038; Blanc\"}]},{\"@type\":\"WebSite\",\"@id\":\"https:\/\/roomiodz.com\/#website\",\"url\":\"https:\/\/roomiodz.com\/\",\"name\":\"Roomio\",\"description\":\"Boutique de produits meuble\",\"publisher\":{\"@id\":\"https:\/\/roomiodz.com\/#organization\"},\"potentialAction\":[{\"@type\":\"SearchAction\",\"target\":{\"@type\":\"EntryPoint\",\"urlTemplate\":\"https:\/\/roomiodz.com\/?s={search_term_string}\"},\"query-input\":{\"@type\":\"PropertyValueSpecification\",\"valueRequired\":true,\"valueName\":\"search_term_string\"}}],\"inLanguage\":\"fr-FR\"},{\"@type\":\"Organization\",\"@id\":\"https:\/\/roomiodz.com\/#organization\",\"name\":\"Roomio\",\"url\":\"https:\/\/roomiodz.com\/\",\"logo\":{\"@type\":\"ImageObject\",\"inLanguage\":\"fr-FR\",\"@id\":\"https:\/\/roomiodz.com\/#\/schema\/logo\/image\/\",\"url\":\"https:\/\/roomiodz.com\/wp-content\/uploads\/2025\/08\/cropped-81bc493f-1539-40d3-ab47-a7b9d2257ff0-2.png\",\"contentUrl\":\"https:\/\/roomiodz.com\/wp-content\/uploads\/2025\/08\/cropped-81bc493f-1539-40d3-ab47-a7b9d2257ff0-2.png\",\"width\":512,\"height\":512,\"caption\":\"Roomio\"},\"image\":{\"@id\":\"https:\/\/roomiodz.com\/#\/schema\/logo\/image\/\"},\"sameAs\":[\"https:\/\/web.facebook.com\/profile.php?id=61579361657009\"]}]}<\/script>\n<!-- \/ Yoast SEO plugin. -->","yoast_head_json":{"title":"Pouffe Style Scandinave Beige & Blanc &#8211; roomio","robots":{"index":"index","follow":"follow","max-snippet":"max-snippet:-1","max-image-preview":"max-image-preview:large","max-video-preview":"max-video-preview:-1"},"canonical":"https:\/\/roomiodz.com\/index.php\/produit\/bouffe-avec-assise-style-scandinave-beige-blanc\/","og_locale":"fr_FR","og_type":"article","og_title":"Pouffe Style Scandinave Beige & Blanc &#8211; roomio","og_description":"Meuble \u00e0 chaussures scandinave avec assise confortable, parfait pour allier rangement et praticit\u00e9 dans l\u2019entr\u00e9e. Son design beige et blanc avec poign\u00e9es rondes et pieds en bois de h\u00eatre apporte une touche nordique \u00e9l\u00e9gante.","og_url":"https:\/\/roomiodz.com\/index.php\/produit\/bouffe-avec-assise-style-scandinave-beige-blanc\/","og_site_name":"roomio","article_publisher":"https:\/\/web.facebook.com\/profile.php?id=61579361657009","article_modified_time":"2025-09-08T10:47:27+00:00","og_image":[{"width":1024,"height":1536,"url":"https:\/\/roomiodz.com\/wp-content\/uploads\/2025\/08\/image00001-1.png","type":"image\/png"}],"twitter_card":"summary_large_image","schema":{"@context":"https:\/\/schema.org","@graph":[{"@type":"WebPage","@id":"https:\/\/roomiodz.com\/index.php\/produit\/bouffe-avec-assise-style-scandinave-beige-blanc\/","url":"https:\/\/roomiodz.com\/index.php\/produit\/bouffe-avec-assise-style-scandinave-beige-blanc\/","name":"Pouffe Style Scandinave Beige & Blanc &#8211; roomio","isPartOf":{"@id":"https:\/\/roomiodz.com\/#website"},"primaryImageOfPage":{"@id":"https:\/\/roomiodz.com\/index.php\/produit\/bouffe-avec-assise-style-scandinave-beige-blanc\/#primaryimage"},"image":{"@id":"https:\/\/roomiodz.com\/index.php\/produit\/bouffe-avec-assise-style-scandinave-beige-blanc\/#primaryimage"},"thumbnailUrl":"https:\/\/roomiodz.com\/wp-content\/uploads\/2025\/08\/image00001-1.png?v=1763645551","datePublished":"2025-08-24T16:03:55+00:00","dateModified":"2025-09-08T10:47:27+00:00","breadcrumb":{"@id":"https:\/\/roomiodz.com\/index.php\/produit\/bouffe-avec-assise-style-scandinave-beige-blanc\/#breadcrumb"},"inLanguage":"fr-FR","potentialAction":[{"@type":"ReadAction","target":["https:\/\/roomiodz.com\/index.php\/produit\/bouffe-avec-assise-style-scandinave-beige-blanc\/"]}]},{"@type":"ImageObject","inLanguage":"fr-FR","@id":"https:\/\/roomiodz.com\/index.php\/produit\/bouffe-avec-assise-style-scandinave-beige-blanc\/#primaryimage","url":"https:\/\/roomiodz.com\/wp-content\/uploads\/2025\/08\/image00001-1.png?v=1763645551","contentUrl":"https:\/\/roomiodz.com\/wp-content\/uploads\/2025\/08\/image00001-1.png?v=1763645551","width":1024,"height":1536},{"@type":"BreadcrumbList","@id":"https:\/\/roomiodz.com\/index.php\/produit\/bouffe-avec-assise-style-scandinave-beige-blanc\/#breadcrumb","itemListElement":[{"@type":"ListItem","position":1,"name":"Accueil","item":"https:\/\/roomiodz.com\/"},{"@type":"ListItem","position":2,"name":"Shop","item":"https:\/\/roomiodz.com\/index.php\/shop\/"},{"@type":"ListItem","position":3,"name":"Pouffe Style Scandinave Beige &#038; Blanc"}]},{"@type":"WebSite","@id":"https:\/\/roomiodz.com\/#website","url":"https:\/\/roomiodz.com\/","name":"Roomio","description":"Boutique de produits meuble","publisher":{"@id":"https:\/\/roomiodz.com\/#organization"},"potentialAction":[{"@type":"SearchAction","target":{"@type":"EntryPoint","urlTemplate":"https:\/\/roomiodz.com\/?s={search_term_string}"},"query-input":{"@type":"PropertyValueSpecification","valueRequired":true,"valueName":"search_term_string"}}],"inLanguage":"fr-FR"},{"@type":"Organization","@id":"https:\/\/roomiodz.com\/#organization","name":"Roomio","url":"https:\/\/roomiodz.com\/","logo":{"@type":"ImageObject","inLanguage":"fr-FR","@id":"https:\/\/roomiodz.com\/#\/schema\/logo\/image\/","url":"https:\/\/roomiodz.com\/wp-content\/uploads\/2025\/08\/cropped-81bc493f-1539-40d3-ab47-a7b9d2257ff0-2.png","contentUrl":"https:\/\/roomiodz.com\/wp-content\/uploads\/2025\/08\/cropped-81bc493f-1539-40d3-ab47-a7b9d2257ff0-2.png","width":512,"height":512,"caption":"Roomio"},"image":{"@id":"https:\/\/roomiodz.com\/#\/schema\/logo\/image\/"},"sameAs":["https:\/\/web.facebook.com\/profile.php?id=61579361657009"]}]}},"_links":{"self":[{"href":"https:\/\/roomiodz.com\/index.php\/wp-json\/wp\/v2\/product\/27969","targetHints":{"allow":["GET"]}}],"collection":[{"href":"https:\/\/roomiodz.com\/index.php\/wp-json\/wp\/v2\/product"}],"about":[{"href":"https:\/\/roomiodz.com\/index.php\/wp-json\/wp\/v2\/types\/product"}],"version-history":[{"count":2,"href":"https:\/\/roomiodz.com\/index.php\/wp-json\/wp\/v2\/product\/27969\/revisions"}],"predecessor-version":[{"id":28329,"href":"https:\/\/roomiodz.com\/index.php\/wp-json\/wp\/v2\/product\/27969\/revisions\/28329"}],"wp:featuredmedia":[{"embeddable":true,"href":"https:\/\/roomiodz.com\/index.php\/wp-json\/wp\/v2\/media\/28245"}],"wp:attachment":[{"href":"https:\/\/roomiodz.com\/index.php\/wp-json\/wp\/v2\/media?parent=27969"}],"wp:term":[{"taxonomy":"product_brand","embeddable":true,"href":"https:\/\/roomiodz.com\/index.php\/wp-json\/wp\/v2\/product_brand?post=27969"},{"taxonomy":"product_cat","embeddable":true,"href":"https:\/\/roomiodz.com\/index.php\/wp-json\/wp\/v2\/product_cat?post=27969"},{"taxonomy":"product_tag","embeddable":true,"href":"https:\/\/roomiodz.com\/index.php\/wp-json\/wp\/v2\/product_tag?post=27969"}],"curies":[{"name":"wp","href":"https:\/\/api.w.org\/{rel}","templated":true}]}}