{"id":27961,"date":"2025-08-24T16:34:52","date_gmt":"2025-08-24T15:34:52","guid":{"rendered":"https:\/\/roomiodz.com\/?post_type=product&#038;p=27961"},"modified":"2025-12-14T17:44:18","modified_gmt":"2025-12-14T16:44:18","slug":"meuble-a-chaussures-2-portes-avec-niche-style-scandinave-beige-blanc","status":"publish","type":"product","link":"https:\/\/roomiodz.com\/index.php\/produit\/meuble-a-chaussures-2-portes-avec-niche-style-scandinave-beige-blanc\/","title":{"rendered":"Meuble \u00e0 Chaussures 2 Portes avec Niche, Beige &#038; Blanc"},"content":{"rendered":"<h3 data-start=\"415\" data-end=\"439\">Caract\u00e9ristiques :<\/h3>\n<ul>\n<li data-start=\"285\" data-end=\"319\">\n<p data-start=\"287\" data-end=\"319\"><strong data-start=\"287\" data-end=\"296\">Style<\/strong> : Scandinave moderne<\/p>\n<\/li>\n<li data-start=\"320\" data-end=\"351\">\n<p data-start=\"322\" data-end=\"351\"><strong data-start=\"322\" data-end=\"333\">Couleur<\/strong> : Beige &amp; Blanc<\/p>\n<\/li>\n<li data-start=\"352\" data-end=\"392\">\n<p data-start=\"354\" data-end=\"392\"><strong data-start=\"354\" data-end=\"363\">Pieds<\/strong> : Bois de h\u00eatre scandinave<\/p>\n<\/li>\n<li data-start=\"393\" data-end=\"427\">\n<p data-start=\"395\" data-end=\"427\"><strong data-start=\"395\" data-end=\"407\">Poign\u00e9es<\/strong> : Corde naturelle<\/p>\n<\/li>\n<li><strong data-start=\"207\" data-end=\"221\">Dimensions<\/strong> : Largeur <strong data-start=\"232\" data-end=\"241\">70 cm<\/strong>, Profondeur <strong data-start=\"254\" data-end=\"263\">30 cm<\/strong>, Hauteur <strong data-start=\"273\" data-end=\"282\">92cm<\/strong><\/li>\n<li data-start=\"428\" data-end=\"577\">\n<p data-start=\"430\" data-end=\"449\"><strong data-start=\"430\" data-end=\"445\">Am\u00e9nagement<\/strong> :<\/p>\n<ul data-start=\"452\" data-end=\"577\">\n<li data-start=\"452\" data-end=\"488\">\n<p data-start=\"454\" data-end=\"488\">2 portes pour rangement organis\u00e9<\/p>\n<\/li>\n<li data-start=\"491\" data-end=\"577\">\n<p data-start=\"493\" data-end=\"577\"><strong data-start=\"493\" data-end=\"526\">Niche ouverte sous les portes<\/strong> pour un acc\u00e8s rapide aux chaussures du quotidien<\/p>\n<\/li>\n<\/ul>\n<\/li>\n<\/ul>\n","protected":false},"excerpt":{"rendered":"<p>Meuble \u00e0 chaussures scandinave 2 portes avec niche ouverte, parfait pour ranger et acc\u00e9der rapidement \u00e0 vos chaussures. Finition beige et blanc, poign\u00e9es en corde et pieds en bois de h\u00eatre pour un style nordique moderne et \u00e9l\u00e9gant.<\/p>\n","protected":false},"featured_media":28247,"template":"","meta":[],"product_brand":[],"product_cat":[75],"product_tag":[],"class_list":{"0":"post-27961","1":"product","2":"type-product","3":"status-publish","4":"has-post-thumbnail","6":"product_cat-meuble-a-chaussures","8":"first","9":"instock","10":"shipping-taxable","11":"purchasable","12":"product-type-simple"},"yoast_head":"<!-- This site is optimized with the Yoast SEO plugin v27.2 - https:\/\/yoast.com\/product\/yoast-seo-wordpress\/ -->\n<title>Meuble \u00e0 Chaussures 2 Portes avec Niche, Beige &amp; Blanc &#8211; roomio<\/title>\n<meta name=\"robots\" content=\"index, follow, max-snippet:-1, max-image-preview:large, max-video-preview:-1\" \/>\n<link rel=\"canonical\" href=\"https:\/\/roomiodz.com\/index.php\/produit\/meuble-a-chaussures-2-portes-avec-niche-style-scandinave-beige-blanc\/\" \/>\n<meta property=\"og:locale\" content=\"fr_FR\" \/>\n<meta property=\"og:type\" content=\"article\" \/>\n<meta property=\"og:title\" content=\"Meuble \u00e0 Chaussures 2 Portes avec Niche, Beige &amp; Blanc &#8211; roomio\" \/>\n<meta property=\"og:description\" content=\"Meuble \u00e0 chaussures scandinave 2 portes avec niche ouverte, parfait pour ranger et acc\u00e9der rapidement \u00e0 vos chaussures. Finition beige et blanc, poign\u00e9es en corde et pieds en bois de h\u00eatre pour un style nordique moderne et \u00e9l\u00e9gant.\" \/>\n<meta property=\"og:url\" content=\"https:\/\/roomiodz.com\/index.php\/produit\/meuble-a-chaussures-2-portes-avec-niche-style-scandinave-beige-blanc\/\" \/>\n<meta property=\"og:site_name\" content=\"roomio\" \/>\n<meta property=\"article:publisher\" content=\"https:\/\/web.facebook.com\/profile.php?id=61579361657009\" \/>\n<meta property=\"article:modified_time\" content=\"2025-12-14T16:44:18+00:00\" \/>\n<meta property=\"og:image\" content=\"https:\/\/roomiodz.com\/wp-content\/uploads\/2025\/08\/image00023-1.png?v=1763645546\" \/>\n\t<meta property=\"og:image:width\" content=\"1024\" \/>\n\t<meta property=\"og:image:height\" content=\"1536\" \/>\n\t<meta property=\"og:image:type\" content=\"image\/png\" \/>\n<meta name=\"twitter:card\" content=\"summary_large_image\" \/>\n<meta name=\"twitter:label1\" content=\"Dur\u00e9e de lecture estim\u00e9e\" \/>\n\t<meta name=\"twitter:data1\" content=\"1 minute\" \/>\n<script type=\"application\/ld+json\" class=\"yoast-schema-graph\">{\"@context\":\"https:\/\/schema.org\",\"@graph\":[{\"@type\":\"WebPage\",\"@id\":\"https:\/\/roomiodz.com\/index.php\/produit\/meuble-a-chaussures-2-portes-avec-niche-style-scandinave-beige-blanc\/\",\"url\":\"https:\/\/roomiodz.com\/index.php\/produit\/meuble-a-chaussures-2-portes-avec-niche-style-scandinave-beige-blanc\/\",\"name\":\"Meuble \u00e0 Chaussures 2 Portes avec Niche, Beige & Blanc &#8211; roomio\",\"isPartOf\":{\"@id\":\"https:\/\/roomiodz.com\/#website\"},\"primaryImageOfPage\":{\"@id\":\"https:\/\/roomiodz.com\/index.php\/produit\/meuble-a-chaussures-2-portes-avec-niche-style-scandinave-beige-blanc\/#primaryimage\"},\"image\":{\"@id\":\"https:\/\/roomiodz.com\/index.php\/produit\/meuble-a-chaussures-2-portes-avec-niche-style-scandinave-beige-blanc\/#primaryimage\"},\"thumbnailUrl\":\"https:\/\/roomiodz.com\/wp-content\/uploads\/2025\/08\/image00023-1.png?v=1763645546\",\"datePublished\":\"2025-08-24T15:34:52+00:00\",\"dateModified\":\"2025-12-14T16:44:18+00:00\",\"breadcrumb\":{\"@id\":\"https:\/\/roomiodz.com\/index.php\/produit\/meuble-a-chaussures-2-portes-avec-niche-style-scandinave-beige-blanc\/#breadcrumb\"},\"inLanguage\":\"fr-FR\",\"potentialAction\":[{\"@type\":\"ReadAction\",\"target\":[\"https:\/\/roomiodz.com\/index.php\/produit\/meuble-a-chaussures-2-portes-avec-niche-style-scandinave-beige-blanc\/\"]}]},{\"@type\":\"ImageObject\",\"inLanguage\":\"fr-FR\",\"@id\":\"https:\/\/roomiodz.com\/index.php\/produit\/meuble-a-chaussures-2-portes-avec-niche-style-scandinave-beige-blanc\/#primaryimage\",\"url\":\"https:\/\/roomiodz.com\/wp-content\/uploads\/2025\/08\/image00023-1.png?v=1763645546\",\"contentUrl\":\"https:\/\/roomiodz.com\/wp-content\/uploads\/2025\/08\/image00023-1.png?v=1763645546\",\"width\":1024,\"height\":1536},{\"@type\":\"BreadcrumbList\",\"@id\":\"https:\/\/roomiodz.com\/index.php\/produit\/meuble-a-chaussures-2-portes-avec-niche-style-scandinave-beige-blanc\/#breadcrumb\",\"itemListElement\":[{\"@type\":\"ListItem\",\"position\":1,\"name\":\"Accueil\",\"item\":\"https:\/\/roomiodz.com\/\"},{\"@type\":\"ListItem\",\"position\":2,\"name\":\"Shop\",\"item\":\"https:\/\/roomiodz.com\/index.php\/shop\/\"},{\"@type\":\"ListItem\",\"position\":3,\"name\":\"Meuble \u00e0 Chaussures 2 Portes avec Niche, Beige &#038; Blanc\"}]},{\"@type\":\"WebSite\",\"@id\":\"https:\/\/roomiodz.com\/#website\",\"url\":\"https:\/\/roomiodz.com\/\",\"name\":\"Roomio\",\"description\":\"Boutique de produits meuble\",\"publisher\":{\"@id\":\"https:\/\/roomiodz.com\/#organization\"},\"potentialAction\":[{\"@type\":\"SearchAction\",\"target\":{\"@type\":\"EntryPoint\",\"urlTemplate\":\"https:\/\/roomiodz.com\/?s={search_term_string}\"},\"query-input\":{\"@type\":\"PropertyValueSpecification\",\"valueRequired\":true,\"valueName\":\"search_term_string\"}}],\"inLanguage\":\"fr-FR\"},{\"@type\":\"Organization\",\"@id\":\"https:\/\/roomiodz.com\/#organization\",\"name\":\"Roomio\",\"url\":\"https:\/\/roomiodz.com\/\",\"logo\":{\"@type\":\"ImageObject\",\"inLanguage\":\"fr-FR\",\"@id\":\"https:\/\/roomiodz.com\/#\/schema\/logo\/image\/\",\"url\":\"https:\/\/roomiodz.com\/wp-content\/uploads\/2025\/08\/cropped-81bc493f-1539-40d3-ab47-a7b9d2257ff0-2.png\",\"contentUrl\":\"https:\/\/roomiodz.com\/wp-content\/uploads\/2025\/08\/cropped-81bc493f-1539-40d3-ab47-a7b9d2257ff0-2.png\",\"width\":512,\"height\":512,\"caption\":\"Roomio\"},\"image\":{\"@id\":\"https:\/\/roomiodz.com\/#\/schema\/logo\/image\/\"},\"sameAs\":[\"https:\/\/web.facebook.com\/profile.php?id=61579361657009\"]}]}<\/script>\n<!-- \/ Yoast SEO plugin. -->","yoast_head_json":{"title":"Meuble \u00e0 Chaussures 2 Portes avec Niche, Beige & Blanc &#8211; roomio","robots":{"index":"index","follow":"follow","max-snippet":"max-snippet:-1","max-image-preview":"max-image-preview:large","max-video-preview":"max-video-preview:-1"},"canonical":"https:\/\/roomiodz.com\/index.php\/produit\/meuble-a-chaussures-2-portes-avec-niche-style-scandinave-beige-blanc\/","og_locale":"fr_FR","og_type":"article","og_title":"Meuble \u00e0 Chaussures 2 Portes avec Niche, Beige & Blanc &#8211; roomio","og_description":"Meuble \u00e0 chaussures scandinave 2 portes avec niche ouverte, parfait pour ranger et acc\u00e9der rapidement \u00e0 vos chaussures. Finition beige et blanc, poign\u00e9es en corde et pieds en bois de h\u00eatre pour un style nordique moderne et \u00e9l\u00e9gant.","og_url":"https:\/\/roomiodz.com\/index.php\/produit\/meuble-a-chaussures-2-portes-avec-niche-style-scandinave-beige-blanc\/","og_site_name":"roomio","article_publisher":"https:\/\/web.facebook.com\/profile.php?id=61579361657009","article_modified_time":"2025-12-14T16:44:18+00:00","og_image":[{"width":1024,"height":1536,"url":"https:\/\/roomiodz.com\/wp-content\/uploads\/2025\/08\/image00023-1.png?v=1763645546","type":"image\/png"}],"twitter_card":"summary_large_image","twitter_misc":{"Dur\u00e9e de lecture estim\u00e9e":"1 minute"},"schema":{"@context":"https:\/\/schema.org","@graph":[{"@type":"WebPage","@id":"https:\/\/roomiodz.com\/index.php\/produit\/meuble-a-chaussures-2-portes-avec-niche-style-scandinave-beige-blanc\/","url":"https:\/\/roomiodz.com\/index.php\/produit\/meuble-a-chaussures-2-portes-avec-niche-style-scandinave-beige-blanc\/","name":"Meuble \u00e0 Chaussures 2 Portes avec Niche, Beige & Blanc &#8211; roomio","isPartOf":{"@id":"https:\/\/roomiodz.com\/#website"},"primaryImageOfPage":{"@id":"https:\/\/roomiodz.com\/index.php\/produit\/meuble-a-chaussures-2-portes-avec-niche-style-scandinave-beige-blanc\/#primaryimage"},"image":{"@id":"https:\/\/roomiodz.com\/index.php\/produit\/meuble-a-chaussures-2-portes-avec-niche-style-scandinave-beige-blanc\/#primaryimage"},"thumbnailUrl":"https:\/\/roomiodz.com\/wp-content\/uploads\/2025\/08\/image00023-1.png?v=1763645546","datePublished":"2025-08-24T15:34:52+00:00","dateModified":"2025-12-14T16:44:18+00:00","breadcrumb":{"@id":"https:\/\/roomiodz.com\/index.php\/produit\/meuble-a-chaussures-2-portes-avec-niche-style-scandinave-beige-blanc\/#breadcrumb"},"inLanguage":"fr-FR","potentialAction":[{"@type":"ReadAction","target":["https:\/\/roomiodz.com\/index.php\/produit\/meuble-a-chaussures-2-portes-avec-niche-style-scandinave-beige-blanc\/"]}]},{"@type":"ImageObject","inLanguage":"fr-FR","@id":"https:\/\/roomiodz.com\/index.php\/produit\/meuble-a-chaussures-2-portes-avec-niche-style-scandinave-beige-blanc\/#primaryimage","url":"https:\/\/roomiodz.com\/wp-content\/uploads\/2025\/08\/image00023-1.png?v=1763645546","contentUrl":"https:\/\/roomiodz.com\/wp-content\/uploads\/2025\/08\/image00023-1.png?v=1763645546","width":1024,"height":1536},{"@type":"BreadcrumbList","@id":"https:\/\/roomiodz.com\/index.php\/produit\/meuble-a-chaussures-2-portes-avec-niche-style-scandinave-beige-blanc\/#breadcrumb","itemListElement":[{"@type":"ListItem","position":1,"name":"Accueil","item":"https:\/\/roomiodz.com\/"},{"@type":"ListItem","position":2,"name":"Shop","item":"https:\/\/roomiodz.com\/index.php\/shop\/"},{"@type":"ListItem","position":3,"name":"Meuble \u00e0 Chaussures 2 Portes avec Niche, Beige &#038; Blanc"}]},{"@type":"WebSite","@id":"https:\/\/roomiodz.com\/#website","url":"https:\/\/roomiodz.com\/","name":"Roomio","description":"Boutique de produits meuble","publisher":{"@id":"https:\/\/roomiodz.com\/#organization"},"potentialAction":[{"@type":"SearchAction","target":{"@type":"EntryPoint","urlTemplate":"https:\/\/roomiodz.com\/?s={search_term_string}"},"query-input":{"@type":"PropertyValueSpecification","valueRequired":true,"valueName":"search_term_string"}}],"inLanguage":"fr-FR"},{"@type":"Organization","@id":"https:\/\/roomiodz.com\/#organization","name":"Roomio","url":"https:\/\/roomiodz.com\/","logo":{"@type":"ImageObject","inLanguage":"fr-FR","@id":"https:\/\/roomiodz.com\/#\/schema\/logo\/image\/","url":"https:\/\/roomiodz.com\/wp-content\/uploads\/2025\/08\/cropped-81bc493f-1539-40d3-ab47-a7b9d2257ff0-2.png","contentUrl":"https:\/\/roomiodz.com\/wp-content\/uploads\/2025\/08\/cropped-81bc493f-1539-40d3-ab47-a7b9d2257ff0-2.png","width":512,"height":512,"caption":"Roomio"},"image":{"@id":"https:\/\/roomiodz.com\/#\/schema\/logo\/image\/"},"sameAs":["https:\/\/web.facebook.com\/profile.php?id=61579361657009"]}]}},"_links":{"self":[{"href":"https:\/\/roomiodz.com\/index.php\/wp-json\/wp\/v2\/product\/27961","targetHints":{"allow":["GET"]}}],"collection":[{"href":"https:\/\/roomiodz.com\/index.php\/wp-json\/wp\/v2\/product"}],"about":[{"href":"https:\/\/roomiodz.com\/index.php\/wp-json\/wp\/v2\/types\/product"}],"version-history":[{"count":4,"href":"https:\/\/roomiodz.com\/index.php\/wp-json\/wp\/v2\/product\/27961\/revisions"}],"predecessor-version":[{"id":28978,"href":"https:\/\/roomiodz.com\/index.php\/wp-json\/wp\/v2\/product\/27961\/revisions\/28978"}],"wp:featuredmedia":[{"embeddable":true,"href":"https:\/\/roomiodz.com\/index.php\/wp-json\/wp\/v2\/media\/28247"}],"wp:attachment":[{"href":"https:\/\/roomiodz.com\/index.php\/wp-json\/wp\/v2\/media?parent=27961"}],"wp:term":[{"taxonomy":"product_brand","embeddable":true,"href":"https:\/\/roomiodz.com\/index.php\/wp-json\/wp\/v2\/product_brand?post=27961"},{"taxonomy":"product_cat","embeddable":true,"href":"https:\/\/roomiodz.com\/index.php\/wp-json\/wp\/v2\/product_cat?post=27961"},{"taxonomy":"product_tag","embeddable":true,"href":"https:\/\/roomiodz.com\/index.php\/wp-json\/wp\/v2\/product_tag?post=27961"}],"curies":[{"name":"wp","href":"https:\/\/api.w.org\/{rel}","templated":true}]}}