{"id":27954,"date":"2025-08-24T16:27:24","date_gmt":"2025-08-24T15:27:24","guid":{"rendered":"https:\/\/roomiodz.com\/?post_type=product&#038;p=27954"},"modified":"2025-12-10T22:02:41","modified_gmt":"2025-12-10T21:02:41","slug":"commode-4-tiroirs-beige-blanc-style-scandinave","status":"publish","type":"product","link":"https:\/\/roomiodz.com\/index.php\/produit\/commode-4-tiroirs-beige-blanc-style-scandinave\/","title":{"rendered":"Commode 4 Tiroirs Beige &#038; Blanc \u2013 Style Scandinave"},"content":{"rendered":"<blockquote>\n<h3 data-start=\"415\" data-end=\"439\">Caract\u00e9ristiques :<\/h3>\n<\/blockquote>\n<ul data-start=\"440\" data-end=\"827\">\n<li data-start=\"512\" data-end=\"576\">\n<p data-start=\"514\" data-end=\"576\"><strong data-start=\"514\" data-end=\"535\">Design scandinave<\/strong> : lignes \u00e9pur\u00e9es et style contemporain<\/p>\n<\/li>\n<li data-start=\"577\" data-end=\"661\">\n<p data-start=\"579\" data-end=\"661\"><strong data-start=\"579\" data-end=\"597\">Fonctionnalit\u00e9<\/strong> : 4 tiroirs spacieux pour optimiser votre espace de rangement<\/p>\n<\/li>\n<li data-start=\"662\" data-end=\"740\">\n<p data-start=\"664\" data-end=\"740\"><strong data-start=\"664\" data-end=\"677\">Finitions<\/strong> : poign\u00e9es et pieds en bois de h\u00eatre, solides et esth\u00e9tiques<\/p>\n<\/li>\n<li data-start=\"741\" data-end=\"827\">\n<p data-start=\"743\" data-end=\"827\"><strong data-start=\"743\" data-end=\"756\">Praticit\u00e9<\/strong> : stabilit\u00e9 et hauteur id\u00e9ale pour un usage confortable au quotidien<\/p>\n<\/li>\n<li><strong data-start=\"442\" data-end=\"456\">Dimensions<\/strong> : Profondeur 34 cm \u00d7 Largeur \u00a070cm \u00d7 Hauteur 96cm<\/li>\n<\/ul>\n<p data-start=\"829\" data-end=\"950\">Cette commode est parfaite pour une chambre, un salon ou un bureau, alliant <strong data-start=\"905\" data-end=\"947\">praticit\u00e9, robustesse et style moderne<\/strong>.<\/p>\n","protected":false},"excerpt":{"rendered":"<p data-start=\"117\" data-end=\"372\">Apportez de l\u2019\u00e9l\u00e9gance et du rangement \u00e0 votre int\u00e9rieur avec cette <strong data-start=\"226\" data-end=\"255\">commode moderne 4 tiroirs<\/strong> au design scandinave. Sa finition <strong data-start=\"290\" data-end=\"308\">beige et blanc<\/strong> associ\u00e9e aux <strong data-start=\"322\" data-end=\"360\">poign\u00e9es et pieds en bois de h\u00eatre<\/strong> lui conf\u00e8re un style naturel, sobre et chaleureux.<\/p>\n","protected":false},"featured_media":28950,"template":"","meta":[],"product_brand":[],"product_cat":[73],"product_tag":[],"class_list":{"0":"post-27954","1":"product","2":"type-product","3":"status-publish","4":"has-post-thumbnail","6":"product_cat-commode","8":"first","9":"instock","10":"shipping-taxable","11":"purchasable","12":"product-type-simple"},"yoast_head":"<!-- This site is optimized with the Yoast SEO plugin v27.2 - https:\/\/yoast.com\/product\/yoast-seo-wordpress\/ -->\n<title>Commode 4 Tiroirs Beige &amp; Blanc \u2013 Style Scandinave &#8211; roomio<\/title>\n<meta name=\"robots\" content=\"index, follow, max-snippet:-1, max-image-preview:large, max-video-preview:-1\" \/>\n<link rel=\"canonical\" href=\"https:\/\/roomiodz.com\/index.php\/produit\/commode-4-tiroirs-beige-blanc-style-scandinave\/\" \/>\n<meta property=\"og:locale\" content=\"fr_FR\" \/>\n<meta property=\"og:type\" content=\"article\" \/>\n<meta property=\"og:title\" content=\"Commode 4 Tiroirs Beige &amp; Blanc \u2013 Style Scandinave &#8211; roomio\" \/>\n<meta property=\"og:description\" content=\"Apportez de l\u2019\u00e9l\u00e9gance et du rangement \u00e0 votre int\u00e9rieur avec cette commode moderne 4 tiroirs au design scandinave. Sa finition beige et blanc associ\u00e9e aux poign\u00e9es et pieds en bois de h\u00eatre lui conf\u00e8re un style naturel, sobre et chaleureux.\" \/>\n<meta property=\"og:url\" content=\"https:\/\/roomiodz.com\/index.php\/produit\/commode-4-tiroirs-beige-blanc-style-scandinave\/\" \/>\n<meta property=\"og:site_name\" content=\"roomio\" \/>\n<meta property=\"article:publisher\" content=\"https:\/\/web.facebook.com\/profile.php?id=61579361657009\" \/>\n<meta property=\"article:modified_time\" content=\"2025-12-10T21:02:41+00:00\" \/>\n<meta property=\"og:image\" content=\"https:\/\/roomiodz.com\/wp-content\/uploads\/2025\/08\/commode-4tiroirs-beige-blanc.jpg\" \/>\n\t<meta property=\"og:image:width\" content=\"747\" \/>\n\t<meta property=\"og:image:height\" content=\"1024\" \/>\n\t<meta property=\"og:image:type\" content=\"image\/jpeg\" \/>\n<meta name=\"twitter:card\" content=\"summary_large_image\" \/>\n<meta name=\"twitter:label1\" content=\"Dur\u00e9e de lecture estim\u00e9e\" \/>\n\t<meta name=\"twitter:data1\" content=\"1 minute\" \/>\n<script type=\"application\/ld+json\" class=\"yoast-schema-graph\">{\"@context\":\"https:\/\/schema.org\",\"@graph\":[{\"@type\":\"WebPage\",\"@id\":\"https:\/\/roomiodz.com\/index.php\/produit\/commode-4-tiroirs-beige-blanc-style-scandinave\/\",\"url\":\"https:\/\/roomiodz.com\/index.php\/produit\/commode-4-tiroirs-beige-blanc-style-scandinave\/\",\"name\":\"Commode 4 Tiroirs Beige & Blanc \u2013 Style Scandinave &#8211; roomio\",\"isPartOf\":{\"@id\":\"https:\/\/roomiodz.com\/#website\"},\"primaryImageOfPage\":{\"@id\":\"https:\/\/roomiodz.com\/index.php\/produit\/commode-4-tiroirs-beige-blanc-style-scandinave\/#primaryimage\"},\"image\":{\"@id\":\"https:\/\/roomiodz.com\/index.php\/produit\/commode-4-tiroirs-beige-blanc-style-scandinave\/#primaryimage\"},\"thumbnailUrl\":\"https:\/\/roomiodz.com\/wp-content\/uploads\/2025\/08\/commode-4tiroirs-beige-blanc.jpg\",\"datePublished\":\"2025-08-24T15:27:24+00:00\",\"dateModified\":\"2025-12-10T21:02:41+00:00\",\"breadcrumb\":{\"@id\":\"https:\/\/roomiodz.com\/index.php\/produit\/commode-4-tiroirs-beige-blanc-style-scandinave\/#breadcrumb\"},\"inLanguage\":\"fr-FR\",\"potentialAction\":[{\"@type\":\"ReadAction\",\"target\":[\"https:\/\/roomiodz.com\/index.php\/produit\/commode-4-tiroirs-beige-blanc-style-scandinave\/\"]}]},{\"@type\":\"ImageObject\",\"inLanguage\":\"fr-FR\",\"@id\":\"https:\/\/roomiodz.com\/index.php\/produit\/commode-4-tiroirs-beige-blanc-style-scandinave\/#primaryimage\",\"url\":\"https:\/\/roomiodz.com\/wp-content\/uploads\/2025\/08\/commode-4tiroirs-beige-blanc.jpg\",\"contentUrl\":\"https:\/\/roomiodz.com\/wp-content\/uploads\/2025\/08\/commode-4tiroirs-beige-blanc.jpg\",\"width\":747,\"height\":1024},{\"@type\":\"BreadcrumbList\",\"@id\":\"https:\/\/roomiodz.com\/index.php\/produit\/commode-4-tiroirs-beige-blanc-style-scandinave\/#breadcrumb\",\"itemListElement\":[{\"@type\":\"ListItem\",\"position\":1,\"name\":\"Accueil\",\"item\":\"https:\/\/roomiodz.com\/\"},{\"@type\":\"ListItem\",\"position\":2,\"name\":\"Shop\",\"item\":\"https:\/\/roomiodz.com\/index.php\/shop\/\"},{\"@type\":\"ListItem\",\"position\":3,\"name\":\"Commode 4 Tiroirs Beige &#038; Blanc \u2013 Style Scandinave\"}]},{\"@type\":\"WebSite\",\"@id\":\"https:\/\/roomiodz.com\/#website\",\"url\":\"https:\/\/roomiodz.com\/\",\"name\":\"Roomio\",\"description\":\"Boutique de produits meuble\",\"publisher\":{\"@id\":\"https:\/\/roomiodz.com\/#organization\"},\"potentialAction\":[{\"@type\":\"SearchAction\",\"target\":{\"@type\":\"EntryPoint\",\"urlTemplate\":\"https:\/\/roomiodz.com\/?s={search_term_string}\"},\"query-input\":{\"@type\":\"PropertyValueSpecification\",\"valueRequired\":true,\"valueName\":\"search_term_string\"}}],\"inLanguage\":\"fr-FR\"},{\"@type\":\"Organization\",\"@id\":\"https:\/\/roomiodz.com\/#organization\",\"name\":\"Roomio\",\"url\":\"https:\/\/roomiodz.com\/\",\"logo\":{\"@type\":\"ImageObject\",\"inLanguage\":\"fr-FR\",\"@id\":\"https:\/\/roomiodz.com\/#\/schema\/logo\/image\/\",\"url\":\"https:\/\/roomiodz.com\/wp-content\/uploads\/2025\/08\/cropped-81bc493f-1539-40d3-ab47-a7b9d2257ff0-2.png\",\"contentUrl\":\"https:\/\/roomiodz.com\/wp-content\/uploads\/2025\/08\/cropped-81bc493f-1539-40d3-ab47-a7b9d2257ff0-2.png\",\"width\":512,\"height\":512,\"caption\":\"Roomio\"},\"image\":{\"@id\":\"https:\/\/roomiodz.com\/#\/schema\/logo\/image\/\"},\"sameAs\":[\"https:\/\/web.facebook.com\/profile.php?id=61579361657009\"]}]}<\/script>\n<!-- \/ Yoast SEO plugin. -->","yoast_head_json":{"title":"Commode 4 Tiroirs Beige & Blanc \u2013 Style Scandinave &#8211; roomio","robots":{"index":"index","follow":"follow","max-snippet":"max-snippet:-1","max-image-preview":"max-image-preview:large","max-video-preview":"max-video-preview:-1"},"canonical":"https:\/\/roomiodz.com\/index.php\/produit\/commode-4-tiroirs-beige-blanc-style-scandinave\/","og_locale":"fr_FR","og_type":"article","og_title":"Commode 4 Tiroirs Beige & Blanc \u2013 Style Scandinave &#8211; roomio","og_description":"Apportez de l\u2019\u00e9l\u00e9gance et du rangement \u00e0 votre int\u00e9rieur avec cette commode moderne 4 tiroirs au design scandinave. Sa finition beige et blanc associ\u00e9e aux poign\u00e9es et pieds en bois de h\u00eatre lui conf\u00e8re un style naturel, sobre et chaleureux.","og_url":"https:\/\/roomiodz.com\/index.php\/produit\/commode-4-tiroirs-beige-blanc-style-scandinave\/","og_site_name":"roomio","article_publisher":"https:\/\/web.facebook.com\/profile.php?id=61579361657009","article_modified_time":"2025-12-10T21:02:41+00:00","og_image":[{"width":747,"height":1024,"url":"https:\/\/roomiodz.com\/wp-content\/uploads\/2025\/08\/commode-4tiroirs-beige-blanc.jpg","type":"image\/jpeg"}],"twitter_card":"summary_large_image","twitter_misc":{"Dur\u00e9e de lecture estim\u00e9e":"1 minute"},"schema":{"@context":"https:\/\/schema.org","@graph":[{"@type":"WebPage","@id":"https:\/\/roomiodz.com\/index.php\/produit\/commode-4-tiroirs-beige-blanc-style-scandinave\/","url":"https:\/\/roomiodz.com\/index.php\/produit\/commode-4-tiroirs-beige-blanc-style-scandinave\/","name":"Commode 4 Tiroirs Beige & Blanc \u2013 Style Scandinave &#8211; roomio","isPartOf":{"@id":"https:\/\/roomiodz.com\/#website"},"primaryImageOfPage":{"@id":"https:\/\/roomiodz.com\/index.php\/produit\/commode-4-tiroirs-beige-blanc-style-scandinave\/#primaryimage"},"image":{"@id":"https:\/\/roomiodz.com\/index.php\/produit\/commode-4-tiroirs-beige-blanc-style-scandinave\/#primaryimage"},"thumbnailUrl":"https:\/\/roomiodz.com\/wp-content\/uploads\/2025\/08\/commode-4tiroirs-beige-blanc.jpg","datePublished":"2025-08-24T15:27:24+00:00","dateModified":"2025-12-10T21:02:41+00:00","breadcrumb":{"@id":"https:\/\/roomiodz.com\/index.php\/produit\/commode-4-tiroirs-beige-blanc-style-scandinave\/#breadcrumb"},"inLanguage":"fr-FR","potentialAction":[{"@type":"ReadAction","target":["https:\/\/roomiodz.com\/index.php\/produit\/commode-4-tiroirs-beige-blanc-style-scandinave\/"]}]},{"@type":"ImageObject","inLanguage":"fr-FR","@id":"https:\/\/roomiodz.com\/index.php\/produit\/commode-4-tiroirs-beige-blanc-style-scandinave\/#primaryimage","url":"https:\/\/roomiodz.com\/wp-content\/uploads\/2025\/08\/commode-4tiroirs-beige-blanc.jpg","contentUrl":"https:\/\/roomiodz.com\/wp-content\/uploads\/2025\/08\/commode-4tiroirs-beige-blanc.jpg","width":747,"height":1024},{"@type":"BreadcrumbList","@id":"https:\/\/roomiodz.com\/index.php\/produit\/commode-4-tiroirs-beige-blanc-style-scandinave\/#breadcrumb","itemListElement":[{"@type":"ListItem","position":1,"name":"Accueil","item":"https:\/\/roomiodz.com\/"},{"@type":"ListItem","position":2,"name":"Shop","item":"https:\/\/roomiodz.com\/index.php\/shop\/"},{"@type":"ListItem","position":3,"name":"Commode 4 Tiroirs Beige &#038; Blanc \u2013 Style Scandinave"}]},{"@type":"WebSite","@id":"https:\/\/roomiodz.com\/#website","url":"https:\/\/roomiodz.com\/","name":"Roomio","description":"Boutique de produits meuble","publisher":{"@id":"https:\/\/roomiodz.com\/#organization"},"potentialAction":[{"@type":"SearchAction","target":{"@type":"EntryPoint","urlTemplate":"https:\/\/roomiodz.com\/?s={search_term_string}"},"query-input":{"@type":"PropertyValueSpecification","valueRequired":true,"valueName":"search_term_string"}}],"inLanguage":"fr-FR"},{"@type":"Organization","@id":"https:\/\/roomiodz.com\/#organization","name":"Roomio","url":"https:\/\/roomiodz.com\/","logo":{"@type":"ImageObject","inLanguage":"fr-FR","@id":"https:\/\/roomiodz.com\/#\/schema\/logo\/image\/","url":"https:\/\/roomiodz.com\/wp-content\/uploads\/2025\/08\/cropped-81bc493f-1539-40d3-ab47-a7b9d2257ff0-2.png","contentUrl":"https:\/\/roomiodz.com\/wp-content\/uploads\/2025\/08\/cropped-81bc493f-1539-40d3-ab47-a7b9d2257ff0-2.png","width":512,"height":512,"caption":"Roomio"},"image":{"@id":"https:\/\/roomiodz.com\/#\/schema\/logo\/image\/"},"sameAs":["https:\/\/web.facebook.com\/profile.php?id=61579361657009"]}]}},"_links":{"self":[{"href":"https:\/\/roomiodz.com\/index.php\/wp-json\/wp\/v2\/product\/27954","targetHints":{"allow":["GET"]}}],"collection":[{"href":"https:\/\/roomiodz.com\/index.php\/wp-json\/wp\/v2\/product"}],"about":[{"href":"https:\/\/roomiodz.com\/index.php\/wp-json\/wp\/v2\/types\/product"}],"version-history":[{"count":6,"href":"https:\/\/roomiodz.com\/index.php\/wp-json\/wp\/v2\/product\/27954\/revisions"}],"predecessor-version":[{"id":28951,"href":"https:\/\/roomiodz.com\/index.php\/wp-json\/wp\/v2\/product\/27954\/revisions\/28951"}],"wp:featuredmedia":[{"embeddable":true,"href":"https:\/\/roomiodz.com\/index.php\/wp-json\/wp\/v2\/media\/28950"}],"wp:attachment":[{"href":"https:\/\/roomiodz.com\/index.php\/wp-json\/wp\/v2\/media?parent=27954"}],"wp:term":[{"taxonomy":"product_brand","embeddable":true,"href":"https:\/\/roomiodz.com\/index.php\/wp-json\/wp\/v2\/product_brand?post=27954"},{"taxonomy":"product_cat","embeddable":true,"href":"https:\/\/roomiodz.com\/index.php\/wp-json\/wp\/v2\/product_cat?post=27954"},{"taxonomy":"product_tag","embeddable":true,"href":"https:\/\/roomiodz.com\/index.php\/wp-json\/wp\/v2\/product_tag?post=27954"}],"curies":[{"name":"wp","href":"https:\/\/api.w.org\/{rel}","templated":true}]}}